{"id":6915,"date":"2025-07-28T06:13:48","date_gmt":"2025-07-28T04:13:48","guid":{"rendered":"https:\/\/www.collectifsrefugiesdromevaucluse.fr\/?page_id=6915"},"modified":"2025-07-28T06:13:50","modified_gmt":"2025-07-28T04:13:50","slug":"dieulefit","status":"publish","type":"page","link":"https:\/\/www.collectifsrefugiesdromevaucluse.fr\/index.php\/dieulefit\/","title":{"rendered":"DIEULEFIT"},"content":{"rendered":"\n<h1 class=\"wp-block-heading\"><a href=\"https:\/\/www.passerellesasso.fr\/\">Passerelles<\/a><\/h1>\n\n\n\n<div class=\"wp-block-columns is-layout-flex wp-container-core-columns-is-layout-28f84493 wp-block-columns-is-layout-flex\">\n<div class=\"wp-block-column is-layout-flow wp-block-column-is-layout-flow\" style=\"flex-basis:66.66%\">\n<p>Notre association s\u2019est donn\u00e9e pour mission d\u2019accueillir et d\u2019accompagner des personnes exil\u00e9es,et d\u2019informer et de former sur les probl\u00e9matiques de la migration et de l\u2019accueil. En ce d\u00e9but d\u2019ann\u00e9e 2025, Passerelles a lanc\u00e9 la COOP LUCETTE pour acqu\u00e9rir un bien, le r\u00e9nover et ouvrir la Maison Accueillante de Dieulefit . Nous sommes aujourd\u2019hui \u00e0 plus de 240 soucripteurs, et 220 000 euros de souscriptions. Nos voiles se gonflent ! Vous pouvez vous joindre au mouvement en prenant des parts sociales, en vue de l\u2019achat le 30 juin.<\/p>\n<\/div>\n\n\n\n<div class=\"wp-block-column is-layout-flow wp-block-column-is-layout-flow\" style=\"flex-basis:33.33%\">\n<figure class=\"wp-block-image\"><img decoding=\"async\" src=\"https:\/\/www.passerellesasso.fr\/wp-content\/uploads\/2025\/05\/bandeau-edifice-2-web.jpg\" alt=\"\" class=\"wp-image-4388\" title=\"bandeau edifice 2 web\"\/><\/figure>\n<\/div>\n<\/div>\n\n\n\n<p><strong><a href=\"https:\/\/www.passerellesasso.fr\/\">Vers le site Passerelles<\/a><\/strong><\/p>\n\n\n\n<p><\/p>\n","protected":false},"excerpt":{"rendered":"<p>Passerelles Notre association s\u2019est donn\u00e9e pour mission d\u2019accueillir et d\u2019accompagner des personnes exil\u00e9es,et d\u2019informer et de former sur les probl\u00e9matiques de la migration et de l\u2019accueil. En ce d\u00e9but d\u2019ann\u00e9e 2025, Passerelles a lanc\u00e9 la COOP LUCETTE pour acqu\u00e9rir un bien, le r\u00e9nover et ouvrir la Maison Accueillante de Dieulefit . Nous sommes aujourd\u2019hui \u00e0 [&hellip;]<\/p>\n","protected":false},"author":2,"featured_media":0,"parent":0,"menu_order":0,"comment_status":"closed","ping_status":"closed","template":"","meta":{"footnotes":""},"class_list":["post-6915","page","type-page","status-publish","hentry"],"yoast_head":"<!-- This site is optimized with the Yoast SEO plugin v27.5 - https:\/\/yoast.com\/product\/yoast-seo-wordpress\/ -->\n<title>DIEULEFIT - Collectifs pour l&#039;accueil des r\u00e9fugi\u00e9s en dr\u00f4me et vaucluse<\/title>\n<meta name=\"robots\" content=\"index, follow, max-snippet:-1, max-image-preview:large, max-video-preview:-1\" \/>\n<link rel=\"canonical\" href=\"https:\/\/www.collectifsrefugiesdromevaucluse.fr\/index.php\/dieulefit\/\" \/>\n<meta property=\"og:locale\" content=\"fr_FR\" \/>\n<meta property=\"og:type\" content=\"article\" \/>\n<meta property=\"og:title\" content=\"DIEULEFIT - Collectifs pour l&#039;accueil des r\u00e9fugi\u00e9s en dr\u00f4me et vaucluse\" \/>\n<meta property=\"og:description\" content=\"Passerelles Notre association s\u2019est donn\u00e9e pour mission d\u2019accueillir et d\u2019accompagner des personnes exil\u00e9es,et d\u2019informer et de former sur les probl\u00e9matiques de la migration et de l\u2019accueil. En ce d\u00e9but d\u2019ann\u00e9e 2025, Passerelles a lanc\u00e9 la COOP LUCETTE pour acqu\u00e9rir un bien, le r\u00e9nover et ouvrir la Maison Accueillante de Dieulefit . Nous sommes aujourd\u2019hui \u00e0 [&hellip;]\" \/>\n<meta property=\"og:url\" content=\"https:\/\/www.collectifsrefugiesdromevaucluse.fr\/index.php\/dieulefit\/\" \/>\n<meta property=\"og:site_name\" content=\"Collectifs pour l&#039;accueil des r\u00e9fugi\u00e9s en dr\u00f4me et vaucluse\" \/>\n<meta property=\"article:modified_time\" content=\"2025-07-28T04:13:50+00:00\" \/>\n<meta name=\"twitter:card\" content=\"summary_large_image\" \/>\n<meta name=\"twitter:label1\" content=\"Dur\u00e9e de lecture estim\u00e9e\" \/>\n\t<meta name=\"twitter:data1\" content=\"1 minute\" \/>\n<script type=\"application\/ld+json\" class=\"yoast-schema-graph\">{\"@context\":\"https:\\\/\\\/schema.org\",\"@graph\":[{\"@type\":\"WebPage\",\"@id\":\"https:\\\/\\\/www.collectifsrefugiesdromevaucluse.fr\\\/index.php\\\/dieulefit\\\/\",\"url\":\"https:\\\/\\\/www.collectifsrefugiesdromevaucluse.fr\\\/index.php\\\/dieulefit\\\/\",\"name\":\"DIEULEFIT - Collectifs pour l&#039;accueil des r\u00e9fugi\u00e9s en dr\u00f4me et vaucluse\",\"isPartOf\":{\"@id\":\"https:\\\/\\\/www.collectifsrefugiesdromevaucluse.fr\\\/#website\"},\"primaryImageOfPage\":{\"@id\":\"https:\\\/\\\/www.collectifsrefugiesdromevaucluse.fr\\\/index.php\\\/dieulefit\\\/#primaryimage\"},\"image\":{\"@id\":\"https:\\\/\\\/www.collectifsrefugiesdromevaucluse.fr\\\/index.php\\\/dieulefit\\\/#primaryimage\"},\"thumbnailUrl\":\"https:\\\/\\\/www.passerellesasso.fr\\\/wp-content\\\/uploads\\\/2025\\\/05\\\/bandeau-edifice-2-web.jpg\",\"datePublished\":\"2025-07-28T04:13:48+00:00\",\"dateModified\":\"2025-07-28T04:13:50+00:00\",\"breadcrumb\":{\"@id\":\"https:\\\/\\\/www.collectifsrefugiesdromevaucluse.fr\\\/index.php\\\/dieulefit\\\/#breadcrumb\"},\"inLanguage\":\"fr-FR\",\"potentialAction\":[{\"@type\":\"ReadAction\",\"target\":[\"https:\\\/\\\/www.collectifsrefugiesdromevaucluse.fr\\\/index.php\\\/dieulefit\\\/\"]}]},{\"@type\":\"ImageObject\",\"inLanguage\":\"fr-FR\",\"@id\":\"https:\\\/\\\/www.collectifsrefugiesdromevaucluse.fr\\\/index.php\\\/dieulefit\\\/#primaryimage\",\"url\":\"https:\\\/\\\/www.passerellesasso.fr\\\/wp-content\\\/uploads\\\/2025\\\/05\\\/bandeau-edifice-2-web.jpg\",\"contentUrl\":\"https:\\\/\\\/www.passerellesasso.fr\\\/wp-content\\\/uploads\\\/2025\\\/05\\\/bandeau-edifice-2-web.jpg\"},{\"@type\":\"BreadcrumbList\",\"@id\":\"https:\\\/\\\/www.collectifsrefugiesdromevaucluse.fr\\\/index.php\\\/dieulefit\\\/#breadcrumb\",\"itemListElement\":[{\"@type\":\"ListItem\",\"position\":1,\"name\":\"Accueil\",\"item\":\"https:\\\/\\\/www.collectifsrefugiesdromevaucluse.fr\\\/\"},{\"@type\":\"ListItem\",\"position\":2,\"name\":\"DIEULEFIT\"}]},{\"@type\":\"WebSite\",\"@id\":\"https:\\\/\\\/www.collectifsrefugiesdromevaucluse.fr\\\/#website\",\"url\":\"https:\\\/\\\/www.collectifsrefugiesdromevaucluse.fr\\\/\",\"name\":\"Collectifs pour l'accueil des r\u00e9fugi\u00e9s en dr\u00f4me et vaucluse\",\"description\":\"L&#039;accueil des r\u00e9fugi\u00e9s en Dr\u00f4me et Vaucluse\",\"publisher\":{\"@id\":\"https:\\\/\\\/www.collectifsrefugiesdromevaucluse.fr\\\/#organization\"},\"potentialAction\":[{\"@type\":\"SearchAction\",\"target\":{\"@type\":\"EntryPoint\",\"urlTemplate\":\"https:\\\/\\\/www.collectifsrefugiesdromevaucluse.fr\\\/?s={search_term_string}\"},\"query-input\":{\"@type\":\"PropertyValueSpecification\",\"valueRequired\":true,\"valueName\":\"search_term_string\"}}],\"inLanguage\":\"fr-FR\"},{\"@type\":\"Organization\",\"@id\":\"https:\\\/\\\/www.collectifsrefugiesdromevaucluse.fr\\\/#organization\",\"name\":\"Collectifs pour l'accueil des r\u00e9fugi\u00e9s en dr\u00f4me et vaucluse\",\"url\":\"https:\\\/\\\/www.collectifsrefugiesdromevaucluse.fr\\\/\",\"logo\":{\"@type\":\"ImageObject\",\"inLanguage\":\"fr-FR\",\"@id\":\"https:\\\/\\\/www.collectifsrefugiesdromevaucluse.fr\\\/#\\\/schema\\\/logo\\\/image\\\/\",\"url\":\"https:\\\/\\\/www.collectifsrefugiesdromevaucluse.fr\\\/wp-content\\\/uploads\\\/2026\\\/02\\\/Logo-MP.png\",\"contentUrl\":\"https:\\\/\\\/www.collectifsrefugiesdromevaucluse.fr\\\/wp-content\\\/uploads\\\/2026\\\/02\\\/Logo-MP.png\",\"width\":802,\"height\":734,\"caption\":\"Collectifs pour l'accueil des r\u00e9fugi\u00e9s en dr\u00f4me et vaucluse\"},\"image\":{\"@id\":\"https:\\\/\\\/www.collectifsrefugiesdromevaucluse.fr\\\/#\\\/schema\\\/logo\\\/image\\\/\"}}]}<\/script>\n<!-- \/ Yoast SEO plugin. -->","yoast_head_json":{"title":"DIEULEFIT - Collectifs pour l&#039;accueil des r\u00e9fugi\u00e9s en dr\u00f4me et vaucluse","robots":{"index":"index","follow":"follow","max-snippet":"max-snippet:-1","max-image-preview":"max-image-preview:large","max-video-preview":"max-video-preview:-1"},"canonical":"https:\/\/www.collectifsrefugiesdromevaucluse.fr\/index.php\/dieulefit\/","og_locale":"fr_FR","og_type":"article","og_title":"DIEULEFIT - Collectifs pour l&#039;accueil des r\u00e9fugi\u00e9s en dr\u00f4me et vaucluse","og_description":"Passerelles Notre association s\u2019est donn\u00e9e pour mission d\u2019accueillir et d\u2019accompagner des personnes exil\u00e9es,et d\u2019informer et de former sur les probl\u00e9matiques de la migration et de l\u2019accueil. En ce d\u00e9but d\u2019ann\u00e9e 2025, Passerelles a lanc\u00e9 la COOP LUCETTE pour acqu\u00e9rir un bien, le r\u00e9nover et ouvrir la Maison Accueillante de Dieulefit . Nous sommes aujourd\u2019hui \u00e0 [&hellip;]","og_url":"https:\/\/www.collectifsrefugiesdromevaucluse.fr\/index.php\/dieulefit\/","og_site_name":"Collectifs pour l&#039;accueil des r\u00e9fugi\u00e9s en dr\u00f4me et vaucluse","article_modified_time":"2025-07-28T04:13:50+00:00","twitter_card":"summary_large_image","twitter_misc":{"Dur\u00e9e de lecture estim\u00e9e":"1 minute"},"schema":{"@context":"https:\/\/schema.org","@graph":[{"@type":"WebPage","@id":"https:\/\/www.collectifsrefugiesdromevaucluse.fr\/index.php\/dieulefit\/","url":"https:\/\/www.collectifsrefugiesdromevaucluse.fr\/index.php\/dieulefit\/","name":"DIEULEFIT - Collectifs pour l&#039;accueil des r\u00e9fugi\u00e9s en dr\u00f4me et vaucluse","isPartOf":{"@id":"https:\/\/www.collectifsrefugiesdromevaucluse.fr\/#website"},"primaryImageOfPage":{"@id":"https:\/\/www.collectifsrefugiesdromevaucluse.fr\/index.php\/dieulefit\/#primaryimage"},"image":{"@id":"https:\/\/www.collectifsrefugiesdromevaucluse.fr\/index.php\/dieulefit\/#primaryimage"},"thumbnailUrl":"https:\/\/www.passerellesasso.fr\/wp-content\/uploads\/2025\/05\/bandeau-edifice-2-web.jpg","datePublished":"2025-07-28T04:13:48+00:00","dateModified":"2025-07-28T04:13:50+00:00","breadcrumb":{"@id":"https:\/\/www.collectifsrefugiesdromevaucluse.fr\/index.php\/dieulefit\/#breadcrumb"},"inLanguage":"fr-FR","potentialAction":[{"@type":"ReadAction","target":["https:\/\/www.collectifsrefugiesdromevaucluse.fr\/index.php\/dieulefit\/"]}]},{"@type":"ImageObject","inLanguage":"fr-FR","@id":"https:\/\/www.collectifsrefugiesdromevaucluse.fr\/index.php\/dieulefit\/#primaryimage","url":"https:\/\/www.passerellesasso.fr\/wp-content\/uploads\/2025\/05\/bandeau-edifice-2-web.jpg","contentUrl":"https:\/\/www.passerellesasso.fr\/wp-content\/uploads\/2025\/05\/bandeau-edifice-2-web.jpg"},{"@type":"BreadcrumbList","@id":"https:\/\/www.collectifsrefugiesdromevaucluse.fr\/index.php\/dieulefit\/#breadcrumb","itemListElement":[{"@type":"ListItem","position":1,"name":"Accueil","item":"https:\/\/www.collectifsrefugiesdromevaucluse.fr\/"},{"@type":"ListItem","position":2,"name":"DIEULEFIT"}]},{"@type":"WebSite","@id":"https:\/\/www.collectifsrefugiesdromevaucluse.fr\/#website","url":"https:\/\/www.collectifsrefugiesdromevaucluse.fr\/","name":"Collectifs pour l'accueil des r\u00e9fugi\u00e9s en dr\u00f4me et vaucluse","description":"L&#039;accueil des r\u00e9fugi\u00e9s en Dr\u00f4me et Vaucluse","publisher":{"@id":"https:\/\/www.collectifsrefugiesdromevaucluse.fr\/#organization"},"potentialAction":[{"@type":"SearchAction","target":{"@type":"EntryPoint","urlTemplate":"https:\/\/www.collectifsrefugiesdromevaucluse.fr\/?s={search_term_string}"},"query-input":{"@type":"PropertyValueSpecification","valueRequired":true,"valueName":"search_term_string"}}],"inLanguage":"fr-FR"},{"@type":"Organization","@id":"https:\/\/www.collectifsrefugiesdromevaucluse.fr\/#organization","name":"Collectifs pour l'accueil des r\u00e9fugi\u00e9s en dr\u00f4me et vaucluse","url":"https:\/\/www.collectifsrefugiesdromevaucluse.fr\/","logo":{"@type":"ImageObject","inLanguage":"fr-FR","@id":"https:\/\/www.collectifsrefugiesdromevaucluse.fr\/#\/schema\/logo\/image\/","url":"https:\/\/www.collectifsrefugiesdromevaucluse.fr\/wp-content\/uploads\/2026\/02\/Logo-MP.png","contentUrl":"https:\/\/www.collectifsrefugiesdromevaucluse.fr\/wp-content\/uploads\/2026\/02\/Logo-MP.png","width":802,"height":734,"caption":"Collectifs pour l'accueil des r\u00e9fugi\u00e9s en dr\u00f4me et vaucluse"},"image":{"@id":"https:\/\/www.collectifsrefugiesdromevaucluse.fr\/#\/schema\/logo\/image\/"}}]}},"jetpack_sharing_enabled":true,"_links":{"self":[{"href":"https:\/\/www.collectifsrefugiesdromevaucluse.fr\/index.php\/wp-json\/wp\/v2\/pages\/6915","targetHints":{"allow":["GET"]}}],"collection":[{"href":"https:\/\/www.collectifsrefugiesdromevaucluse.fr\/index.php\/wp-json\/wp\/v2\/pages"}],"about":[{"href":"https:\/\/www.collectifsrefugiesdromevaucluse.fr\/index.php\/wp-json\/wp\/v2\/types\/page"}],"author":[{"embeddable":true,"href":"https:\/\/www.collectifsrefugiesdromevaucluse.fr\/index.php\/wp-json\/wp\/v2\/users\/2"}],"replies":[{"embeddable":true,"href":"https:\/\/www.collectifsrefugiesdromevaucluse.fr\/index.php\/wp-json\/wp\/v2\/comments?post=6915"}],"version-history":[{"count":1,"href":"https:\/\/www.collectifsrefugiesdromevaucluse.fr\/index.php\/wp-json\/wp\/v2\/pages\/6915\/revisions"}],"predecessor-version":[{"id":6916,"href":"https:\/\/www.collectifsrefugiesdromevaucluse.fr\/index.php\/wp-json\/wp\/v2\/pages\/6915\/revisions\/6916"}],"wp:attachment":[{"href":"https:\/\/www.collectifsrefugiesdromevaucluse.fr\/index.php\/wp-json\/wp\/v2\/media?parent=6915"}],"curies":[{"name":"wp","href":"https:\/\/api.w.org\/{rel}","templated":true}]}}