{"id":6798,"date":"2018-12-12T13:00:43","date_gmt":"2018-12-12T12:00:43","guid":{"rendered":"https:\/\/refugiescollectifsdromesud.wordpress.com\/?page_id=1267"},"modified":"2026-05-05T22:15:07","modified_gmt":"2026-05-05T20:15:07","slug":"26-buis-les-baronnies","status":"publish","type":"page","link":"https:\/\/www.collectifsrefugiesdromevaucluse.fr\/index.php\/comites-2\/26-buis-les-baronnies\/","title":{"rendered":"Buis-les-Baronnies"},"content":{"rendered":"\n<div class=\"wp-block-buttons has-custom-font-size has-small-font-size is-content-justification-right is-nowrap is-layout-flex wp-container-core-buttons-is-layout-5355fa85 wp-block-buttons-is-layout-flex\" style=\"font-style:normal;font-weight:100\">\n<div class=\"wp-block-button is-style-outline is-style-outline--1\"><a class=\"wp-block-button__link has-pale-cyan-blue-background-color has-background wp-element-button\" href=\"https:\/\/www.collectifsrefugiesdromevaucluse.fr\/index.php\/wp-docs\/\">Lien page adh\u00e9rents<\/a><\/div>\n<\/div>\n\n\n\n<p class=\"has-text-align-left has-text-color has-link-color has-medium-font-size wp-elements-584a58abcf9deb09f6118653e00dbed5\" style=\"color:#f07b64\"><marquee behavior=\"alternate\"><strong><a href=\"https:\/\/www.collectifsrefugiesdromevaucluse.fr\/index.php\/actualites-du-buis\/\">Buis Accueil R\u00e9fugi\u00e9s (BAR) ; Notre histoire<\/a><\/strong><\/marquee><\/p>\n\n\n\n<p class=\"has-foreground-color has-text-color has-link-color has-normal-font-size wp-elements-8d6417620dc7735a9fee2c0d6a4959dd\">Le Comit\u00e9 Buis Accueil R\u00e9fugi\u00e9s s\u2019est cr\u00e9\u00e9 fin mars 2017. Une famille soudanaise est alors accueillie \u00e0 Buis et accompagn\u00e9e jusqu\u2019en juin 2018.<\/p>\n\n\n\n<p>Contact\u00e9 par <a href=\"http:\/\/www.educationsansfrontieres.org:8080\/?page=contacts&amp;id_rubrique=190\"><em>R\u00e9seau Education Sans Fronti\u00e8res&nbsp;<\/em><\/a>d\u2019Avignon en avril 2018, le comit\u00e9 prend en charge quatre mineurs isol\u00e9s, qui sont accueillis dans quatre familles. Cet accueil pr\u00e9vu pour deux mois se prolonge. Accompagner ces jeunes et leur redonner espoir en l\u2019avenir&nbsp;: un chemin difficile et sem\u00e9 d\u2019emb\u00fbches, pour eux comme pour nous.<\/p>\n\n\n\n<p>Une famille d\u2019origine ivoirienne arrive en septembre 2018&nbsp;; elle est h\u00e9berg\u00e9e actuellement pr\u00e8s de Buis, en attendant d\u2019obtenir un logement.Le Comit\u00e9 se r\u00e9unit r\u00e9guli\u00e8rement. Il est en voie de se constituer en association.&nbsp;Il est reli\u00e9 \u00e0 la Plateforme pour l\u2019Accueil des R\u00e9fugi\u00e9s en Dr\u00f4me Ard\u00e8che Vaucluse (CARDAV), apr\u00e8s avoir adh\u00e9r\u00e9 comme quinze autres comit\u00e9s pr\u00e9sents dans la r\u00e9gion \u00e0 la charte de cette plateforme&nbsp;:<\/p>\n\n\n\n<p><em>&#8220;Fondamentalement, nous, comit\u00e9s d&#8217;accueil de r\u00e9fugi\u00e9s, accueillons r\u00e9fugi\u00e9s et exil\u00e9s parce qu&#8217;ils sont des \u00eatres humains comme nous, quelles que soient leur origine, leur nationalit\u00e9, leur religion, leurs convictions.<\/em><\/p>\n\n\n\n<p><em>Puisque l&#8217;humain est pour nous premier, nous souhaitons les recevoir avec l&#8217;ouverture, la bienveillance, l&#8217;esprit de solidarit\u00e9 et d\u2019hospitalit\u00e9 que nous d\u00e9sirons pour l&#8217;ensemble de la soci\u00e9t\u00e9.<\/em><\/p>\n\n\n\n<p><em>Puisque l&#8217;humain est pour nous premier, en les aidant, nous d\u00e9fendons et prot\u00e9geons leurs droits&nbsp; fondamentaux, selon la Convention de Gen\u00e8ve sur les R\u00e9fugi\u00e9s et la D\u00e9claration Universelle des Droits humains, plus que la lettre des lois.&#8221;<\/em><\/p>\n\n\n\n<p>Le Comit\u00e9 est reli\u00e9 \u00e0 des associations locales et nationales telles que l\u2019Association familiale de Buis, Intervalle, URD, RESF, La Cimade, Amnesty, la Ligue des Droits de l\u2019Homme. Il participe \u00e0 des actions communes&nbsp;: l\u2019hiver dernier, collecte de biens et de fonds en faveur des comit\u00e9s brian\u00e7onnais prenant en charge les migrants venant d\u2019Italie par les Alpes, Marche La Roya-Calais cet \u00e9t\u00e9 et, tout r\u00e9cemment, le rassemblement national&nbsp;<a href=\"http:\/\/www.sosmediterranee.fr\/journal-de-bord\/CP-SaveAquarius-28-09-2018\"><em>Sauvons l\u2019Aquarius<\/em><\/a><em>.&nbsp;<\/em>Il a rejoint les <a href=\"https:\/\/eg-migrations.org\/\"><em>Etats G\u00e9n\u00e9raux des Migrations<\/em><\/a>, vaste mouvement qui tente de porter un autre regard sur le ph\u00e9nom\u00e8ne migratoire et de proposer des solutions plus humaines.<\/p>\n\n\n\n<p>adresse mail&nbsp;:<strong> <\/strong><a href=\"buisaccueilrefugies@gmail.com\"><strong>buisaccueilrefugies@gmail.com<\/strong><\/a><\/p>\n\n\n\n<p>Lien vers le <a href=\"https:\/\/collect.cluster021.hosting.ovh.net\/index.php\/bulletin-dadhesion\/\" data-type=\"page\" data-id=\"6444\" target=\"_blank\" rel=\"noreferrer noopener\">Bulletin d&#8217;adh\u00e9sion<\/a><\/p>\n\n\n\n<p><\/p>\n","protected":false},"excerpt":{"rendered":"<p>Buis Accueil R\u00e9fugi\u00e9s (BAR) ; Notre histoire Le Comit\u00e9 Buis Accueil R\u00e9fugi\u00e9s s\u2019est cr\u00e9\u00e9 fin mars 2017. Une famille soudanaise est alors accueillie \u00e0 Buis et accompagn\u00e9e jusqu\u2019en juin 2018. Contact\u00e9 par R\u00e9seau Education Sans Fronti\u00e8res&nbsp;d\u2019Avignon en avril 2018, le comit\u00e9 prend en charge quatre mineurs isol\u00e9s, qui sont accueillis dans quatre familles. Cet accueil [&hellip;]<\/p>\n","protected":false},"author":1,"featured_media":0,"parent":6802,"menu_order":0,"comment_status":"closed","ping_status":"closed","template":"","meta":{"footnotes":""},"class_list":["post-6798","page","type-page","status-publish","hentry"],"yoast_head":"<!-- This site is optimized with the Yoast SEO plugin v27.5 - https:\/\/yoast.com\/product\/yoast-seo-wordpress\/ -->\n<title>Buis-les-Baronnies - Collectifs pour l&#039;accueil des r\u00e9fugi\u00e9s en dr\u00f4me et vaucluse<\/title>\n<meta name=\"robots\" content=\"index, follow, max-snippet:-1, max-image-preview:large, max-video-preview:-1\" \/>\n<link rel=\"canonical\" href=\"https:\/\/www.collectifsrefugiesdromevaucluse.fr\/index.php\/comites-2\/26-buis-les-baronnies\/\" \/>\n<meta property=\"og:locale\" content=\"fr_FR\" \/>\n<meta property=\"og:type\" content=\"article\" \/>\n<meta property=\"og:title\" content=\"Buis-les-Baronnies - Collectifs pour l&#039;accueil des r\u00e9fugi\u00e9s en dr\u00f4me et vaucluse\" \/>\n<meta property=\"og:description\" content=\"Buis Accueil R\u00e9fugi\u00e9s (BAR) ; Notre histoire Le Comit\u00e9 Buis Accueil R\u00e9fugi\u00e9s s\u2019est cr\u00e9\u00e9 fin mars 2017. Une famille soudanaise est alors accueillie \u00e0 Buis et accompagn\u00e9e jusqu\u2019en juin 2018. Contact\u00e9 par R\u00e9seau Education Sans Fronti\u00e8res&nbsp;d\u2019Avignon en avril 2018, le comit\u00e9 prend en charge quatre mineurs isol\u00e9s, qui sont accueillis dans quatre familles. Cet accueil [&hellip;]\" \/>\n<meta property=\"og:url\" content=\"https:\/\/www.collectifsrefugiesdromevaucluse.fr\/index.php\/comites-2\/26-buis-les-baronnies\/\" \/>\n<meta property=\"og:site_name\" content=\"Collectifs pour l&#039;accueil des r\u00e9fugi\u00e9s en dr\u00f4me et vaucluse\" \/>\n<meta property=\"article:modified_time\" content=\"2026-05-05T20:15:07+00:00\" \/>\n<meta name=\"twitter:card\" content=\"summary_large_image\" \/>\n<meta name=\"twitter:label1\" content=\"Dur\u00e9e de lecture estim\u00e9e\" \/>\n\t<meta name=\"twitter:data1\" content=\"2 minutes\" \/>\n<script type=\"application\/ld+json\" class=\"yoast-schema-graph\">{\"@context\":\"https:\\\/\\\/schema.org\",\"@graph\":[{\"@type\":\"WebPage\",\"@id\":\"https:\\\/\\\/www.collectifsrefugiesdromevaucluse.fr\\\/index.php\\\/comites-2\\\/26-buis-les-baronnies\\\/\",\"url\":\"https:\\\/\\\/www.collectifsrefugiesdromevaucluse.fr\\\/index.php\\\/comites-2\\\/26-buis-les-baronnies\\\/\",\"name\":\"Buis-les-Baronnies - Collectifs pour l&#039;accueil des r\u00e9fugi\u00e9s en dr\u00f4me et vaucluse\",\"isPartOf\":{\"@id\":\"https:\\\/\\\/www.collectifsrefugiesdromevaucluse.fr\\\/#website\"},\"datePublished\":\"2018-12-12T12:00:43+00:00\",\"dateModified\":\"2026-05-05T20:15:07+00:00\",\"breadcrumb\":{\"@id\":\"https:\\\/\\\/www.collectifsrefugiesdromevaucluse.fr\\\/index.php\\\/comites-2\\\/26-buis-les-baronnies\\\/#breadcrumb\"},\"inLanguage\":\"fr-FR\",\"potentialAction\":[{\"@type\":\"ReadAction\",\"target\":[\"https:\\\/\\\/www.collectifsrefugiesdromevaucluse.fr\\\/index.php\\\/comites-2\\\/26-buis-les-baronnies\\\/\"]}]},{\"@type\":\"BreadcrumbList\",\"@id\":\"https:\\\/\\\/www.collectifsrefugiesdromevaucluse.fr\\\/index.php\\\/comites-2\\\/26-buis-les-baronnies\\\/#breadcrumb\",\"itemListElement\":[{\"@type\":\"ListItem\",\"position\":1,\"name\":\"Accueil\",\"item\":\"https:\\\/\\\/www.collectifsrefugiesdromevaucluse.fr\\\/\"},{\"@type\":\"ListItem\",\"position\":2,\"name\":\"Collectifs\",\"item\":\"https:\\\/\\\/www.collectifsrefugiesdromevaucluse.fr\\\/index.php\\\/comites-2\\\/\"},{\"@type\":\"ListItem\",\"position\":3,\"name\":\"Buis-les-Baronnies\"}]},{\"@type\":\"WebSite\",\"@id\":\"https:\\\/\\\/www.collectifsrefugiesdromevaucluse.fr\\\/#website\",\"url\":\"https:\\\/\\\/www.collectifsrefugiesdromevaucluse.fr\\\/\",\"name\":\"Collectifs pour l'accueil des r\u00e9fugi\u00e9s en dr\u00f4me et vaucluse\",\"description\":\"L&#039;accueil des r\u00e9fugi\u00e9s en Dr\u00f4me et Vaucluse\",\"publisher\":{\"@id\":\"https:\\\/\\\/www.collectifsrefugiesdromevaucluse.fr\\\/#organization\"},\"potentialAction\":[{\"@type\":\"SearchAction\",\"target\":{\"@type\":\"EntryPoint\",\"urlTemplate\":\"https:\\\/\\\/www.collectifsrefugiesdromevaucluse.fr\\\/?s={search_term_string}\"},\"query-input\":{\"@type\":\"PropertyValueSpecification\",\"valueRequired\":true,\"valueName\":\"search_term_string\"}}],\"inLanguage\":\"fr-FR\"},{\"@type\":\"Organization\",\"@id\":\"https:\\\/\\\/www.collectifsrefugiesdromevaucluse.fr\\\/#organization\",\"name\":\"Collectifs pour l'accueil des r\u00e9fugi\u00e9s en dr\u00f4me et vaucluse\",\"url\":\"https:\\\/\\\/www.collectifsrefugiesdromevaucluse.fr\\\/\",\"logo\":{\"@type\":\"ImageObject\",\"inLanguage\":\"fr-FR\",\"@id\":\"https:\\\/\\\/www.collectifsrefugiesdromevaucluse.fr\\\/#\\\/schema\\\/logo\\\/image\\\/\",\"url\":\"https:\\\/\\\/www.collectifsrefugiesdromevaucluse.fr\\\/wp-content\\\/uploads\\\/2026\\\/02\\\/Logo-MP.png\",\"contentUrl\":\"https:\\\/\\\/www.collectifsrefugiesdromevaucluse.fr\\\/wp-content\\\/uploads\\\/2026\\\/02\\\/Logo-MP.png\",\"width\":802,\"height\":734,\"caption\":\"Collectifs pour l'accueil des r\u00e9fugi\u00e9s en dr\u00f4me et vaucluse\"},\"image\":{\"@id\":\"https:\\\/\\\/www.collectifsrefugiesdromevaucluse.fr\\\/#\\\/schema\\\/logo\\\/image\\\/\"}}]}<\/script>\n<!-- \/ Yoast SEO plugin. -->","yoast_head_json":{"title":"Buis-les-Baronnies - Collectifs pour l&#039;accueil des r\u00e9fugi\u00e9s en dr\u00f4me et vaucluse","robots":{"index":"index","follow":"follow","max-snippet":"max-snippet:-1","max-image-preview":"max-image-preview:large","max-video-preview":"max-video-preview:-1"},"canonical":"https:\/\/www.collectifsrefugiesdromevaucluse.fr\/index.php\/comites-2\/26-buis-les-baronnies\/","og_locale":"fr_FR","og_type":"article","og_title":"Buis-les-Baronnies - Collectifs pour l&#039;accueil des r\u00e9fugi\u00e9s en dr\u00f4me et vaucluse","og_description":"Buis Accueil R\u00e9fugi\u00e9s (BAR) ; Notre histoire Le Comit\u00e9 Buis Accueil R\u00e9fugi\u00e9s s\u2019est cr\u00e9\u00e9 fin mars 2017. Une famille soudanaise est alors accueillie \u00e0 Buis et accompagn\u00e9e jusqu\u2019en juin 2018. Contact\u00e9 par R\u00e9seau Education Sans Fronti\u00e8res&nbsp;d\u2019Avignon en avril 2018, le comit\u00e9 prend en charge quatre mineurs isol\u00e9s, qui sont accueillis dans quatre familles. Cet accueil [&hellip;]","og_url":"https:\/\/www.collectifsrefugiesdromevaucluse.fr\/index.php\/comites-2\/26-buis-les-baronnies\/","og_site_name":"Collectifs pour l&#039;accueil des r\u00e9fugi\u00e9s en dr\u00f4me et vaucluse","article_modified_time":"2026-05-05T20:15:07+00:00","twitter_card":"summary_large_image","twitter_misc":{"Dur\u00e9e de lecture estim\u00e9e":"2 minutes"},"schema":{"@context":"https:\/\/schema.org","@graph":[{"@type":"WebPage","@id":"https:\/\/www.collectifsrefugiesdromevaucluse.fr\/index.php\/comites-2\/26-buis-les-baronnies\/","url":"https:\/\/www.collectifsrefugiesdromevaucluse.fr\/index.php\/comites-2\/26-buis-les-baronnies\/","name":"Buis-les-Baronnies - Collectifs pour l&#039;accueil des r\u00e9fugi\u00e9s en dr\u00f4me et vaucluse","isPartOf":{"@id":"https:\/\/www.collectifsrefugiesdromevaucluse.fr\/#website"},"datePublished":"2018-12-12T12:00:43+00:00","dateModified":"2026-05-05T20:15:07+00:00","breadcrumb":{"@id":"https:\/\/www.collectifsrefugiesdromevaucluse.fr\/index.php\/comites-2\/26-buis-les-baronnies\/#breadcrumb"},"inLanguage":"fr-FR","potentialAction":[{"@type":"ReadAction","target":["https:\/\/www.collectifsrefugiesdromevaucluse.fr\/index.php\/comites-2\/26-buis-les-baronnies\/"]}]},{"@type":"BreadcrumbList","@id":"https:\/\/www.collectifsrefugiesdromevaucluse.fr\/index.php\/comites-2\/26-buis-les-baronnies\/#breadcrumb","itemListElement":[{"@type":"ListItem","position":1,"name":"Accueil","item":"https:\/\/www.collectifsrefugiesdromevaucluse.fr\/"},{"@type":"ListItem","position":2,"name":"Collectifs","item":"https:\/\/www.collectifsrefugiesdromevaucluse.fr\/index.php\/comites-2\/"},{"@type":"ListItem","position":3,"name":"Buis-les-Baronnies"}]},{"@type":"WebSite","@id":"https:\/\/www.collectifsrefugiesdromevaucluse.fr\/#website","url":"https:\/\/www.collectifsrefugiesdromevaucluse.fr\/","name":"Collectifs pour l'accueil des r\u00e9fugi\u00e9s en dr\u00f4me et vaucluse","description":"L&#039;accueil des r\u00e9fugi\u00e9s en Dr\u00f4me et Vaucluse","publisher":{"@id":"https:\/\/www.collectifsrefugiesdromevaucluse.fr\/#organization"},"potentialAction":[{"@type":"SearchAction","target":{"@type":"EntryPoint","urlTemplate":"https:\/\/www.collectifsrefugiesdromevaucluse.fr\/?s={search_term_string}"},"query-input":{"@type":"PropertyValueSpecification","valueRequired":true,"valueName":"search_term_string"}}],"inLanguage":"fr-FR"},{"@type":"Organization","@id":"https:\/\/www.collectifsrefugiesdromevaucluse.fr\/#organization","name":"Collectifs pour l'accueil des r\u00e9fugi\u00e9s en dr\u00f4me et vaucluse","url":"https:\/\/www.collectifsrefugiesdromevaucluse.fr\/","logo":{"@type":"ImageObject","inLanguage":"fr-FR","@id":"https:\/\/www.collectifsrefugiesdromevaucluse.fr\/#\/schema\/logo\/image\/","url":"https:\/\/www.collectifsrefugiesdromevaucluse.fr\/wp-content\/uploads\/2026\/02\/Logo-MP.png","contentUrl":"https:\/\/www.collectifsrefugiesdromevaucluse.fr\/wp-content\/uploads\/2026\/02\/Logo-MP.png","width":802,"height":734,"caption":"Collectifs pour l'accueil des r\u00e9fugi\u00e9s en dr\u00f4me et vaucluse"},"image":{"@id":"https:\/\/www.collectifsrefugiesdromevaucluse.fr\/#\/schema\/logo\/image\/"}}]}},"jetpack_sharing_enabled":true,"_links":{"self":[{"href":"https:\/\/www.collectifsrefugiesdromevaucluse.fr\/index.php\/wp-json\/wp\/v2\/pages\/6798","targetHints":{"allow":["GET"]}}],"collection":[{"href":"https:\/\/www.collectifsrefugiesdromevaucluse.fr\/index.php\/wp-json\/wp\/v2\/pages"}],"about":[{"href":"https:\/\/www.collectifsrefugiesdromevaucluse.fr\/index.php\/wp-json\/wp\/v2\/types\/page"}],"author":[{"embeddable":true,"href":"https:\/\/www.collectifsrefugiesdromevaucluse.fr\/index.php\/wp-json\/wp\/v2\/users\/1"}],"replies":[{"embeddable":true,"href":"https:\/\/www.collectifsrefugiesdromevaucluse.fr\/index.php\/wp-json\/wp\/v2\/comments?post=6798"}],"version-history":[{"count":11,"href":"https:\/\/www.collectifsrefugiesdromevaucluse.fr\/index.php\/wp-json\/wp\/v2\/pages\/6798\/revisions"}],"predecessor-version":[{"id":7391,"href":"https:\/\/www.collectifsrefugiesdromevaucluse.fr\/index.php\/wp-json\/wp\/v2\/pages\/6798\/revisions\/7391"}],"up":[{"embeddable":true,"href":"https:\/\/www.collectifsrefugiesdromevaucluse.fr\/index.php\/wp-json\/wp\/v2\/pages\/6802"}],"wp:attachment":[{"href":"https:\/\/www.collectifsrefugiesdromevaucluse.fr\/index.php\/wp-json\/wp\/v2\/media?parent=6798"}],"curies":[{"name":"wp","href":"https:\/\/api.w.org\/{rel}","templated":true}]}}