{"id":6425,"date":"2025-05-31T03:49:02","date_gmt":"2025-05-31T01:49:02","guid":{"rendered":"https:\/\/collect.cluster021.hosting.ovh.net\/?page_id=6425"},"modified":"2025-06-23T14:06:14","modified_gmt":"2025-06-23T12:06:14","slug":"la-charte","status":"publish","type":"page","link":"https:\/\/www.collectifsrefugiesdromevaucluse.fr\/index.php\/la-charte\/","title":{"rendered":"Notre charte"},"content":{"rendered":"\n<p class=\"has-text-align-center\"><em class=\"translator-checked translator-dont-translate\">T\u00e9l\u00e9charger la Charte du 27 02 2013&nbsp;<a class=\"translator-checked translator-dont-translate\" href=\"http:\/\/collect.cluster021.hosting.ovh.net\/wp-content\/uploads\/2016\/04\/nouvelle-charte-27_02_16_vr_.doc\">Word<\/a>&nbsp;ou&nbsp;<a class=\"translator-checked translator-dont-translate\" href=\"http:\/\/collect.cluster021.hosting.ovh.net\/wp-content\/uploads\/2016\/04\/nouvelle-charte-27_02_16_vr_.odt\">Open Office<\/a><\/em><\/p>\n\n\n\n<p class=\"translator-checked translator-dont-translate\">Fondamentalement, nous, comit\u00e9s d&rsquo;accueil de r\u00e9fugi\u00e9s, accueillons des r\u00e9fugi\u00e9s parce qu&rsquo;ils sont des \u00eatres humains comme nous, quelles que soient leur origine, leur nationalit\u00e9, leur religion. leurs convictions.<\/p>\n\n\n\n<p class=\"translator-checked translator-dont-translate\">Puisque l&rsquo;humain est pour nous premier, nous souhaitons les recevoir avec l&rsquo;ouverture, la bienveillance, l&rsquo;esprit de solidarit\u00e9 et d\u2019hospitalit\u00e9 que nous d\u00e9sirons pour l&rsquo;ensemble de la soci\u00e9t\u00e9.<\/p>\n\n\n\n<p class=\"translator-checked translator-dont-translate\">Puisque l&rsquo;humain est pour nous premier, en les aidant, nous d\u00e9fendons et prot\u00e9geons leurs droits fondamentaux, selon la Convention de Gen\u00e8ve sur les R\u00e9fugi\u00e9s et la D\u00e9claration universelle des Droits humains, plus que la lettre des lois.<\/p>\n\n\n\n<p><span style=\"font-size: medium\"><i><b class=\"translator-checked translator-dont-translate\">L\u2019acceptation pleine et enti\u00e8re de la charte d\u00e9termine l\u2019adh\u00e9sion \u00e0 la plateforme. <\/b><\/i><\/span><\/p>\n\n\n\n<p><span style=\"font-size: medium\"><i><b class=\"translator-checked translator-dont-translate\">Chaque comit\u00e9 d&rsquo;accueil reste autonome, ind\u00e9pendant et responsable.<\/b><\/i><\/span><\/p>\n\n\n\n<p>12 f\u00e9vrier 2025<\/p>\n","protected":false},"excerpt":{"rendered":"<p>T\u00e9l\u00e9charger la Charte du 27 02 2013&nbsp;Word&nbsp;ou&nbsp;Open Office Fondamentalement, nous, comit\u00e9s d&rsquo;accueil de r\u00e9fugi\u00e9s, accueillons des r\u00e9fugi\u00e9s parce qu&rsquo;ils sont des \u00eatres humains comme nous, quelles que soient leur origine, leur nationalit\u00e9, leur religion. leurs convictions. Puisque l&rsquo;humain est pour nous premier, nous souhaitons les recevoir avec l&rsquo;ouverture, la bienveillance, l&rsquo;esprit de solidarit\u00e9 et d\u2019hospitalit\u00e9 [&hellip;]<\/p>\n","protected":false},"author":1,"featured_media":0,"parent":0,"menu_order":0,"comment_status":"closed","ping_status":"closed","template":"","meta":{"footnotes":""},"class_list":["post-6425","page","type-page","status-publish","hentry"],"yoast_head":"<!-- This site is optimized with the Yoast SEO plugin v27.1.1 - https:\/\/yoast.com\/product\/yoast-seo-wordpress\/ -->\n<title>Notre charte - Collectifs pour l&#039;accueil des r\u00e9fugi\u00e9s en dr\u00f4me et vaucluse<\/title>\n<meta name=\"robots\" content=\"index, follow, max-snippet:-1, max-image-preview:large, max-video-preview:-1\" \/>\n<link rel=\"canonical\" href=\"https:\/\/www.collectifsrefugiesdromevaucluse.fr\/index.php\/la-charte\/\" \/>\n<meta property=\"og:locale\" content=\"fr_FR\" \/>\n<meta property=\"og:type\" content=\"article\" \/>\n<meta property=\"og:title\" content=\"Notre charte - Collectifs pour l&#039;accueil des r\u00e9fugi\u00e9s en dr\u00f4me et vaucluse\" \/>\n<meta property=\"og:description\" content=\"T\u00e9l\u00e9charger la Charte du 27 02 2013&nbsp;Word&nbsp;ou&nbsp;Open Office Fondamentalement, nous, comit\u00e9s d&rsquo;accueil de r\u00e9fugi\u00e9s, accueillons des r\u00e9fugi\u00e9s parce qu&rsquo;ils sont des \u00eatres humains comme nous, quelles que soient leur origine, leur nationalit\u00e9, leur religion. leurs convictions. Puisque l&rsquo;humain est pour nous premier, nous souhaitons les recevoir avec l&rsquo;ouverture, la bienveillance, l&rsquo;esprit de solidarit\u00e9 et d\u2019hospitalit\u00e9 [&hellip;]\" \/>\n<meta property=\"og:url\" content=\"https:\/\/www.collectifsrefugiesdromevaucluse.fr\/index.php\/la-charte\/\" \/>\n<meta property=\"og:site_name\" content=\"Collectifs pour l&#039;accueil des r\u00e9fugi\u00e9s en dr\u00f4me et vaucluse\" \/>\n<meta property=\"article:modified_time\" content=\"2025-06-23T12:06:14+00:00\" \/>\n<meta name=\"twitter:card\" content=\"summary_large_image\" \/>\n<meta name=\"twitter:label1\" content=\"Dur\u00e9e de lecture estim\u00e9e\" \/>\n\t<meta name=\"twitter:data1\" content=\"1 minute\" \/>\n<script type=\"application\/ld+json\" class=\"yoast-schema-graph\">{\"@context\":\"https:\/\/schema.org\",\"@graph\":[{\"@type\":\"WebPage\",\"@id\":\"https:\/\/www.collectifsrefugiesdromevaucluse.fr\/index.php\/la-charte\/\",\"url\":\"https:\/\/www.collectifsrefugiesdromevaucluse.fr\/index.php\/la-charte\/\",\"name\":\"Notre charte - Collectifs pour l&#039;accueil des r\u00e9fugi\u00e9s en dr\u00f4me et vaucluse\",\"isPartOf\":{\"@id\":\"https:\/\/www.collectifsrefugiesdromevaucluse.fr\/#website\"},\"datePublished\":\"2025-05-31T01:49:02+00:00\",\"dateModified\":\"2025-06-23T12:06:14+00:00\",\"breadcrumb\":{\"@id\":\"https:\/\/www.collectifsrefugiesdromevaucluse.fr\/index.php\/la-charte\/#breadcrumb\"},\"inLanguage\":\"fr-FR\",\"potentialAction\":[{\"@type\":\"ReadAction\",\"target\":[\"https:\/\/www.collectifsrefugiesdromevaucluse.fr\/index.php\/la-charte\/\"]}]},{\"@type\":\"BreadcrumbList\",\"@id\":\"https:\/\/www.collectifsrefugiesdromevaucluse.fr\/index.php\/la-charte\/#breadcrumb\",\"itemListElement\":[{\"@type\":\"ListItem\",\"position\":1,\"name\":\"Accueil\",\"item\":\"https:\/\/www.collectifsrefugiesdromevaucluse.fr\/\"},{\"@type\":\"ListItem\",\"position\":2,\"name\":\"Notre charte\"}]},{\"@type\":\"WebSite\",\"@id\":\"https:\/\/www.collectifsrefugiesdromevaucluse.fr\/#website\",\"url\":\"https:\/\/www.collectifsrefugiesdromevaucluse.fr\/\",\"name\":\"Collectifs pour l'accueil des r\u00e9fugi\u00e9s en dr\u00f4me et vaucluse\",\"description\":\"L&#039;accueil des r\u00e9fugi\u00e9s en Dr\u00f4me et Vaucluse\",\"publisher\":{\"@id\":\"https:\/\/www.collectifsrefugiesdromevaucluse.fr\/#organization\"},\"potentialAction\":[{\"@type\":\"SearchAction\",\"target\":{\"@type\":\"EntryPoint\",\"urlTemplate\":\"https:\/\/www.collectifsrefugiesdromevaucluse.fr\/?s={search_term_string}\"},\"query-input\":{\"@type\":\"PropertyValueSpecification\",\"valueRequired\":true,\"valueName\":\"search_term_string\"}}],\"inLanguage\":\"fr-FR\"},{\"@type\":\"Organization\",\"@id\":\"https:\/\/www.collectifsrefugiesdromevaucluse.fr\/#organization\",\"name\":\"Collectifs pour l'accueil des r\u00e9fugi\u00e9s en dr\u00f4me et vaucluse\",\"url\":\"https:\/\/www.collectifsrefugiesdromevaucluse.fr\/\",\"logo\":{\"@type\":\"ImageObject\",\"inLanguage\":\"fr-FR\",\"@id\":\"https:\/\/www.collectifsrefugiesdromevaucluse.fr\/#\/schema\/logo\/image\/\",\"url\":\"https:\/\/www.collectifsrefugiesdromevaucluse.fr\/wp-content\/uploads\/2026\/02\/Logo-MP.png\",\"contentUrl\":\"https:\/\/www.collectifsrefugiesdromevaucluse.fr\/wp-content\/uploads\/2026\/02\/Logo-MP.png\",\"width\":802,\"height\":734,\"caption\":\"Collectifs pour l'accueil des r\u00e9fugi\u00e9s en dr\u00f4me et vaucluse\"},\"image\":{\"@id\":\"https:\/\/www.collectifsrefugiesdromevaucluse.fr\/#\/schema\/logo\/image\/\"}}]}<\/script>\n<!-- \/ Yoast SEO plugin. -->","yoast_head_json":{"title":"Notre charte - Collectifs pour l&#039;accueil des r\u00e9fugi\u00e9s en dr\u00f4me et vaucluse","robots":{"index":"index","follow":"follow","max-snippet":"max-snippet:-1","max-image-preview":"max-image-preview:large","max-video-preview":"max-video-preview:-1"},"canonical":"https:\/\/www.collectifsrefugiesdromevaucluse.fr\/index.php\/la-charte\/","og_locale":"fr_FR","og_type":"article","og_title":"Notre charte - Collectifs pour l&#039;accueil des r\u00e9fugi\u00e9s en dr\u00f4me et vaucluse","og_description":"T\u00e9l\u00e9charger la Charte du 27 02 2013&nbsp;Word&nbsp;ou&nbsp;Open Office Fondamentalement, nous, comit\u00e9s d&rsquo;accueil de r\u00e9fugi\u00e9s, accueillons des r\u00e9fugi\u00e9s parce qu&rsquo;ils sont des \u00eatres humains comme nous, quelles que soient leur origine, leur nationalit\u00e9, leur religion. leurs convictions. Puisque l&rsquo;humain est pour nous premier, nous souhaitons les recevoir avec l&rsquo;ouverture, la bienveillance, l&rsquo;esprit de solidarit\u00e9 et d\u2019hospitalit\u00e9 [&hellip;]","og_url":"https:\/\/www.collectifsrefugiesdromevaucluse.fr\/index.php\/la-charte\/","og_site_name":"Collectifs pour l&#039;accueil des r\u00e9fugi\u00e9s en dr\u00f4me et vaucluse","article_modified_time":"2025-06-23T12:06:14+00:00","twitter_card":"summary_large_image","twitter_misc":{"Dur\u00e9e de lecture estim\u00e9e":"1 minute"},"schema":{"@context":"https:\/\/schema.org","@graph":[{"@type":"WebPage","@id":"https:\/\/www.collectifsrefugiesdromevaucluse.fr\/index.php\/la-charte\/","url":"https:\/\/www.collectifsrefugiesdromevaucluse.fr\/index.php\/la-charte\/","name":"Notre charte - Collectifs pour l&#039;accueil des r\u00e9fugi\u00e9s en dr\u00f4me et vaucluse","isPartOf":{"@id":"https:\/\/www.collectifsrefugiesdromevaucluse.fr\/#website"},"datePublished":"2025-05-31T01:49:02+00:00","dateModified":"2025-06-23T12:06:14+00:00","breadcrumb":{"@id":"https:\/\/www.collectifsrefugiesdromevaucluse.fr\/index.php\/la-charte\/#breadcrumb"},"inLanguage":"fr-FR","potentialAction":[{"@type":"ReadAction","target":["https:\/\/www.collectifsrefugiesdromevaucluse.fr\/index.php\/la-charte\/"]}]},{"@type":"BreadcrumbList","@id":"https:\/\/www.collectifsrefugiesdromevaucluse.fr\/index.php\/la-charte\/#breadcrumb","itemListElement":[{"@type":"ListItem","position":1,"name":"Accueil","item":"https:\/\/www.collectifsrefugiesdromevaucluse.fr\/"},{"@type":"ListItem","position":2,"name":"Notre charte"}]},{"@type":"WebSite","@id":"https:\/\/www.collectifsrefugiesdromevaucluse.fr\/#website","url":"https:\/\/www.collectifsrefugiesdromevaucluse.fr\/","name":"Collectifs pour l'accueil des r\u00e9fugi\u00e9s en dr\u00f4me et vaucluse","description":"L&#039;accueil des r\u00e9fugi\u00e9s en Dr\u00f4me et Vaucluse","publisher":{"@id":"https:\/\/www.collectifsrefugiesdromevaucluse.fr\/#organization"},"potentialAction":[{"@type":"SearchAction","target":{"@type":"EntryPoint","urlTemplate":"https:\/\/www.collectifsrefugiesdromevaucluse.fr\/?s={search_term_string}"},"query-input":{"@type":"PropertyValueSpecification","valueRequired":true,"valueName":"search_term_string"}}],"inLanguage":"fr-FR"},{"@type":"Organization","@id":"https:\/\/www.collectifsrefugiesdromevaucluse.fr\/#organization","name":"Collectifs pour l'accueil des r\u00e9fugi\u00e9s en dr\u00f4me et vaucluse","url":"https:\/\/www.collectifsrefugiesdromevaucluse.fr\/","logo":{"@type":"ImageObject","inLanguage":"fr-FR","@id":"https:\/\/www.collectifsrefugiesdromevaucluse.fr\/#\/schema\/logo\/image\/","url":"https:\/\/www.collectifsrefugiesdromevaucluse.fr\/wp-content\/uploads\/2026\/02\/Logo-MP.png","contentUrl":"https:\/\/www.collectifsrefugiesdromevaucluse.fr\/wp-content\/uploads\/2026\/02\/Logo-MP.png","width":802,"height":734,"caption":"Collectifs pour l'accueil des r\u00e9fugi\u00e9s en dr\u00f4me et vaucluse"},"image":{"@id":"https:\/\/www.collectifsrefugiesdromevaucluse.fr\/#\/schema\/logo\/image\/"}}]}},"jetpack_sharing_enabled":true,"_links":{"self":[{"href":"https:\/\/www.collectifsrefugiesdromevaucluse.fr\/index.php\/wp-json\/wp\/v2\/pages\/6425","targetHints":{"allow":["GET"]}}],"collection":[{"href":"https:\/\/www.collectifsrefugiesdromevaucluse.fr\/index.php\/wp-json\/wp\/v2\/pages"}],"about":[{"href":"https:\/\/www.collectifsrefugiesdromevaucluse.fr\/index.php\/wp-json\/wp\/v2\/types\/page"}],"author":[{"embeddable":true,"href":"https:\/\/www.collectifsrefugiesdromevaucluse.fr\/index.php\/wp-json\/wp\/v2\/users\/1"}],"replies":[{"embeddable":true,"href":"https:\/\/www.collectifsrefugiesdromevaucluse.fr\/index.php\/wp-json\/wp\/v2\/comments?post=6425"}],"version-history":[{"count":5,"href":"https:\/\/www.collectifsrefugiesdromevaucluse.fr\/index.php\/wp-json\/wp\/v2\/pages\/6425\/revisions"}],"predecessor-version":[{"id":6839,"href":"https:\/\/www.collectifsrefugiesdromevaucluse.fr\/index.php\/wp-json\/wp\/v2\/pages\/6425\/revisions\/6839"}],"wp:attachment":[{"href":"https:\/\/www.collectifsrefugiesdromevaucluse.fr\/index.php\/wp-json\/wp\/v2\/media?parent=6425"}],"curies":[{"name":"wp","href":"https:\/\/api.w.org\/{rel}","templated":true}]}}