{"id":6223,"date":"2025-02-04T18:20:01","date_gmt":"2025-02-04T17:20:01","guid":{"rendered":"https:\/\/refugiescollectifsdromesud.wordpress.com\/?page_id=6223"},"modified":"2025-06-23T14:06:47","modified_gmt":"2025-06-23T12:06:47","slug":"nos-derniers-articles","status":"publish","type":"page","link":"https:\/\/www.collectifsrefugiesdromevaucluse.fr\/index.php\/nos-derniers-articles\/","title":{"rendered":"Nos articles"},"content":{"rendered":"\n<div class=\"wp-block-columns is-layout-flex wp-container-core-columns-is-layout-28f84493 wp-block-columns-is-layout-flex\">\n<div class=\"wp-block-column is-vertically-aligned-center is-layout-flow wp-block-column-is-layout-flow\">\n<p class=\"has-text-align-right\"><strong>Rechercher par texte<\/strong><\/p>\n<\/div>\n\n\n\n<div class=\"wp-block-column is-layout-flow wp-block-column-is-layout-flow\"><form role=\"search\" method=\"get\" action=\"https:\/\/www.collectifsrefugiesdromevaucluse.fr\/\" style=\"margin-top:0;margin-bottom:0;\" class=\"wp-block-search__button-inside wp-block-search__icon-button wp-block-search\"    ><label class=\"wp-block-search__label screen-reader-text\" for=\"wp-block-search__input-1\" >Rechercher<\/label><div class=\"wp-block-search__inside-wrapper\"  style=\"width: 50%\"><input class=\"wp-block-search__input has-small-font-size\" id=\"wp-block-search__input-1\" placeholder=\"\" value=\"\" type=\"search\" name=\"s\" required \/><button aria-label=\"Rechercher\" class=\"wp-block-search__button has-small-font-size has-icon wp-element-button\" type=\"submit\" ><svg class=\"search-icon\" viewBox=\"0 0 24 24\" width=\"24\" height=\"24\">\n\t\t\t\t\t<path d=\"M13 5c-3.3 0-6 2.7-6 6 0 1.4.5 2.7 1.3 3.7l-3.8 3.8 1.1 1.1 3.8-3.8c1 .8 2.3 1.3 3.7 1.3 3.3 0 6-2.7 6-6S16.3 5 13 5zm0 10.5c-2.5 0-4.5-2-4.5-4.5s2-4.5 4.5-4.5 4.5 2 4.5 4.5-2 4.5-4.5 4.5z\"><\/path>\n\t\t\t\t<\/svg><\/button><\/div><\/form><\/div>\n<\/div>\n\n\n\n<div class=\"wp-block-columns is-layout-flex wp-container-core-columns-is-layout-28f84493 wp-block-columns-is-layout-flex\">\n<div class=\"wp-block-column is-vertically-aligned-center is-layout-flow wp-block-column-is-layout-flow\">\n<p class=\"has-text-align-right\"><strong>Recherche par date<\/strong><\/p>\n<\/div>\n\n\n\n<div class=\"wp-block-column is-layout-flow wp-block-column-is-layout-flow\"><div style=\"font-style:normal;font-weight:600;line-height:1.7;text-transform:none; border-style:none;border-width:0px; padding-top:0;padding-bottom:0;\" class=\"wp-block-archives-dropdown wp-block-archives has-medium-font-size\"><label for=\"wp-block-archives-2\" class=\"wp-block-archives__label screen-reader-text\">Archives<\/label>\n\t\t<select id=\"wp-block-archives-2\" name=\"archive-dropdown\">\n\t\t<option value=\"\">S\u00e9lectionner un mois<\/option>\t<option value='https:\/\/www.collectifsrefugiesdromevaucluse.fr\/index.php\/2026\/03\/'> mars 2026 &nbsp;(4)<\/option>\n\t<option value='https:\/\/www.collectifsrefugiesdromevaucluse.fr\/index.php\/2026\/02\/'> f\u00e9vrier 2026 &nbsp;(5)<\/option>\n\t<option value='https:\/\/www.collectifsrefugiesdromevaucluse.fr\/index.php\/2026\/01\/'> janvier 2026 &nbsp;(2)<\/option>\n\t<option value='https:\/\/www.collectifsrefugiesdromevaucluse.fr\/index.php\/2025\/11\/'> novembre 2025 &nbsp;(2)<\/option>\n\t<option value='https:\/\/www.collectifsrefugiesdromevaucluse.fr\/index.php\/2025\/10\/'> octobre 2025 &nbsp;(2)<\/option>\n\t<option value='https:\/\/www.collectifsrefugiesdromevaucluse.fr\/index.php\/2025\/09\/'> septembre 2025 &nbsp;(3)<\/option>\n\t<option value='https:\/\/www.collectifsrefugiesdromevaucluse.fr\/index.php\/2025\/07\/'> juillet 2025 &nbsp;(3)<\/option>\n\t<option value='https:\/\/www.collectifsrefugiesdromevaucluse.fr\/index.php\/2025\/05\/'> mai 2025 &nbsp;(1)<\/option>\n\t<option value='https:\/\/www.collectifsrefugiesdromevaucluse.fr\/index.php\/2025\/03\/'> mars 2025 &nbsp;(1)<\/option>\n\t<option value='https:\/\/www.collectifsrefugiesdromevaucluse.fr\/index.php\/2025\/02\/'> f\u00e9vrier 2025 &nbsp;(2)<\/option>\n\t<option value='https:\/\/www.collectifsrefugiesdromevaucluse.fr\/index.php\/2024\/12\/'> d\u00e9cembre 2024 &nbsp;(2)<\/option>\n\t<option value='https:\/\/www.collectifsrefugiesdromevaucluse.fr\/index.php\/2024\/11\/'> novembre 2024 &nbsp;(3)<\/option>\n\t<option value='https:\/\/www.collectifsrefugiesdromevaucluse.fr\/index.php\/2024\/10\/'> octobre 2024 &nbsp;(1)<\/option>\n\t<option value='https:\/\/www.collectifsrefugiesdromevaucluse.fr\/index.php\/2024\/09\/'> septembre 2024 &nbsp;(1)<\/option>\n\t<option value='https:\/\/www.collectifsrefugiesdromevaucluse.fr\/index.php\/2024\/08\/'> ao\u00fbt 2024 &nbsp;(1)<\/option>\n\t<option value='https:\/\/www.collectifsrefugiesdromevaucluse.fr\/index.php\/2024\/05\/'> mai 2024 &nbsp;(1)<\/option>\n\t<option value='https:\/\/www.collectifsrefugiesdromevaucluse.fr\/index.php\/2024\/03\/'> mars 2024 &nbsp;(1)<\/option>\n\t<option value='https:\/\/www.collectifsrefugiesdromevaucluse.fr\/index.php\/2024\/01\/'> janvier 2024 &nbsp;(3)<\/option>\n\t<option value='https:\/\/www.collectifsrefugiesdromevaucluse.fr\/index.php\/2023\/12\/'> d\u00e9cembre 2023 &nbsp;(2)<\/option>\n\t<option value='https:\/\/www.collectifsrefugiesdromevaucluse.fr\/index.php\/2023\/11\/'> novembre 2023 &nbsp;(3)<\/option>\n\t<option value='https:\/\/www.collectifsrefugiesdromevaucluse.fr\/index.php\/2023\/10\/'> octobre 2023 &nbsp;(3)<\/option>\n\t<option value='https:\/\/www.collectifsrefugiesdromevaucluse.fr\/index.php\/2023\/09\/'> septembre 2023 &nbsp;(3)<\/option>\n\t<option value='https:\/\/www.collectifsrefugiesdromevaucluse.fr\/index.php\/2023\/08\/'> ao\u00fbt 2023 &nbsp;(8)<\/option>\n\t<option value='https:\/\/www.collectifsrefugiesdromevaucluse.fr\/index.php\/2023\/06\/'> juin 2023 &nbsp;(3)<\/option>\n\t<option value='https:\/\/www.collectifsrefugiesdromevaucluse.fr\/index.php\/2023\/05\/'> mai 2023 &nbsp;(2)<\/option>\n\t<option value='https:\/\/www.collectifsrefugiesdromevaucluse.fr\/index.php\/2023\/04\/'> avril 2023 &nbsp;(2)<\/option>\n\t<option value='https:\/\/www.collectifsrefugiesdromevaucluse.fr\/index.php\/2023\/03\/'> mars 2023 &nbsp;(6)<\/option>\n\t<option value='https:\/\/www.collectifsrefugiesdromevaucluse.fr\/index.php\/2023\/02\/'> f\u00e9vrier 2023 &nbsp;(3)<\/option>\n\t<option value='https:\/\/www.collectifsrefugiesdromevaucluse.fr\/index.php\/2023\/01\/'> janvier 2023 &nbsp;(5)<\/option>\n\t<option value='https:\/\/www.collectifsrefugiesdromevaucluse.fr\/index.php\/2022\/12\/'> d\u00e9cembre 2022 &nbsp;(4)<\/option>\n\t<option value='https:\/\/www.collectifsrefugiesdromevaucluse.fr\/index.php\/2022\/11\/'> novembre 2022 &nbsp;(7)<\/option>\n\t<option value='https:\/\/www.collectifsrefugiesdromevaucluse.fr\/index.php\/2022\/10\/'> octobre 2022 &nbsp;(4)<\/option>\n\t<option value='https:\/\/www.collectifsrefugiesdromevaucluse.fr\/index.php\/2022\/09\/'> septembre 2022 &nbsp;(5)<\/option>\n\t<option value='https:\/\/www.collectifsrefugiesdromevaucluse.fr\/index.php\/2022\/08\/'> ao\u00fbt 2022 &nbsp;(3)<\/option>\n\t<option value='https:\/\/www.collectifsrefugiesdromevaucluse.fr\/index.php\/2022\/07\/'> juillet 2022 &nbsp;(1)<\/option>\n\t<option value='https:\/\/www.collectifsrefugiesdromevaucluse.fr\/index.php\/2022\/06\/'> juin 2022 &nbsp;(2)<\/option>\n\t<option value='https:\/\/www.collectifsrefugiesdromevaucluse.fr\/index.php\/2022\/05\/'> mai 2022 &nbsp;(4)<\/option>\n\t<option value='https:\/\/www.collectifsrefugiesdromevaucluse.fr\/index.php\/2022\/04\/'> avril 2022 &nbsp;(4)<\/option>\n\t<option value='https:\/\/www.collectifsrefugiesdromevaucluse.fr\/index.php\/2022\/03\/'> mars 2022 &nbsp;(6)<\/option>\n\t<option value='https:\/\/www.collectifsrefugiesdromevaucluse.fr\/index.php\/2022\/02\/'> f\u00e9vrier 2022 &nbsp;(3)<\/option>\n\t<option value='https:\/\/www.collectifsrefugiesdromevaucluse.fr\/index.php\/2021\/12\/'> d\u00e9cembre 2021 &nbsp;(3)<\/option>\n\t<option value='https:\/\/www.collectifsrefugiesdromevaucluse.fr\/index.php\/2021\/11\/'> novembre 2021 &nbsp;(6)<\/option>\n\t<option value='https:\/\/www.collectifsrefugiesdromevaucluse.fr\/index.php\/2021\/10\/'> octobre 2021 &nbsp;(4)<\/option>\n\t<option value='https:\/\/www.collectifsrefugiesdromevaucluse.fr\/index.php\/2021\/09\/'> septembre 2021 &nbsp;(2)<\/option>\n\t<option value='https:\/\/www.collectifsrefugiesdromevaucluse.fr\/index.php\/2021\/08\/'> ao\u00fbt 2021 &nbsp;(4)<\/option>\n\t<option value='https:\/\/www.collectifsrefugiesdromevaucluse.fr\/index.php\/2021\/06\/'> juin 2021 &nbsp;(2)<\/option>\n\t<option value='https:\/\/www.collectifsrefugiesdromevaucluse.fr\/index.php\/2021\/05\/'> mai 2021 &nbsp;(2)<\/option>\n\t<option value='https:\/\/www.collectifsrefugiesdromevaucluse.fr\/index.php\/2021\/04\/'> avril 2021 &nbsp;(2)<\/option>\n\t<option value='https:\/\/www.collectifsrefugiesdromevaucluse.fr\/index.php\/2021\/03\/'> mars 2021 &nbsp;(5)<\/option>\n\t<option value='https:\/\/www.collectifsrefugiesdromevaucluse.fr\/index.php\/2020\/12\/'> d\u00e9cembre 2020 &nbsp;(3)<\/option>\n\t<option value='https:\/\/www.collectifsrefugiesdromevaucluse.fr\/index.php\/2020\/11\/'> novembre 2020 &nbsp;(2)<\/option>\n\t<option value='https:\/\/www.collectifsrefugiesdromevaucluse.fr\/index.php\/2020\/10\/'> octobre 2020 &nbsp;(4)<\/option>\n\t<option value='https:\/\/www.collectifsrefugiesdromevaucluse.fr\/index.php\/2020\/09\/'> septembre 2020 &nbsp;(1)<\/option>\n\t<option value='https:\/\/www.collectifsrefugiesdromevaucluse.fr\/index.php\/2020\/08\/'> ao\u00fbt 2020 &nbsp;(1)<\/option>\n\t<option value='https:\/\/www.collectifsrefugiesdromevaucluse.fr\/index.php\/2020\/07\/'> juillet 2020 &nbsp;(1)<\/option>\n\t<option value='https:\/\/www.collectifsrefugiesdromevaucluse.fr\/index.php\/2020\/06\/'> juin 2020 &nbsp;(3)<\/option>\n\t<option value='https:\/\/www.collectifsrefugiesdromevaucluse.fr\/index.php\/2020\/05\/'> mai 2020 &nbsp;(2)<\/option>\n\t<option value='https:\/\/www.collectifsrefugiesdromevaucluse.fr\/index.php\/2020\/04\/'> avril 2020 &nbsp;(1)<\/option>\n\t<option value='https:\/\/www.collectifsrefugiesdromevaucluse.fr\/index.php\/2020\/03\/'> mars 2020 &nbsp;(4)<\/option>\n\t<option value='https:\/\/www.collectifsrefugiesdromevaucluse.fr\/index.php\/2020\/02\/'> f\u00e9vrier 2020 &nbsp;(5)<\/option>\n\t<option value='https:\/\/www.collectifsrefugiesdromevaucluse.fr\/index.php\/2020\/01\/'> janvier 2020 &nbsp;(1)<\/option>\n\t<option value='https:\/\/www.collectifsrefugiesdromevaucluse.fr\/index.php\/2019\/12\/'> d\u00e9cembre 2019 &nbsp;(6)<\/option>\n\t<option value='https:\/\/www.collectifsrefugiesdromevaucluse.fr\/index.php\/2019\/11\/'> novembre 2019 &nbsp;(5)<\/option>\n\t<option value='https:\/\/www.collectifsrefugiesdromevaucluse.fr\/index.php\/2019\/10\/'> octobre 2019 &nbsp;(5)<\/option>\n\t<option value='https:\/\/www.collectifsrefugiesdromevaucluse.fr\/index.php\/2019\/09\/'> septembre 2019 &nbsp;(5)<\/option>\n\t<option value='https:\/\/www.collectifsrefugiesdromevaucluse.fr\/index.php\/2019\/07\/'> juillet 2019 &nbsp;(2)<\/option>\n\t<option value='https:\/\/www.collectifsrefugiesdromevaucluse.fr\/index.php\/2019\/06\/'> juin 2019 &nbsp;(2)<\/option>\n\t<option value='https:\/\/www.collectifsrefugiesdromevaucluse.fr\/index.php\/2019\/05\/'> mai 2019 &nbsp;(5)<\/option>\n\t<option value='https:\/\/www.collectifsrefugiesdromevaucluse.fr\/index.php\/2019\/04\/'> avril 2019 &nbsp;(3)<\/option>\n\t<option value='https:\/\/www.collectifsrefugiesdromevaucluse.fr\/index.php\/2019\/03\/'> mars 2019 &nbsp;(1)<\/option>\n\t<option value='https:\/\/www.collectifsrefugiesdromevaucluse.fr\/index.php\/2019\/02\/'> f\u00e9vrier 2019 &nbsp;(3)<\/option>\n\t<option value='https:\/\/www.collectifsrefugiesdromevaucluse.fr\/index.php\/2019\/01\/'> janvier 2019 &nbsp;(4)<\/option>\n\t<option value='https:\/\/www.collectifsrefugiesdromevaucluse.fr\/index.php\/2018\/12\/'> d\u00e9cembre 2018 &nbsp;(4)<\/option>\n\t<option value='https:\/\/www.collectifsrefugiesdromevaucluse.fr\/index.php\/2018\/11\/'> novembre 2018 &nbsp;(5)<\/option>\n\t<option value='https:\/\/www.collectifsrefugiesdromevaucluse.fr\/index.php\/2018\/10\/'> octobre 2018 &nbsp;(8)<\/option>\n\t<option value='https:\/\/www.collectifsrefugiesdromevaucluse.fr\/index.php\/2018\/09\/'> septembre 2018 &nbsp;(8)<\/option>\n\t<option value='https:\/\/www.collectifsrefugiesdromevaucluse.fr\/index.php\/2018\/08\/'> ao\u00fbt 2018 &nbsp;(8)<\/option>\n\t<option value='https:\/\/www.collectifsrefugiesdromevaucluse.fr\/index.php\/2018\/07\/'> juillet 2018 &nbsp;(7)<\/option>\n\t<option value='https:\/\/www.collectifsrefugiesdromevaucluse.fr\/index.php\/2018\/06\/'> juin 2018 &nbsp;(6)<\/option>\n\t<option value='https:\/\/www.collectifsrefugiesdromevaucluse.fr\/index.php\/2018\/05\/'> mai 2018 &nbsp;(13)<\/option>\n\t<option value='https:\/\/www.collectifsrefugiesdromevaucluse.fr\/index.php\/2018\/04\/'> avril 2018 &nbsp;(7)<\/option>\n\t<option value='https:\/\/www.collectifsrefugiesdromevaucluse.fr\/index.php\/2018\/03\/'> mars 2018 &nbsp;(15)<\/option>\n\t<option value='https:\/\/www.collectifsrefugiesdromevaucluse.fr\/index.php\/2018\/02\/'> f\u00e9vrier 2018 &nbsp;(10)<\/option>\n\t<option value='https:\/\/www.collectifsrefugiesdromevaucluse.fr\/index.php\/2018\/01\/'> janvier 2018 &nbsp;(8)<\/option>\n\t<option value='https:\/\/www.collectifsrefugiesdromevaucluse.fr\/index.php\/2017\/12\/'> d\u00e9cembre 2017 &nbsp;(4)<\/option>\n\t<option value='https:\/\/www.collectifsrefugiesdromevaucluse.fr\/index.php\/2017\/11\/'> novembre 2017 &nbsp;(5)<\/option>\n\t<option value='https:\/\/www.collectifsrefugiesdromevaucluse.fr\/index.php\/2017\/10\/'> octobre 2017 &nbsp;(2)<\/option>\n\t<option value='https:\/\/www.collectifsrefugiesdromevaucluse.fr\/index.php\/2017\/09\/'> septembre 2017 &nbsp;(6)<\/option>\n\t<option value='https:\/\/www.collectifsrefugiesdromevaucluse.fr\/index.php\/2017\/08\/'> ao\u00fbt 2017 &nbsp;(4)<\/option>\n\t<option value='https:\/\/www.collectifsrefugiesdromevaucluse.fr\/index.php\/2017\/07\/'> juillet 2017 &nbsp;(2)<\/option>\n\t<option value='https:\/\/www.collectifsrefugiesdromevaucluse.fr\/index.php\/2017\/06\/'> juin 2017 &nbsp;(11)<\/option>\n\t<option value='https:\/\/www.collectifsrefugiesdromevaucluse.fr\/index.php\/2017\/05\/'> mai 2017 &nbsp;(13)<\/option>\n\t<option value='https:\/\/www.collectifsrefugiesdromevaucluse.fr\/index.php\/2017\/03\/'> mars 2017 &nbsp;(7)<\/option>\n\t<option value='https:\/\/www.collectifsrefugiesdromevaucluse.fr\/index.php\/2017\/02\/'> f\u00e9vrier 2017 &nbsp;(5)<\/option>\n\t<option value='https:\/\/www.collectifsrefugiesdromevaucluse.fr\/index.php\/2017\/01\/'> janvier 2017 &nbsp;(5)<\/option>\n\t<option value='https:\/\/www.collectifsrefugiesdromevaucluse.fr\/index.php\/2016\/12\/'> d\u00e9cembre 2016 &nbsp;(4)<\/option>\n\t<option value='https:\/\/www.collectifsrefugiesdromevaucluse.fr\/index.php\/2016\/11\/'> novembre 2016 &nbsp;(8)<\/option>\n\t<option value='https:\/\/www.collectifsrefugiesdromevaucluse.fr\/index.php\/2016\/10\/'> octobre 2016 &nbsp;(7)<\/option>\n\t<option value='https:\/\/www.collectifsrefugiesdromevaucluse.fr\/index.php\/2016\/09\/'> septembre 2016 &nbsp;(3)<\/option>\n\t<option value='https:\/\/www.collectifsrefugiesdromevaucluse.fr\/index.php\/2016\/08\/'> ao\u00fbt 2016 &nbsp;(3)<\/option>\n\t<option value='https:\/\/www.collectifsrefugiesdromevaucluse.fr\/index.php\/2016\/07\/'> juillet 2016 &nbsp;(4)<\/option>\n\t<option value='https:\/\/www.collectifsrefugiesdromevaucluse.fr\/index.php\/2016\/06\/'> juin 2016 &nbsp;(6)<\/option>\n\t<option value='https:\/\/www.collectifsrefugiesdromevaucluse.fr\/index.php\/2016\/05\/'> mai 2016 &nbsp;(12)<\/option>\n\t<option value='https:\/\/www.collectifsrefugiesdromevaucluse.fr\/index.php\/2016\/04\/'> avril 2016 &nbsp;(1)<\/option>\n\t<option value='https:\/\/www.collectifsrefugiesdromevaucluse.fr\/index.php\/2016\/03\/'> mars 2016 &nbsp;(6)<\/option>\n\t<option value='https:\/\/www.collectifsrefugiesdromevaucluse.fr\/index.php\/2016\/02\/'> f\u00e9vrier 2016 &nbsp;(3)<\/option>\n<\/select><script>\n( ( [ dropdownId, homeUrl ] ) => {\n\t\tconst dropdown = document.getElementById( dropdownId );\n\t\tfunction onSelectChange() {\n\t\t\tsetTimeout( () => {\n\t\t\t\tif ( 'escape' === dropdown.dataset.lastkey ) {\n\t\t\t\t\treturn;\n\t\t\t\t}\n\t\t\t\tif ( dropdown.value ) {\n\t\t\t\t\tlocation.href = dropdown.value;\n\t\t\t\t}\n\t\t\t}, 250 );\n\t\t}\n\t\tfunction onKeyUp( event ) {\n\t\t\tif ( 'Escape' === event.key ) {\n\t\t\t\tdropdown.dataset.lastkey = 'escape';\n\t\t\t} else {\n\t\t\t\tdelete dropdown.dataset.lastkey;\n\t\t\t}\n\t\t}\n\t\tfunction onClick() {\n\t\t\tdelete dropdown.dataset.lastkey;\n\t\t}\n\t\tdropdown.addEventListener( 'keyup', onKeyUp );\n\t\tdropdown.addEventListener( 'click', onClick );\n\t\tdropdown.addEventListener( 'change', onSelectChange );\n\t} )( [\"wp-block-archives-2\",\"https:\/\/www.collectifsrefugiesdromevaucluse.fr\"] );\n\/\/# sourceURL=block_core_archives_build_dropdown_script\n<\/script>\n<\/div><\/div>\n<\/div>\n\n\n\n<p><\/p>\n","protected":false},"excerpt":{"rendered":"<p>Rechercher par texte Recherche par date<\/p>\n","protected":false},"author":1,"featured_media":0,"parent":0,"menu_order":0,"comment_status":"closed","ping_status":"closed","template":"","meta":{"footnotes":""},"class_list":["post-6223","page","type-page","status-publish","hentry"],"yoast_head":"<!-- This site is optimized with the Yoast SEO plugin v27.5 - https:\/\/yoast.com\/product\/yoast-seo-wordpress\/ -->\n<title>Nos articles - Collectifs pour l&#039;accueil des r\u00e9fugi\u00e9s en dr\u00f4me et vaucluse<\/title>\n<meta name=\"robots\" content=\"index, follow, max-snippet:-1, max-image-preview:large, max-video-preview:-1\" \/>\n<link rel=\"canonical\" href=\"https:\/\/www.collectifsrefugiesdromevaucluse.fr\/index.php\/nos-derniers-articles\/\" \/>\n<meta property=\"og:locale\" content=\"fr_FR\" \/>\n<meta property=\"og:type\" content=\"article\" \/>\n<meta property=\"og:title\" content=\"Nos articles - Collectifs pour l&#039;accueil des r\u00e9fugi\u00e9s en dr\u00f4me et vaucluse\" \/>\n<meta property=\"og:description\" content=\"Rechercher par texte Recherche par date\" \/>\n<meta property=\"og:url\" content=\"https:\/\/www.collectifsrefugiesdromevaucluse.fr\/index.php\/nos-derniers-articles\/\" \/>\n<meta property=\"og:site_name\" content=\"Collectifs pour l&#039;accueil des r\u00e9fugi\u00e9s en dr\u00f4me et vaucluse\" \/>\n<meta property=\"article:modified_time\" content=\"2025-06-23T12:06:47+00:00\" \/>\n<meta name=\"twitter:card\" content=\"summary_large_image\" \/>\n<script type=\"application\/ld+json\" class=\"yoast-schema-graph\">{\"@context\":\"https:\\\/\\\/schema.org\",\"@graph\":[{\"@type\":\"WebPage\",\"@id\":\"https:\\\/\\\/www.collectifsrefugiesdromevaucluse.fr\\\/index.php\\\/nos-derniers-articles\\\/\",\"url\":\"https:\\\/\\\/www.collectifsrefugiesdromevaucluse.fr\\\/index.php\\\/nos-derniers-articles\\\/\",\"name\":\"Nos articles - Collectifs pour l&#039;accueil des r\u00e9fugi\u00e9s en dr\u00f4me et vaucluse\",\"isPartOf\":{\"@id\":\"https:\\\/\\\/www.collectifsrefugiesdromevaucluse.fr\\\/#website\"},\"datePublished\":\"2025-02-04T17:20:01+00:00\",\"dateModified\":\"2025-06-23T12:06:47+00:00\",\"breadcrumb\":{\"@id\":\"https:\\\/\\\/www.collectifsrefugiesdromevaucluse.fr\\\/index.php\\\/nos-derniers-articles\\\/#breadcrumb\"},\"inLanguage\":\"fr-FR\",\"potentialAction\":[{\"@type\":\"ReadAction\",\"target\":[\"https:\\\/\\\/www.collectifsrefugiesdromevaucluse.fr\\\/index.php\\\/nos-derniers-articles\\\/\"]}]},{\"@type\":\"BreadcrumbList\",\"@id\":\"https:\\\/\\\/www.collectifsrefugiesdromevaucluse.fr\\\/index.php\\\/nos-derniers-articles\\\/#breadcrumb\",\"itemListElement\":[{\"@type\":\"ListItem\",\"position\":1,\"name\":\"Accueil\",\"item\":\"https:\\\/\\\/www.collectifsrefugiesdromevaucluse.fr\\\/\"},{\"@type\":\"ListItem\",\"position\":2,\"name\":\"Nos articles\"}]},{\"@type\":\"WebSite\",\"@id\":\"https:\\\/\\\/www.collectifsrefugiesdromevaucluse.fr\\\/#website\",\"url\":\"https:\\\/\\\/www.collectifsrefugiesdromevaucluse.fr\\\/\",\"name\":\"Collectifs pour l'accueil des r\u00e9fugi\u00e9s en dr\u00f4me et vaucluse\",\"description\":\"L&#039;accueil des r\u00e9fugi\u00e9s en Dr\u00f4me et Vaucluse\",\"publisher\":{\"@id\":\"https:\\\/\\\/www.collectifsrefugiesdromevaucluse.fr\\\/#organization\"},\"potentialAction\":[{\"@type\":\"SearchAction\",\"target\":{\"@type\":\"EntryPoint\",\"urlTemplate\":\"https:\\\/\\\/www.collectifsrefugiesdromevaucluse.fr\\\/?s={search_term_string}\"},\"query-input\":{\"@type\":\"PropertyValueSpecification\",\"valueRequired\":true,\"valueName\":\"search_term_string\"}}],\"inLanguage\":\"fr-FR\"},{\"@type\":\"Organization\",\"@id\":\"https:\\\/\\\/www.collectifsrefugiesdromevaucluse.fr\\\/#organization\",\"name\":\"Collectifs pour l'accueil des r\u00e9fugi\u00e9s en dr\u00f4me et vaucluse\",\"url\":\"https:\\\/\\\/www.collectifsrefugiesdromevaucluse.fr\\\/\",\"logo\":{\"@type\":\"ImageObject\",\"inLanguage\":\"fr-FR\",\"@id\":\"https:\\\/\\\/www.collectifsrefugiesdromevaucluse.fr\\\/#\\\/schema\\\/logo\\\/image\\\/\",\"url\":\"https:\\\/\\\/www.collectifsrefugiesdromevaucluse.fr\\\/wp-content\\\/uploads\\\/2026\\\/02\\\/Logo-MP.png\",\"contentUrl\":\"https:\\\/\\\/www.collectifsrefugiesdromevaucluse.fr\\\/wp-content\\\/uploads\\\/2026\\\/02\\\/Logo-MP.png\",\"width\":802,\"height\":734,\"caption\":\"Collectifs pour l'accueil des r\u00e9fugi\u00e9s en dr\u00f4me et vaucluse\"},\"image\":{\"@id\":\"https:\\\/\\\/www.collectifsrefugiesdromevaucluse.fr\\\/#\\\/schema\\\/logo\\\/image\\\/\"}}]}<\/script>\n<!-- \/ Yoast SEO plugin. -->","yoast_head_json":{"title":"Nos articles - Collectifs pour l&#039;accueil des r\u00e9fugi\u00e9s en dr\u00f4me et vaucluse","robots":{"index":"index","follow":"follow","max-snippet":"max-snippet:-1","max-image-preview":"max-image-preview:large","max-video-preview":"max-video-preview:-1"},"canonical":"https:\/\/www.collectifsrefugiesdromevaucluse.fr\/index.php\/nos-derniers-articles\/","og_locale":"fr_FR","og_type":"article","og_title":"Nos articles - Collectifs pour l&#039;accueil des r\u00e9fugi\u00e9s en dr\u00f4me et vaucluse","og_description":"Rechercher par texte Recherche par date","og_url":"https:\/\/www.collectifsrefugiesdromevaucluse.fr\/index.php\/nos-derniers-articles\/","og_site_name":"Collectifs pour l&#039;accueil des r\u00e9fugi\u00e9s en dr\u00f4me et vaucluse","article_modified_time":"2025-06-23T12:06:47+00:00","twitter_card":"summary_large_image","schema":{"@context":"https:\/\/schema.org","@graph":[{"@type":"WebPage","@id":"https:\/\/www.collectifsrefugiesdromevaucluse.fr\/index.php\/nos-derniers-articles\/","url":"https:\/\/www.collectifsrefugiesdromevaucluse.fr\/index.php\/nos-derniers-articles\/","name":"Nos articles - Collectifs pour l&#039;accueil des r\u00e9fugi\u00e9s en dr\u00f4me et vaucluse","isPartOf":{"@id":"https:\/\/www.collectifsrefugiesdromevaucluse.fr\/#website"},"datePublished":"2025-02-04T17:20:01+00:00","dateModified":"2025-06-23T12:06:47+00:00","breadcrumb":{"@id":"https:\/\/www.collectifsrefugiesdromevaucluse.fr\/index.php\/nos-derniers-articles\/#breadcrumb"},"inLanguage":"fr-FR","potentialAction":[{"@type":"ReadAction","target":["https:\/\/www.collectifsrefugiesdromevaucluse.fr\/index.php\/nos-derniers-articles\/"]}]},{"@type":"BreadcrumbList","@id":"https:\/\/www.collectifsrefugiesdromevaucluse.fr\/index.php\/nos-derniers-articles\/#breadcrumb","itemListElement":[{"@type":"ListItem","position":1,"name":"Accueil","item":"https:\/\/www.collectifsrefugiesdromevaucluse.fr\/"},{"@type":"ListItem","position":2,"name":"Nos articles"}]},{"@type":"WebSite","@id":"https:\/\/www.collectifsrefugiesdromevaucluse.fr\/#website","url":"https:\/\/www.collectifsrefugiesdromevaucluse.fr\/","name":"Collectifs pour l'accueil des r\u00e9fugi\u00e9s en dr\u00f4me et vaucluse","description":"L&#039;accueil des r\u00e9fugi\u00e9s en Dr\u00f4me et Vaucluse","publisher":{"@id":"https:\/\/www.collectifsrefugiesdromevaucluse.fr\/#organization"},"potentialAction":[{"@type":"SearchAction","target":{"@type":"EntryPoint","urlTemplate":"https:\/\/www.collectifsrefugiesdromevaucluse.fr\/?s={search_term_string}"},"query-input":{"@type":"PropertyValueSpecification","valueRequired":true,"valueName":"search_term_string"}}],"inLanguage":"fr-FR"},{"@type":"Organization","@id":"https:\/\/www.collectifsrefugiesdromevaucluse.fr\/#organization","name":"Collectifs pour l'accueil des r\u00e9fugi\u00e9s en dr\u00f4me et vaucluse","url":"https:\/\/www.collectifsrefugiesdromevaucluse.fr\/","logo":{"@type":"ImageObject","inLanguage":"fr-FR","@id":"https:\/\/www.collectifsrefugiesdromevaucluse.fr\/#\/schema\/logo\/image\/","url":"https:\/\/www.collectifsrefugiesdromevaucluse.fr\/wp-content\/uploads\/2026\/02\/Logo-MP.png","contentUrl":"https:\/\/www.collectifsrefugiesdromevaucluse.fr\/wp-content\/uploads\/2026\/02\/Logo-MP.png","width":802,"height":734,"caption":"Collectifs pour l'accueil des r\u00e9fugi\u00e9s en dr\u00f4me et vaucluse"},"image":{"@id":"https:\/\/www.collectifsrefugiesdromevaucluse.fr\/#\/schema\/logo\/image\/"}}]}},"jetpack_sharing_enabled":true,"_links":{"self":[{"href":"https:\/\/www.collectifsrefugiesdromevaucluse.fr\/index.php\/wp-json\/wp\/v2\/pages\/6223","targetHints":{"allow":["GET"]}}],"collection":[{"href":"https:\/\/www.collectifsrefugiesdromevaucluse.fr\/index.php\/wp-json\/wp\/v2\/pages"}],"about":[{"href":"https:\/\/www.collectifsrefugiesdromevaucluse.fr\/index.php\/wp-json\/wp\/v2\/types\/page"}],"author":[{"embeddable":true,"href":"https:\/\/www.collectifsrefugiesdromevaucluse.fr\/index.php\/wp-json\/wp\/v2\/users\/1"}],"replies":[{"embeddable":true,"href":"https:\/\/www.collectifsrefugiesdromevaucluse.fr\/index.php\/wp-json\/wp\/v2\/comments?post=6223"}],"version-history":[{"count":16,"href":"https:\/\/www.collectifsrefugiesdromevaucluse.fr\/index.php\/wp-json\/wp\/v2\/pages\/6223\/revisions"}],"predecessor-version":[{"id":6842,"href":"https:\/\/www.collectifsrefugiesdromevaucluse.fr\/index.php\/wp-json\/wp\/v2\/pages\/6223\/revisions\/6842"}],"wp:attachment":[{"href":"https:\/\/www.collectifsrefugiesdromevaucluse.fr\/index.php\/wp-json\/wp\/v2\/media?parent=6223"}],"curies":[{"name":"wp","href":"https:\/\/api.w.org\/{rel}","templated":true}]}}