{"id":4214,"date":"2021-01-16T19:19:07","date_gmt":"2021-01-16T18:19:07","guid":{"rendered":"https:\/\/refugiescollectifsdromesud.wordpress.com\/?page_id=4214"},"modified":"2026-02-19T01:30:24","modified_gmt":"2026-02-19T00:30:24","slug":"26400-crest","status":"publish","type":"page","link":"https:\/\/www.collectifsrefugiesdromevaucluse.fr\/index.php\/26400-crest\/","title":{"rendered":"Crest"},"content":{"rendered":"\n<div class=\"wp-block-columns is-layout-flex wp-container-core-columns-is-layout-28f84493 wp-block-columns-is-layout-flex\">\n<div class=\"wp-block-column is-layout-flow wp-block-column-is-layout-flow\">\n<h2 class=\"wp-block-heading has-vivid-red-color has-text-color has-link-color wp-elements-f5c03322c7c2e724552d202bce243c0e\"><strong>EXIL\u00c9S ET CRESTOIS<\/strong><\/h2>\n\n\n\n<figure class=\"wp-block-image alignleft size-full is-resized\"><img loading=\"lazy\" decoding=\"async\" width=\"1024\" height=\"292\" src=\"https:\/\/www.collectifsrefugiesdromevaucluse.fr\/wp-content\/uploads\/2021\/01\/capture-decc81cran-2020-06-03-acc80-12.10.01-1024x292-1.png\" alt=\"\" class=\"wp-image-4226\" style=\"width:177px;height:auto\" srcset=\"https:\/\/www.collectifsrefugiesdromevaucluse.fr\/wp-content\/uploads\/2021\/01\/capture-decc81cran-2020-06-03-acc80-12.10.01-1024x292-1.png 1024w, https:\/\/www.collectifsrefugiesdromevaucluse.fr\/wp-content\/uploads\/2021\/01\/capture-decc81cran-2020-06-03-acc80-12.10.01-1024x292-1-300x86.png 300w, https:\/\/www.collectifsrefugiesdromevaucluse.fr\/wp-content\/uploads\/2021\/01\/capture-decc81cran-2020-06-03-acc80-12.10.01-1024x292-1-768x219.png 768w\" sizes=\"auto, (max-width: 1024px) 100vw, 1024px\" \/><\/figure>\n\n\n\n<p>L&#8217;association loi 1901, cr\u00e9\u00e9e le 25 mai 2020, a pour objet d\u2019aider les personnes exil\u00e9es sur le territoire du Crestois (CCVD &amp; 3CPS) pour qu\u2019elles b\u00e9n\u00e9ficient d\u2019une existence d\u00e9cente sur notre territoire.&nbsp; Dans un but exclusivement humanitaire et sans contrepartie directe ou indirecte, l\u2019association Exil\u00e9s et Crestois mobilise les ressources de toutes natures de ses membres et sympathisants, pour venir en aide aux personnes et familles exil\u00e9es. &nbsp;<\/p>\n\n\n\n<p class=\"has-black-color has-text-color\"><strong>Pour des informations compl\u00e8tes sur nos statuts et nos missions, ou pour nous contacter, cliquer sur le lien vers le site de l&#8217;association : <a href=\"https:\/\/www.exiles-et-crestois.org\/\" target=\"_blank\" rel=\"noreferrer noopener\">www.exiles-et-crestois.org<\/a><\/strong><\/p>\n\n\n\n<p><strong>Contact <\/strong><br><a href=\"mailto:exiles-et-crestois@riseup.net\">exiles-et-crestois@riseup.net<\/a><br>Maison Marguerite <br>21 Cours Joubernon <br>26400 Crest<\/p>\n<\/div>\n\n\n\n<div class=\"wp-block-column is-layout-flow wp-block-column-is-layout-flow\">\n<h2 class=\"wp-block-heading has-vivid-red-color has-text-color has-link-color has-medium-font-size wp-elements-85838930016bb9c8fdf6a5f8b104911c\"><strong>VAL DE DR\u00d4ME ACCUEIL R\u00c9FUGI\u00c9S<\/strong> <\/h2>\n\n\n\n<figure class=\"wp-block-image alignleft size-large is-resized\"><img loading=\"lazy\" decoding=\"async\" width=\"1024\" height=\"392\" src=\"https:\/\/www.collectifsrefugiesdromevaucluse.fr\/wp-content\/uploads\/2025\/10\/Logo-VDAR-en-jpg-4-1024x392.jpg\" alt=\"\" class=\"wp-image-7022\" style=\"width:156px;height:auto\" srcset=\"https:\/\/www.collectifsrefugiesdromevaucluse.fr\/wp-content\/uploads\/2025\/10\/Logo-VDAR-en-jpg-4-1024x392.jpg 1024w, https:\/\/www.collectifsrefugiesdromevaucluse.fr\/wp-content\/uploads\/2025\/10\/Logo-VDAR-en-jpg-4-300x115.jpg 300w, https:\/\/www.collectifsrefugiesdromevaucluse.fr\/wp-content\/uploads\/2025\/10\/Logo-VDAR-en-jpg-4-768x294.jpg 768w, https:\/\/www.collectifsrefugiesdromevaucluse.fr\/wp-content\/uploads\/2025\/10\/Logo-VDAR-en-jpg-4-1536x588.jpg 1536w, https:\/\/www.collectifsrefugiesdromevaucluse.fr\/wp-content\/uploads\/2025\/10\/Logo-VDAR-en-jpg-4-2048x784.jpg 2048w, https:\/\/www.collectifsrefugiesdromevaucluse.fr\/wp-content\/uploads\/2025\/10\/Logo-VDAR-en-jpg-4-1320x505.jpg 1320w\" sizes=\"auto, (max-width: 1024px) 100vw, 1024px\" \/><\/figure>\n\n\n\n<p>Pour Lison, signature du plaidoyer pour un accueil inconditionnel. <\/p>\n\n\n\n<p>VDAR (Val de Dr\u00f4me Accueil R\u00e9fugi\u00e9s) est une association 1901.<\/p>\n\n\n\n<p>Elle s\u2019est cr\u00e9\u00e9e en 2016. Son si\u00e8ge social est \u00e0 Crest, Maison Marguerite au 21 cours Joubernon, 26400, Crest.<\/p>\n\n\n\n<p>Elle a pour but l\u2019accueil et l\u2019accompagnement de demandeurs d\u2019asile et de r\u00e9fugi\u00e9s sur notre territoire.<\/p>\n\n\n\n<div class=\"wp-block-file\" style=\"border-style:none;border-width:0px;padding-top:0px;padding-right:0px;padding-bottom:0px;padding-left:0px\"><a id=\"wp-block-file--media-c6f33c5e-bc35-4452-aea2-3f3ab7e3f496\" href=\"https:\/\/www.collectifsrefugiesdromevaucluse.fr\/wp-content\/uploads\/2025\/10\/Description-VDAR.pdf\">Descriptif complet VDAR<\/a><a href=\"https:\/\/www.collectifsrefugiesdromevaucluse.fr\/wp-content\/uploads\/2025\/10\/Description-VDAR.pdf\" class=\"wp-block-file__button wp-element-button\" download aria-describedby=\"wp-block-file--media-c6f33c5e-bc35-4452-aea2-3f3ab7e3f496\">T\u00e9l\u00e9charger<\/a><\/div>\n\n\n\n<p><strong>Adresse&nbsp;: <a href=\"mailto:valdedromerefugies@gmail.com\">valdedromerefugies@gmail.com<\/a>&nbsp; Blog&nbsp;: <a href=\"https:\/\/www.drome-accueil-solidaire.org\/\">drome-accueil-solidaire.org\/<\/a><\/strong><\/p>\n<\/div>\n<\/div>\n\n\n\n<p><\/p>\n","protected":false},"excerpt":{"rendered":"<p>EXIL\u00c9S ET CRESTOIS L&#8217;association loi 1901, cr\u00e9\u00e9e le 25 mai 2020, a pour objet d\u2019aider les personnes exil\u00e9es sur le territoire du Crestois (CCVD &amp; 3CPS) pour qu\u2019elles b\u00e9n\u00e9ficient d\u2019une existence d\u00e9cente sur notre territoire.&nbsp; Dans un but exclusivement humanitaire et sans contrepartie directe ou indirecte, l\u2019association Exil\u00e9s et Crestois mobilise les ressources de toutes [&hellip;]<\/p>\n","protected":false},"author":1,"featured_media":7260,"parent":0,"menu_order":0,"comment_status":"closed","ping_status":"closed","template":"","meta":{"footnotes":""},"class_list":["post-4214","page","type-page","status-publish","has-post-thumbnail","hentry"],"yoast_head":"<!-- This site is optimized with the Yoast SEO plugin v27.5 - https:\/\/yoast.com\/product\/yoast-seo-wordpress\/ -->\n<title>Crest - Collectifs pour l&#039;accueil des r\u00e9fugi\u00e9s en dr\u00f4me et vaucluse<\/title>\n<meta name=\"robots\" content=\"index, follow, max-snippet:-1, max-image-preview:large, max-video-preview:-1\" \/>\n<link rel=\"canonical\" href=\"https:\/\/www.collectifsrefugiesdromevaucluse.fr\/index.php\/comites__trashed\/26400-crest\/\" \/>\n<meta property=\"og:locale\" content=\"fr_FR\" \/>\n<meta property=\"og:type\" content=\"article\" \/>\n<meta property=\"og:title\" content=\"Crest - Collectifs pour l&#039;accueil des r\u00e9fugi\u00e9s en dr\u00f4me et vaucluse\" \/>\n<meta property=\"og:description\" content=\"EXIL\u00c9S ET CRESTOIS L&#8217;association loi 1901, cr\u00e9\u00e9e le 25 mai 2020, a pour objet d\u2019aider les personnes exil\u00e9es sur le territoire du Crestois (CCVD &amp; 3CPS) pour qu\u2019elles b\u00e9n\u00e9ficient d\u2019une existence d\u00e9cente sur notre territoire.&nbsp; Dans un but exclusivement humanitaire et sans contrepartie directe ou indirecte, l\u2019association Exil\u00e9s et Crestois mobilise les ressources de toutes [&hellip;]\" \/>\n<meta property=\"og:url\" content=\"https:\/\/www.collectifsrefugiesdromevaucluse.fr\/index.php\/comites__trashed\/26400-crest\/\" \/>\n<meta property=\"og:site_name\" content=\"Collectifs pour l&#039;accueil des r\u00e9fugi\u00e9s en dr\u00f4me et vaucluse\" \/>\n<meta property=\"article:modified_time\" content=\"2026-02-19T00:30:24+00:00\" \/>\n<meta property=\"og:image\" content=\"https:\/\/www.collectifsrefugiesdromevaucluse.fr\/wp-content\/uploads\/2026\/02\/logo-exiles-crestois.jpeg\" \/>\n\t<meta property=\"og:image:width\" content=\"2094\" \/>\n\t<meta property=\"og:image:height\" content=\"1912\" \/>\n\t<meta property=\"og:image:type\" content=\"image\/jpeg\" \/>\n<meta name=\"twitter:card\" content=\"summary_large_image\" \/>\n<meta name=\"twitter:label1\" content=\"Dur\u00e9e de lecture estim\u00e9e\" \/>\n\t<meta name=\"twitter:data1\" content=\"2 minutes\" \/>\n<script type=\"application\/ld+json\" class=\"yoast-schema-graph\">{\"@context\":\"https:\\\/\\\/schema.org\",\"@graph\":[{\"@type\":\"WebPage\",\"@id\":\"https:\\\/\\\/www.collectifsrefugiesdromevaucluse.fr\\\/index.php\\\/comites__trashed\\\/26400-crest\\\/\",\"url\":\"https:\\\/\\\/www.collectifsrefugiesdromevaucluse.fr\\\/index.php\\\/comites__trashed\\\/26400-crest\\\/\",\"name\":\"Crest - Collectifs pour l&#039;accueil des r\u00e9fugi\u00e9s en dr\u00f4me et vaucluse\",\"isPartOf\":{\"@id\":\"https:\\\/\\\/www.collectifsrefugiesdromevaucluse.fr\\\/#website\"},\"primaryImageOfPage\":{\"@id\":\"https:\\\/\\\/www.collectifsrefugiesdromevaucluse.fr\\\/index.php\\\/comites__trashed\\\/26400-crest\\\/#primaryimage\"},\"image\":{\"@id\":\"https:\\\/\\\/www.collectifsrefugiesdromevaucluse.fr\\\/index.php\\\/comites__trashed\\\/26400-crest\\\/#primaryimage\"},\"thumbnailUrl\":\"https:\\\/\\\/www.collectifsrefugiesdromevaucluse.fr\\\/wp-content\\\/uploads\\\/2026\\\/02\\\/logo-exiles-crestois.jpeg\",\"datePublished\":\"2021-01-16T18:19:07+00:00\",\"dateModified\":\"2026-02-19T00:30:24+00:00\",\"breadcrumb\":{\"@id\":\"https:\\\/\\\/www.collectifsrefugiesdromevaucluse.fr\\\/index.php\\\/comites__trashed\\\/26400-crest\\\/#breadcrumb\"},\"inLanguage\":\"fr-FR\",\"potentialAction\":[{\"@type\":\"ReadAction\",\"target\":[\"https:\\\/\\\/www.collectifsrefugiesdromevaucluse.fr\\\/index.php\\\/comites__trashed\\\/26400-crest\\\/\"]}]},{\"@type\":\"ImageObject\",\"inLanguage\":\"fr-FR\",\"@id\":\"https:\\\/\\\/www.collectifsrefugiesdromevaucluse.fr\\\/index.php\\\/comites__trashed\\\/26400-crest\\\/#primaryimage\",\"url\":\"https:\\\/\\\/www.collectifsrefugiesdromevaucluse.fr\\\/wp-content\\\/uploads\\\/2026\\\/02\\\/logo-exiles-crestois.jpeg\",\"contentUrl\":\"https:\\\/\\\/www.collectifsrefugiesdromevaucluse.fr\\\/wp-content\\\/uploads\\\/2026\\\/02\\\/logo-exiles-crestois.jpeg\",\"width\":2094,\"height\":1912},{\"@type\":\"BreadcrumbList\",\"@id\":\"https:\\\/\\\/www.collectifsrefugiesdromevaucluse.fr\\\/index.php\\\/comites__trashed\\\/26400-crest\\\/#breadcrumb\",\"itemListElement\":[{\"@type\":\"ListItem\",\"position\":1,\"name\":\"Accueil\",\"item\":\"https:\\\/\\\/www.collectifsrefugiesdromevaucluse.fr\\\/\"},{\"@type\":\"ListItem\",\"position\":2,\"name\":\"Crest\"}]},{\"@type\":\"WebSite\",\"@id\":\"https:\\\/\\\/www.collectifsrefugiesdromevaucluse.fr\\\/#website\",\"url\":\"https:\\\/\\\/www.collectifsrefugiesdromevaucluse.fr\\\/\",\"name\":\"Collectifs pour l'accueil des r\u00e9fugi\u00e9s en dr\u00f4me et vaucluse\",\"description\":\"L&#039;accueil des r\u00e9fugi\u00e9s en Dr\u00f4me et Vaucluse\",\"publisher\":{\"@id\":\"https:\\\/\\\/www.collectifsrefugiesdromevaucluse.fr\\\/#organization\"},\"potentialAction\":[{\"@type\":\"SearchAction\",\"target\":{\"@type\":\"EntryPoint\",\"urlTemplate\":\"https:\\\/\\\/www.collectifsrefugiesdromevaucluse.fr\\\/?s={search_term_string}\"},\"query-input\":{\"@type\":\"PropertyValueSpecification\",\"valueRequired\":true,\"valueName\":\"search_term_string\"}}],\"inLanguage\":\"fr-FR\"},{\"@type\":\"Organization\",\"@id\":\"https:\\\/\\\/www.collectifsrefugiesdromevaucluse.fr\\\/#organization\",\"name\":\"Collectifs pour l'accueil des r\u00e9fugi\u00e9s en dr\u00f4me et vaucluse\",\"url\":\"https:\\\/\\\/www.collectifsrefugiesdromevaucluse.fr\\\/\",\"logo\":{\"@type\":\"ImageObject\",\"inLanguage\":\"fr-FR\",\"@id\":\"https:\\\/\\\/www.collectifsrefugiesdromevaucluse.fr\\\/#\\\/schema\\\/logo\\\/image\\\/\",\"url\":\"https:\\\/\\\/www.collectifsrefugiesdromevaucluse.fr\\\/wp-content\\\/uploads\\\/2026\\\/02\\\/Logo-MP.png\",\"contentUrl\":\"https:\\\/\\\/www.collectifsrefugiesdromevaucluse.fr\\\/wp-content\\\/uploads\\\/2026\\\/02\\\/Logo-MP.png\",\"width\":802,\"height\":734,\"caption\":\"Collectifs pour l'accueil des r\u00e9fugi\u00e9s en dr\u00f4me et vaucluse\"},\"image\":{\"@id\":\"https:\\\/\\\/www.collectifsrefugiesdromevaucluse.fr\\\/#\\\/schema\\\/logo\\\/image\\\/\"}}]}<\/script>\n<!-- \/ Yoast SEO plugin. -->","yoast_head_json":{"title":"Crest - Collectifs pour l&#039;accueil des r\u00e9fugi\u00e9s en dr\u00f4me et vaucluse","robots":{"index":"index","follow":"follow","max-snippet":"max-snippet:-1","max-image-preview":"max-image-preview:large","max-video-preview":"max-video-preview:-1"},"canonical":"https:\/\/www.collectifsrefugiesdromevaucluse.fr\/index.php\/comites__trashed\/26400-crest\/","og_locale":"fr_FR","og_type":"article","og_title":"Crest - Collectifs pour l&#039;accueil des r\u00e9fugi\u00e9s en dr\u00f4me et vaucluse","og_description":"EXIL\u00c9S ET CRESTOIS L&#8217;association loi 1901, cr\u00e9\u00e9e le 25 mai 2020, a pour objet d\u2019aider les personnes exil\u00e9es sur le territoire du Crestois (CCVD &amp; 3CPS) pour qu\u2019elles b\u00e9n\u00e9ficient d\u2019une existence d\u00e9cente sur notre territoire.&nbsp; Dans un but exclusivement humanitaire et sans contrepartie directe ou indirecte, l\u2019association Exil\u00e9s et Crestois mobilise les ressources de toutes [&hellip;]","og_url":"https:\/\/www.collectifsrefugiesdromevaucluse.fr\/index.php\/comites__trashed\/26400-crest\/","og_site_name":"Collectifs pour l&#039;accueil des r\u00e9fugi\u00e9s en dr\u00f4me et vaucluse","article_modified_time":"2026-02-19T00:30:24+00:00","og_image":[{"width":2094,"height":1912,"url":"https:\/\/www.collectifsrefugiesdromevaucluse.fr\/wp-content\/uploads\/2026\/02\/logo-exiles-crestois.jpeg","type":"image\/jpeg"}],"twitter_card":"summary_large_image","twitter_misc":{"Dur\u00e9e de lecture estim\u00e9e":"2 minutes"},"schema":{"@context":"https:\/\/schema.org","@graph":[{"@type":"WebPage","@id":"https:\/\/www.collectifsrefugiesdromevaucluse.fr\/index.php\/comites__trashed\/26400-crest\/","url":"https:\/\/www.collectifsrefugiesdromevaucluse.fr\/index.php\/comites__trashed\/26400-crest\/","name":"Crest - Collectifs pour l&#039;accueil des r\u00e9fugi\u00e9s en dr\u00f4me et vaucluse","isPartOf":{"@id":"https:\/\/www.collectifsrefugiesdromevaucluse.fr\/#website"},"primaryImageOfPage":{"@id":"https:\/\/www.collectifsrefugiesdromevaucluse.fr\/index.php\/comites__trashed\/26400-crest\/#primaryimage"},"image":{"@id":"https:\/\/www.collectifsrefugiesdromevaucluse.fr\/index.php\/comites__trashed\/26400-crest\/#primaryimage"},"thumbnailUrl":"https:\/\/www.collectifsrefugiesdromevaucluse.fr\/wp-content\/uploads\/2026\/02\/logo-exiles-crestois.jpeg","datePublished":"2021-01-16T18:19:07+00:00","dateModified":"2026-02-19T00:30:24+00:00","breadcrumb":{"@id":"https:\/\/www.collectifsrefugiesdromevaucluse.fr\/index.php\/comites__trashed\/26400-crest\/#breadcrumb"},"inLanguage":"fr-FR","potentialAction":[{"@type":"ReadAction","target":["https:\/\/www.collectifsrefugiesdromevaucluse.fr\/index.php\/comites__trashed\/26400-crest\/"]}]},{"@type":"ImageObject","inLanguage":"fr-FR","@id":"https:\/\/www.collectifsrefugiesdromevaucluse.fr\/index.php\/comites__trashed\/26400-crest\/#primaryimage","url":"https:\/\/www.collectifsrefugiesdromevaucluse.fr\/wp-content\/uploads\/2026\/02\/logo-exiles-crestois.jpeg","contentUrl":"https:\/\/www.collectifsrefugiesdromevaucluse.fr\/wp-content\/uploads\/2026\/02\/logo-exiles-crestois.jpeg","width":2094,"height":1912},{"@type":"BreadcrumbList","@id":"https:\/\/www.collectifsrefugiesdromevaucluse.fr\/index.php\/comites__trashed\/26400-crest\/#breadcrumb","itemListElement":[{"@type":"ListItem","position":1,"name":"Accueil","item":"https:\/\/www.collectifsrefugiesdromevaucluse.fr\/"},{"@type":"ListItem","position":2,"name":"Crest"}]},{"@type":"WebSite","@id":"https:\/\/www.collectifsrefugiesdromevaucluse.fr\/#website","url":"https:\/\/www.collectifsrefugiesdromevaucluse.fr\/","name":"Collectifs pour l'accueil des r\u00e9fugi\u00e9s en dr\u00f4me et vaucluse","description":"L&#039;accueil des r\u00e9fugi\u00e9s en Dr\u00f4me et Vaucluse","publisher":{"@id":"https:\/\/www.collectifsrefugiesdromevaucluse.fr\/#organization"},"potentialAction":[{"@type":"SearchAction","target":{"@type":"EntryPoint","urlTemplate":"https:\/\/www.collectifsrefugiesdromevaucluse.fr\/?s={search_term_string}"},"query-input":{"@type":"PropertyValueSpecification","valueRequired":true,"valueName":"search_term_string"}}],"inLanguage":"fr-FR"},{"@type":"Organization","@id":"https:\/\/www.collectifsrefugiesdromevaucluse.fr\/#organization","name":"Collectifs pour l'accueil des r\u00e9fugi\u00e9s en dr\u00f4me et vaucluse","url":"https:\/\/www.collectifsrefugiesdromevaucluse.fr\/","logo":{"@type":"ImageObject","inLanguage":"fr-FR","@id":"https:\/\/www.collectifsrefugiesdromevaucluse.fr\/#\/schema\/logo\/image\/","url":"https:\/\/www.collectifsrefugiesdromevaucluse.fr\/wp-content\/uploads\/2026\/02\/Logo-MP.png","contentUrl":"https:\/\/www.collectifsrefugiesdromevaucluse.fr\/wp-content\/uploads\/2026\/02\/Logo-MP.png","width":802,"height":734,"caption":"Collectifs pour l'accueil des r\u00e9fugi\u00e9s en dr\u00f4me et vaucluse"},"image":{"@id":"https:\/\/www.collectifsrefugiesdromevaucluse.fr\/#\/schema\/logo\/image\/"}}]}},"jetpack_sharing_enabled":true,"_links":{"self":[{"href":"https:\/\/www.collectifsrefugiesdromevaucluse.fr\/index.php\/wp-json\/wp\/v2\/pages\/4214","targetHints":{"allow":["GET"]}}],"collection":[{"href":"https:\/\/www.collectifsrefugiesdromevaucluse.fr\/index.php\/wp-json\/wp\/v2\/pages"}],"about":[{"href":"https:\/\/www.collectifsrefugiesdromevaucluse.fr\/index.php\/wp-json\/wp\/v2\/types\/page"}],"author":[{"embeddable":true,"href":"https:\/\/www.collectifsrefugiesdromevaucluse.fr\/index.php\/wp-json\/wp\/v2\/users\/1"}],"replies":[{"embeddable":true,"href":"https:\/\/www.collectifsrefugiesdromevaucluse.fr\/index.php\/wp-json\/wp\/v2\/comments?post=4214"}],"version-history":[{"count":18,"href":"https:\/\/www.collectifsrefugiesdromevaucluse.fr\/index.php\/wp-json\/wp\/v2\/pages\/4214\/revisions"}],"predecessor-version":[{"id":7046,"href":"https:\/\/www.collectifsrefugiesdromevaucluse.fr\/index.php\/wp-json\/wp\/v2\/pages\/4214\/revisions\/7046"}],"wp:featuredmedia":[{"embeddable":true,"href":"https:\/\/www.collectifsrefugiesdromevaucluse.fr\/index.php\/wp-json\/wp\/v2\/media\/7260"}],"wp:attachment":[{"href":"https:\/\/www.collectifsrefugiesdromevaucluse.fr\/index.php\/wp-json\/wp\/v2\/media?parent=4214"}],"curies":[{"name":"wp","href":"https:\/\/api.w.org\/{rel}","templated":true}]}}