{"id":262,"date":"2016-05-18T19:57:29","date_gmt":"2016-05-18T18:57:29","guid":{"rendered":"https:\/\/refugiescollectifsdromesud.wordpress.com\/?page_id=262"},"modified":"2025-06-23T14:06:37","modified_gmt":"2025-06-23T12:06:37","slug":"liens-associations","status":"publish","type":"page","link":"https:\/\/www.collectifsrefugiesdromevaucluse.fr\/index.php\/liens-associations\/","title":{"rendered":"nos Partenaires"},"content":{"rendered":"\n<p style=\"margin-right:var(--wp--preset--spacing--40);margin-left:var(--wp--preset--spacing--40);padding-right:var(--wp--preset--spacing--40);padding-left:var(--wp--preset--spacing--40)\"><em>Notre Plateforme&nbsp;<\/em><a href=\"http:\/\/collectifsrefugiesdromevaucluse.fr\"><strong><em>Collectifs d\u2019Accueil des R\u00e9fugi\u00e9s en Dr\u00f4me et Vaucluse<\/em><\/strong><\/a><em>&nbsp;est partenaire des associations suivantes<\/em><\/p>\n\n\n\n<ul class=\"wp-block-list\">\n<li style=\"line-height:2\"><a href=\"http:\/\/adossansfrontiere.collectif-citoyen.fr\/\"><strong>Ados sans fronti\u00e8res<\/strong><\/a><\/li>\n\n\n\n<li style=\"line-height:2.2\"><a href=\"https:\/\/www.amnesty.org\/fr\/\" target=\"_blank\" rel=\"noreferrer noopener\"><strong>Amnesty International<\/strong><\/a><\/li>\n\n\n\n<li style=\"line-height:2.2\"><a href=\"https:\/\/www.facebook.com\/groups\/854346631345480\/\" target=\"_blank\" rel=\"noreferrer noopener\"><strong>ASTI<\/strong>&nbsp;&nbsp;<strong>VALENCE<\/strong><\/a>&nbsp;(ASTIV) Association de Solidarit\u00e9 avec Tou-te-s les Immigr\u00e9-e- s de&nbsp;<strong>Valence<\/strong>.<\/li>\n\n\n\n<li style=\"line-height:2.2\"><a href=\"https:\/\/www.laubergedesmigrants.fr\/fr\/accueil\/\" target=\"_blank\" rel=\"noreferrer noopener\"><strong>Auberge des Migrants<\/strong><\/a><\/li>\n\n\n\n<li style=\"font-style:normal;font-weight:600;line-height:2\"><a href=\"https:\/\/reporterre.net\/\">A 4 &#8211; REPORTERRE<\/a><\/li>\n\n\n\n<li style=\"line-height:2\"><a href=\"https:\/\/www.facebook.com\/briserlesfeontieres\/\"><strong>Briser les fronti\u00e8res<\/strong><\/a><\/li>\n\n\n\n<li style=\"line-height:2.2\"><strong><a href=\"https:\/\/100pour1vaucluse.fr\/les-projets\/lassociation-100-pour-1\/\">Cent pour un (100 pour 1)<\/a> \u2013&nbsp;<\/strong> 84200 Carpentras<\/li>\n\n\n\n<li style=\"line-height:2.2\"><a href=\"https:\/\/carrefourdeshabitantsdunyonsais.wordpress.com\/\" target=\"_blank\" rel=\"noreferrer noopener\"><strong>Centre Social de Nyons<\/strong><\/a><strong>: Carrefour des habitants \u2013 T\u00e9l 04 75 26 47 31<\/strong><\/li>\n\n\n\n<li style=\"font-style:normal;font-weight:600;line-height:2\"><a href=\"https:\/\/desinfoxmigrations.fr\/\">DESINFOX-MIGRATIONS<\/a><\/li>\n\n\n\n<li style=\"line-height:2.2\"><a href=\"http:\/\/www.fep.asso.fr\/\" target=\"_blank\" rel=\"noreferrer noopener\"><strong>F\u00e9d\u00e9ration Entraide Protestante<\/strong><\/a><\/li>\n\n\n\n<li style=\"line-height:2\"><a href=\"https:\/\/www.gisti.org\/\"><strong>GISTI<\/strong><\/a><\/li>\n\n\n\n<li style=\"line-height:2.2\"><a href=\"http:\/\/www.jrsfrance.org\/jrs-welcome-refugie\/\" target=\"_blank\" rel=\"noreferrer noopener\"><strong>JRS Welcome France<\/strong><\/a> Antenne Welcome 05 Gap<\/li>\n\n\n\n<li style=\"line-height:2.2\"><a href=\"https:\/\/www.lacimade.org\/\" target=\"_blank\" rel=\"noreferrer noopener\"><strong>La Cimade<\/strong><\/a><\/li>\n\n\n\n<li style=\"line-height:2.2\"><a href=\"https:\/\/www.ldh-france.org\/\" target=\"_blank\" rel=\"noreferrer noopener\"><strong>Ligue des Droits de l\u2019Homme<\/strong><\/a> Antenne de 26110 Nyons<\/li>\n\n\n\n<li style=\"font-style:normal;font-weight:600;line-height:2\"><a href=\"https:\/\/www.patrons-solidaires.org\/\">Patrons solidaires<\/a><\/li>\n\n\n\n<li style=\"font-style:normal;font-weight:600;line-height:2\"><a href=\"https:\/\/www.passerellesasso.fr\/\">Passerelles<\/a><\/li>\n\n\n\n<li style=\"line-height:2\"><a href=\"https:\/\/www.facebook.com\/groups\/123081368042139\/\"><strong>Plateforme d\u2019Aide aux R\u00e9fugi\u00e9s en France<\/strong><\/a><\/li>\n\n\n\n<li style=\"line-height:2\"><a href=\"http:\/\/www.psmigrants.org\/site\/\"><strong>Plateforme de Service aux Migrants (PSM)<\/strong><\/a><\/li>\n\n\n\n<li style=\"line-height:2.2\"><a href=\"http:\/\/www.educationsansfrontieres.org\/\" target=\"_blank\" rel=\"noreferrer noopener\"><strong>R\u00e9seau Education Sans Fronti\u00e8res (RESF)<\/strong><\/a> <a href=\"http:\/\/www.educationsansfrontieres.org\/?page=contacts&amp;id_rubrique=190\">Antenne Avignon<\/a><\/li>\n\n\n\n<li style=\"line-height:2.2\"><a href=\"http:\/\/www.reseauhospitalite.org\/\" target=\"_blank\" rel=\"noreferrer noopener\"><strong>R\u00e9seau Hospitalit\u00e9<\/strong><\/a><\/li>\n\n\n\n<li style=\"line-height:2.2\"><a href=\"https:\/\/collectifrosa.wordpress.com\/\" target=\"_blank\" rel=\"noreferrer noopener\"><strong>ROSA<\/strong><\/a> R\u00e9seau d\u2019Op\u00e9ration Solidaire et d\u2019Action- 26000 Valence<\/li>\n\n\n\n<li style=\"line-height:2.2\"><a href=\"https:\/\/terreerrance.wordpress.com\/\" target=\"_blank\" rel=\"noreferrer noopener\"><strong>Terre d\u2019Errance<\/strong><\/a><a href=\"https:\/\/www.facebook.com\/terrederrance\/\"> Terre d\u2019Errance Facebook<\/a><\/li>\n\n\n\n<li style=\"line-height:2\"><a href=\"https:\/\/tousmigrants.weebly.com\/\"><strong>Tous migrants<\/strong><\/a> <a href=\"https:\/\/www.facebook.com\/tousmigrants\/?fref=mentions\">Tous migrants Facebook<\/a><\/li>\n<\/ul>\n\n\n\n<p>&nbsp;<\/p>\n\n\n\n<p>&nbsp;<\/p>\n","protected":false},"excerpt":{"rendered":"<p>Notre Plateforme&nbsp;Collectifs d\u2019Accueil des R\u00e9fugi\u00e9s en Dr\u00f4me et Vaucluse&nbsp;est partenaire des associations suivantes &nbsp; &nbsp;<\/p>\n","protected":false},"author":1,"featured_media":0,"parent":0,"menu_order":2,"comment_status":"closed","ping_status":"closed","template":"","meta":{"footnotes":""},"class_list":["post-262","page","type-page","status-publish","hentry"],"yoast_head":"<!-- This site is optimized with the Yoast SEO plugin v27.5 - https:\/\/yoast.com\/product\/yoast-seo-wordpress\/ -->\n<title>nos Partenaires - Collectifs pour l&#039;accueil des r\u00e9fugi\u00e9s en dr\u00f4me et vaucluse<\/title>\n<meta name=\"robots\" content=\"index, follow, max-snippet:-1, max-image-preview:large, max-video-preview:-1\" \/>\n<link rel=\"canonical\" href=\"https:\/\/www.collectifsrefugiesdromevaucluse.fr\/index.php\/liens-associations\/\" \/>\n<meta property=\"og:locale\" content=\"fr_FR\" \/>\n<meta property=\"og:type\" content=\"article\" \/>\n<meta property=\"og:title\" content=\"nos Partenaires - Collectifs pour l&#039;accueil des r\u00e9fugi\u00e9s en dr\u00f4me et vaucluse\" \/>\n<meta property=\"og:description\" content=\"Notre Plateforme&nbsp;Collectifs d\u2019Accueil des R\u00e9fugi\u00e9s en Dr\u00f4me et Vaucluse&nbsp;est partenaire des associations suivantes &nbsp; &nbsp;\" \/>\n<meta property=\"og:url\" content=\"https:\/\/www.collectifsrefugiesdromevaucluse.fr\/index.php\/liens-associations\/\" \/>\n<meta property=\"og:site_name\" content=\"Collectifs pour l&#039;accueil des r\u00e9fugi\u00e9s en dr\u00f4me et vaucluse\" \/>\n<meta property=\"article:modified_time\" content=\"2025-06-23T12:06:37+00:00\" \/>\n<meta name=\"twitter:card\" content=\"summary_large_image\" \/>\n<meta name=\"twitter:label1\" content=\"Dur\u00e9e de lecture estim\u00e9e\" \/>\n\t<meta name=\"twitter:data1\" content=\"1 minute\" \/>\n<script type=\"application\/ld+json\" class=\"yoast-schema-graph\">{\"@context\":\"https:\\\/\\\/schema.org\",\"@graph\":[{\"@type\":\"WebPage\",\"@id\":\"https:\\\/\\\/www.collectifsrefugiesdromevaucluse.fr\\\/index.php\\\/liens-associations\\\/\",\"url\":\"https:\\\/\\\/www.collectifsrefugiesdromevaucluse.fr\\\/index.php\\\/liens-associations\\\/\",\"name\":\"nos Partenaires - Collectifs pour l&#039;accueil des r\u00e9fugi\u00e9s en dr\u00f4me et vaucluse\",\"isPartOf\":{\"@id\":\"https:\\\/\\\/www.collectifsrefugiesdromevaucluse.fr\\\/#website\"},\"datePublished\":\"2016-05-18T18:57:29+00:00\",\"dateModified\":\"2025-06-23T12:06:37+00:00\",\"breadcrumb\":{\"@id\":\"https:\\\/\\\/www.collectifsrefugiesdromevaucluse.fr\\\/index.php\\\/liens-associations\\\/#breadcrumb\"},\"inLanguage\":\"fr-FR\",\"potentialAction\":[{\"@type\":\"ReadAction\",\"target\":[\"https:\\\/\\\/www.collectifsrefugiesdromevaucluse.fr\\\/index.php\\\/liens-associations\\\/\"]}]},{\"@type\":\"BreadcrumbList\",\"@id\":\"https:\\\/\\\/www.collectifsrefugiesdromevaucluse.fr\\\/index.php\\\/liens-associations\\\/#breadcrumb\",\"itemListElement\":[{\"@type\":\"ListItem\",\"position\":1,\"name\":\"Accueil\",\"item\":\"https:\\\/\\\/www.collectifsrefugiesdromevaucluse.fr\\\/\"},{\"@type\":\"ListItem\",\"position\":2,\"name\":\"nos Partenaires\"}]},{\"@type\":\"WebSite\",\"@id\":\"https:\\\/\\\/www.collectifsrefugiesdromevaucluse.fr\\\/#website\",\"url\":\"https:\\\/\\\/www.collectifsrefugiesdromevaucluse.fr\\\/\",\"name\":\"Collectifs pour l'accueil des r\u00e9fugi\u00e9s en dr\u00f4me et vaucluse\",\"description\":\"L&#039;accueil des r\u00e9fugi\u00e9s en Dr\u00f4me et Vaucluse\",\"publisher\":{\"@id\":\"https:\\\/\\\/www.collectifsrefugiesdromevaucluse.fr\\\/#organization\"},\"potentialAction\":[{\"@type\":\"SearchAction\",\"target\":{\"@type\":\"EntryPoint\",\"urlTemplate\":\"https:\\\/\\\/www.collectifsrefugiesdromevaucluse.fr\\\/?s={search_term_string}\"},\"query-input\":{\"@type\":\"PropertyValueSpecification\",\"valueRequired\":true,\"valueName\":\"search_term_string\"}}],\"inLanguage\":\"fr-FR\"},{\"@type\":\"Organization\",\"@id\":\"https:\\\/\\\/www.collectifsrefugiesdromevaucluse.fr\\\/#organization\",\"name\":\"Collectifs pour l'accueil des r\u00e9fugi\u00e9s en dr\u00f4me et vaucluse\",\"url\":\"https:\\\/\\\/www.collectifsrefugiesdromevaucluse.fr\\\/\",\"logo\":{\"@type\":\"ImageObject\",\"inLanguage\":\"fr-FR\",\"@id\":\"https:\\\/\\\/www.collectifsrefugiesdromevaucluse.fr\\\/#\\\/schema\\\/logo\\\/image\\\/\",\"url\":\"https:\\\/\\\/www.collectifsrefugiesdromevaucluse.fr\\\/wp-content\\\/uploads\\\/2026\\\/02\\\/Logo-MP.png\",\"contentUrl\":\"https:\\\/\\\/www.collectifsrefugiesdromevaucluse.fr\\\/wp-content\\\/uploads\\\/2026\\\/02\\\/Logo-MP.png\",\"width\":802,\"height\":734,\"caption\":\"Collectifs pour l'accueil des r\u00e9fugi\u00e9s en dr\u00f4me et vaucluse\"},\"image\":{\"@id\":\"https:\\\/\\\/www.collectifsrefugiesdromevaucluse.fr\\\/#\\\/schema\\\/logo\\\/image\\\/\"}}]}<\/script>\n<!-- \/ Yoast SEO plugin. -->","yoast_head_json":{"title":"nos Partenaires - Collectifs pour l&#039;accueil des r\u00e9fugi\u00e9s en dr\u00f4me et vaucluse","robots":{"index":"index","follow":"follow","max-snippet":"max-snippet:-1","max-image-preview":"max-image-preview:large","max-video-preview":"max-video-preview:-1"},"canonical":"https:\/\/www.collectifsrefugiesdromevaucluse.fr\/index.php\/liens-associations\/","og_locale":"fr_FR","og_type":"article","og_title":"nos Partenaires - Collectifs pour l&#039;accueil des r\u00e9fugi\u00e9s en dr\u00f4me et vaucluse","og_description":"Notre Plateforme&nbsp;Collectifs d\u2019Accueil des R\u00e9fugi\u00e9s en Dr\u00f4me et Vaucluse&nbsp;est partenaire des associations suivantes &nbsp; &nbsp;","og_url":"https:\/\/www.collectifsrefugiesdromevaucluse.fr\/index.php\/liens-associations\/","og_site_name":"Collectifs pour l&#039;accueil des r\u00e9fugi\u00e9s en dr\u00f4me et vaucluse","article_modified_time":"2025-06-23T12:06:37+00:00","twitter_card":"summary_large_image","twitter_misc":{"Dur\u00e9e de lecture estim\u00e9e":"1 minute"},"schema":{"@context":"https:\/\/schema.org","@graph":[{"@type":"WebPage","@id":"https:\/\/www.collectifsrefugiesdromevaucluse.fr\/index.php\/liens-associations\/","url":"https:\/\/www.collectifsrefugiesdromevaucluse.fr\/index.php\/liens-associations\/","name":"nos Partenaires - Collectifs pour l&#039;accueil des r\u00e9fugi\u00e9s en dr\u00f4me et vaucluse","isPartOf":{"@id":"https:\/\/www.collectifsrefugiesdromevaucluse.fr\/#website"},"datePublished":"2016-05-18T18:57:29+00:00","dateModified":"2025-06-23T12:06:37+00:00","breadcrumb":{"@id":"https:\/\/www.collectifsrefugiesdromevaucluse.fr\/index.php\/liens-associations\/#breadcrumb"},"inLanguage":"fr-FR","potentialAction":[{"@type":"ReadAction","target":["https:\/\/www.collectifsrefugiesdromevaucluse.fr\/index.php\/liens-associations\/"]}]},{"@type":"BreadcrumbList","@id":"https:\/\/www.collectifsrefugiesdromevaucluse.fr\/index.php\/liens-associations\/#breadcrumb","itemListElement":[{"@type":"ListItem","position":1,"name":"Accueil","item":"https:\/\/www.collectifsrefugiesdromevaucluse.fr\/"},{"@type":"ListItem","position":2,"name":"nos Partenaires"}]},{"@type":"WebSite","@id":"https:\/\/www.collectifsrefugiesdromevaucluse.fr\/#website","url":"https:\/\/www.collectifsrefugiesdromevaucluse.fr\/","name":"Collectifs pour l'accueil des r\u00e9fugi\u00e9s en dr\u00f4me et vaucluse","description":"L&#039;accueil des r\u00e9fugi\u00e9s en Dr\u00f4me et Vaucluse","publisher":{"@id":"https:\/\/www.collectifsrefugiesdromevaucluse.fr\/#organization"},"potentialAction":[{"@type":"SearchAction","target":{"@type":"EntryPoint","urlTemplate":"https:\/\/www.collectifsrefugiesdromevaucluse.fr\/?s={search_term_string}"},"query-input":{"@type":"PropertyValueSpecification","valueRequired":true,"valueName":"search_term_string"}}],"inLanguage":"fr-FR"},{"@type":"Organization","@id":"https:\/\/www.collectifsrefugiesdromevaucluse.fr\/#organization","name":"Collectifs pour l'accueil des r\u00e9fugi\u00e9s en dr\u00f4me et vaucluse","url":"https:\/\/www.collectifsrefugiesdromevaucluse.fr\/","logo":{"@type":"ImageObject","inLanguage":"fr-FR","@id":"https:\/\/www.collectifsrefugiesdromevaucluse.fr\/#\/schema\/logo\/image\/","url":"https:\/\/www.collectifsrefugiesdromevaucluse.fr\/wp-content\/uploads\/2026\/02\/Logo-MP.png","contentUrl":"https:\/\/www.collectifsrefugiesdromevaucluse.fr\/wp-content\/uploads\/2026\/02\/Logo-MP.png","width":802,"height":734,"caption":"Collectifs pour l'accueil des r\u00e9fugi\u00e9s en dr\u00f4me et vaucluse"},"image":{"@id":"https:\/\/www.collectifsrefugiesdromevaucluse.fr\/#\/schema\/logo\/image\/"}}]}},"jetpack_sharing_enabled":true,"_links":{"self":[{"href":"https:\/\/www.collectifsrefugiesdromevaucluse.fr\/index.php\/wp-json\/wp\/v2\/pages\/262","targetHints":{"allow":["GET"]}}],"collection":[{"href":"https:\/\/www.collectifsrefugiesdromevaucluse.fr\/index.php\/wp-json\/wp\/v2\/pages"}],"about":[{"href":"https:\/\/www.collectifsrefugiesdromevaucluse.fr\/index.php\/wp-json\/wp\/v2\/types\/page"}],"author":[{"embeddable":true,"href":"https:\/\/www.collectifsrefugiesdromevaucluse.fr\/index.php\/wp-json\/wp\/v2\/users\/1"}],"replies":[{"embeddable":true,"href":"https:\/\/www.collectifsrefugiesdromevaucluse.fr\/index.php\/wp-json\/wp\/v2\/comments?post=262"}],"version-history":[{"count":11,"href":"https:\/\/www.collectifsrefugiesdromevaucluse.fr\/index.php\/wp-json\/wp\/v2\/pages\/262\/revisions"}],"predecessor-version":[{"id":6841,"href":"https:\/\/www.collectifsrefugiesdromevaucluse.fr\/index.php\/wp-json\/wp\/v2\/pages\/262\/revisions\/6841"}],"wp:attachment":[{"href":"https:\/\/www.collectifsrefugiesdromevaucluse.fr\/index.php\/wp-json\/wp\/v2\/media?parent=262"}],"curies":[{"name":"wp","href":"https:\/\/api.w.org\/{rel}","templated":true}]}}