{"id":221,"date":"2016-05-05T10:22:12","date_gmt":"2016-05-05T09:22:12","guid":{"rendered":"https:\/\/refugiescollectifsdromesud.wordpress.com\/?page_id=221"},"modified":"2025-06-23T14:06:00","modified_gmt":"2025-06-23T12:06:00","slug":"presentation-du-comite-citoyen-de-nyons-pour-les-refugies","status":"publish","type":"page","link":"https:\/\/www.collectifsrefugiesdromevaucluse.fr\/index.php\/presentation-du-comite-citoyen-de-nyons-pour-les-refugies\/","title":{"rendered":"Nyons &#8211; Comit\u00e9 Citoyen de Nyons pour les R\u00e9fugi\u00e9s (CCNR)"},"content":{"rendered":"<p><span style=\"color:#ff6600;\"><em>Mise \u00e0 jour du 03 01 2018<\/em><\/span><\/p>\n<p><strong>NYONS<\/strong><\/p>\n<p><strong>COMITE CITOYEN DE NYONS POUR LES REFUGIES<\/strong><\/p>\n<p><strong>PRESENTATION DU COMITE CITOYEN DE NYONS POUR LES REFUGIES<\/strong><\/p>\n<p style=\"text-align:justify;\">Le<strong> Comit\u00e9 Citoyen de Nyons pour les R\u00e9fugi\u00e9s (CCNR) <\/strong>est un collectif de citoyens qui s\u2019est constitu\u00e9 en d\u00e9cembre 2015 \u00e0 l&#8217;occasion d&#8217;une r\u00e9union publique initi\u00e9e par la Municipalit\u00e9 de Nyons pour organiser l&#8217;accueil d&#8217;une famille de r\u00e9fugi\u00e9s sur la commune.<\/p>\n<p style=\"text-align:justify;\">Depuis le 12 juillet 2016, le CCNR accompagne une famille de r\u00e9fugi\u00e9s kurdes syriens de cinq personnes &#8211; un couple avec trois enfants &#8211; install\u00e9e dans un logement (T4) mis \u00e0 disposition \u00e0 titre gracieux par la Mairie pour un an et faisant depuis le 1er octobre 2017 du versement d&#8217;un loyer. Le CCNR s&#8217;est charg\u00e9 d&#8217;\u00e9quiper cet appartement r\u00e9nov\u00e9 par la Mairie de Nyons, faisant appel , pour cela aux dons et&nbsp; bonnes volont\u00e9s.<\/p>\n<p style=\"text-align:justify;\">Dans un premier temps, cet accompagnement a consist\u00e9 \u00e0 effectuer toutes les d\u00e9marches administratives n\u00e9cessaires pour r\u00e9gulariser la situation administrative de la famille et lui faire acqu\u00e9rir les droits sociaux minimum (RSA, AF, CMU\u2026). Ces d\u00e9marches ont abouti en octobre-novembre 2016. Pendant cette p\u00e9riode, le CCNR a pourvu aux besoins de la famille par l&#8217;organisation de manifestations et gr\u00e2ce \u00e0 des dons et \u00e0 l&#8217;aide du CCAS de Nyons (\u00e9picerie sociale).<\/p>\n<p style=\"text-align:justify;\">Par ailleurs, le CCNR a mis en place durant l&#8217;\u00e9t\u00e9 2016 les diff\u00e9rentes actions n\u00e9cessaires \u00e0 l&#8217;insertion et \u00e0 l&#8217;autonomie sociale de la famille : cours de Fran\u00e7ais pour les adultes et les enfants,&nbsp; activit\u00e9s de loisirs, acc\u00e8s \u00e0 un jardin partag\u00e9, \u00e9quipement t\u00e9l\u00e9phonique et informatique\u2026 Puis d\u00e8s le mois de septembre la famille a int\u00e9gr\u00e9 les ateliers d&#8217;initiation au fran\u00e7ais,&nbsp; de&nbsp;soutien scolaire et d&#8217;activit\u00e9s culturelles&nbsp;pour les&nbsp; enfants<\/p>\n<p style=\"text-align:justify;\">Le CCNR ne s\u2019\u00e9tant pas constitu\u00e9 en association, un partenariat avec l\u2019association Carrefour des Habitants a permis la signature avec la Pr\u00e9fecture de la Dr\u00f4me d&#8217;une convention attributive de subvention et l\u2019ouverture par cette derni\u00e8re d\u2019un compte bancaire h\u00e9bergeant les fonds destin\u00e9s \u00e0 la famille.<\/p>\n<p style=\"text-align:justify;\">Outre le Carrefour des Habitants, le CCNR a tiss\u00e9 des liens au niveau local avec des associations \u0153uvrant pour le respect des droits humains : Amnesty International, la Ligue des Droits de l&#8217;Homme, \u2026 Il travaille \u00e9galement en lien avec des comit\u00e9s similaires dans la r\u00e9gion. Il est membre de la Plateforme des Comit\u00e9s d&#8217;Accueil de R\u00e9fugi\u00e9s en Dr\u00f4me, Ard\u00e8che et Vaucluse (CARDAV).<\/p>\n<p style=\"text-align:justify;\">Le CCNR accompagne d\u00e9sormais la famille dans les d\u00e9marches administratives et le cas \u00e9ch\u00e9ant pour des rendez-vous m\u00e9dicaux \u2026<\/p>\n<p><strong>E-mail du CCNR : <\/strong><a href=\"mailto:comite.citoyen.nyons.refugies@gmail.com\"><strong>comite.citoyen.nyons.refugies@gmail.com<\/strong><\/a><strong>&nbsp;&nbsp;&nbsp;&nbsp;&nbsp;&nbsp;&nbsp;&nbsp;&nbsp;&nbsp;&nbsp;&nbsp;&nbsp;&nbsp;&nbsp;&nbsp;&nbsp;&nbsp;&nbsp;&nbsp;&nbsp;&nbsp;&nbsp;&nbsp;&nbsp; 28-12-2017<\/strong><\/p>\n<p>&nbsp;<\/p>\n<p>&nbsp;<\/p>\n<p>&nbsp;<\/p>\n","protected":false},"excerpt":{"rendered":"<p>Mise \u00e0 jour du 03 01 2018 NYONS COMITE CITOYEN DE NYONS POUR LES REFUGIES PRESENTATION DU COMITE CITOYEN DE NYONS POUR LES REFUGIES Le Comit\u00e9 Citoyen de Nyons pour les R\u00e9fugi\u00e9s (CCNR) est un collectif de citoyens qui s\u2019est constitu\u00e9 en d\u00e9cembre 2015 \u00e0 l&#8217;occasion d&#8217;une r\u00e9union publique initi\u00e9e par la Municipalit\u00e9 de Nyons [&hellip;]<\/p>\n","protected":false},"author":1,"featured_media":220,"parent":0,"menu_order":0,"comment_status":"closed","ping_status":"closed","template":"","meta":{"footnotes":""},"class_list":["post-221","page","type-page","status-publish","has-post-thumbnail","hentry"],"yoast_head":"<!-- This site is optimized with the Yoast SEO plugin v27.5 - https:\/\/yoast.com\/product\/yoast-seo-wordpress\/ -->\n<title>Nyons - Comit\u00e9 Citoyen de Nyons pour les R\u00e9fugi\u00e9s (CCNR) - Collectifs pour l&#039;accueil des r\u00e9fugi\u00e9s en dr\u00f4me et vaucluse<\/title>\n<meta name=\"robots\" content=\"index, follow, max-snippet:-1, max-image-preview:large, max-video-preview:-1\" \/>\n<link rel=\"canonical\" href=\"https:\/\/www.collectifsrefugiesdromevaucluse.fr\/index.php\/comites__trashed\/presentation-du-comite-citoyen-de-nyons-pour-les-refugies\/\" \/>\n<meta property=\"og:locale\" content=\"fr_FR\" \/>\n<meta property=\"og:type\" content=\"article\" \/>\n<meta property=\"og:title\" content=\"Nyons - Comit\u00e9 Citoyen de Nyons pour les R\u00e9fugi\u00e9s (CCNR) - Collectifs pour l&#039;accueil des r\u00e9fugi\u00e9s en dr\u00f4me et vaucluse\" \/>\n<meta property=\"og:description\" content=\"Mise \u00e0 jour du 03 01 2018 NYONS COMITE CITOYEN DE NYONS POUR LES REFUGIES PRESENTATION DU COMITE CITOYEN DE NYONS POUR LES REFUGIES Le Comit\u00e9 Citoyen de Nyons pour les R\u00e9fugi\u00e9s (CCNR) est un collectif de citoyens qui s\u2019est constitu\u00e9 en d\u00e9cembre 2015 \u00e0 l&#8217;occasion d&#8217;une r\u00e9union publique initi\u00e9e par la Municipalit\u00e9 de Nyons [&hellip;]\" \/>\n<meta property=\"og:url\" content=\"https:\/\/www.collectifsrefugiesdromevaucluse.fr\/index.php\/comites__trashed\/presentation-du-comite-citoyen-de-nyons-pour-les-refugies\/\" \/>\n<meta property=\"og:site_name\" content=\"Collectifs pour l&#039;accueil des r\u00e9fugi\u00e9s en dr\u00f4me et vaucluse\" \/>\n<meta property=\"article:modified_time\" content=\"2025-06-23T12:06:00+00:00\" \/>\n<meta property=\"og:image\" content=\"https:\/\/www.collectifsrefugiesdromevaucluse.fr\/wp-content\/uploads\/2016\/05\/nyons_web.jpg\" \/>\n\t<meta property=\"og:image:width\" content=\"1024\" \/>\n\t<meta property=\"og:image:height\" content=\"386\" \/>\n\t<meta property=\"og:image:type\" content=\"image\/jpeg\" \/>\n<meta name=\"twitter:card\" content=\"summary_large_image\" \/>\n<meta name=\"twitter:label1\" content=\"Dur\u00e9e de lecture estim\u00e9e\" \/>\n\t<meta name=\"twitter:data1\" content=\"2 minutes\" \/>\n<script type=\"application\/ld+json\" class=\"yoast-schema-graph\">{\"@context\":\"https:\\\/\\\/schema.org\",\"@graph\":[{\"@type\":\"WebPage\",\"@id\":\"https:\\\/\\\/www.collectifsrefugiesdromevaucluse.fr\\\/index.php\\\/comites__trashed\\\/presentation-du-comite-citoyen-de-nyons-pour-les-refugies\\\/\",\"url\":\"https:\\\/\\\/www.collectifsrefugiesdromevaucluse.fr\\\/index.php\\\/comites__trashed\\\/presentation-du-comite-citoyen-de-nyons-pour-les-refugies\\\/\",\"name\":\"Nyons - Comit\u00e9 Citoyen de Nyons pour les R\u00e9fugi\u00e9s (CCNR) - Collectifs pour l&#039;accueil des r\u00e9fugi\u00e9s en dr\u00f4me et vaucluse\",\"isPartOf\":{\"@id\":\"https:\\\/\\\/www.collectifsrefugiesdromevaucluse.fr\\\/#website\"},\"primaryImageOfPage\":{\"@id\":\"https:\\\/\\\/www.collectifsrefugiesdromevaucluse.fr\\\/index.php\\\/comites__trashed\\\/presentation-du-comite-citoyen-de-nyons-pour-les-refugies\\\/#primaryimage\"},\"image\":{\"@id\":\"https:\\\/\\\/www.collectifsrefugiesdromevaucluse.fr\\\/index.php\\\/comites__trashed\\\/presentation-du-comite-citoyen-de-nyons-pour-les-refugies\\\/#primaryimage\"},\"thumbnailUrl\":\"https:\\\/\\\/www.collectifsrefugiesdromevaucluse.fr\\\/wp-content\\\/uploads\\\/2016\\\/05\\\/nyons_web.jpg\",\"datePublished\":\"2016-05-05T09:22:12+00:00\",\"dateModified\":\"2025-06-23T12:06:00+00:00\",\"breadcrumb\":{\"@id\":\"https:\\\/\\\/www.collectifsrefugiesdromevaucluse.fr\\\/index.php\\\/comites__trashed\\\/presentation-du-comite-citoyen-de-nyons-pour-les-refugies\\\/#breadcrumb\"},\"inLanguage\":\"fr-FR\",\"potentialAction\":[{\"@type\":\"ReadAction\",\"target\":[\"https:\\\/\\\/www.collectifsrefugiesdromevaucluse.fr\\\/index.php\\\/comites__trashed\\\/presentation-du-comite-citoyen-de-nyons-pour-les-refugies\\\/\"]}]},{\"@type\":\"ImageObject\",\"inLanguage\":\"fr-FR\",\"@id\":\"https:\\\/\\\/www.collectifsrefugiesdromevaucluse.fr\\\/index.php\\\/comites__trashed\\\/presentation-du-comite-citoyen-de-nyons-pour-les-refugies\\\/#primaryimage\",\"url\":\"https:\\\/\\\/www.collectifsrefugiesdromevaucluse.fr\\\/wp-content\\\/uploads\\\/2016\\\/05\\\/nyons_web.jpg\",\"contentUrl\":\"https:\\\/\\\/www.collectifsrefugiesdromevaucluse.fr\\\/wp-content\\\/uploads\\\/2016\\\/05\\\/nyons_web.jpg\",\"width\":1024,\"height\":386,\"caption\":\"Nyons (26)\"},{\"@type\":\"BreadcrumbList\",\"@id\":\"https:\\\/\\\/www.collectifsrefugiesdromevaucluse.fr\\\/index.php\\\/comites__trashed\\\/presentation-du-comite-citoyen-de-nyons-pour-les-refugies\\\/#breadcrumb\",\"itemListElement\":[{\"@type\":\"ListItem\",\"position\":1,\"name\":\"Accueil\",\"item\":\"https:\\\/\\\/www.collectifsrefugiesdromevaucluse.fr\\\/\"},{\"@type\":\"ListItem\",\"position\":2,\"name\":\"Nyons &#8211; Comit\u00e9 Citoyen de Nyons pour les R\u00e9fugi\u00e9s (CCNR)\"}]},{\"@type\":\"WebSite\",\"@id\":\"https:\\\/\\\/www.collectifsrefugiesdromevaucluse.fr\\\/#website\",\"url\":\"https:\\\/\\\/www.collectifsrefugiesdromevaucluse.fr\\\/\",\"name\":\"Collectifs pour l'accueil des r\u00e9fugi\u00e9s en dr\u00f4me et vaucluse\",\"description\":\"L&#039;accueil des r\u00e9fugi\u00e9s en Dr\u00f4me et Vaucluse\",\"publisher\":{\"@id\":\"https:\\\/\\\/www.collectifsrefugiesdromevaucluse.fr\\\/#organization\"},\"potentialAction\":[{\"@type\":\"SearchAction\",\"target\":{\"@type\":\"EntryPoint\",\"urlTemplate\":\"https:\\\/\\\/www.collectifsrefugiesdromevaucluse.fr\\\/?s={search_term_string}\"},\"query-input\":{\"@type\":\"PropertyValueSpecification\",\"valueRequired\":true,\"valueName\":\"search_term_string\"}}],\"inLanguage\":\"fr-FR\"},{\"@type\":\"Organization\",\"@id\":\"https:\\\/\\\/www.collectifsrefugiesdromevaucluse.fr\\\/#organization\",\"name\":\"Collectifs pour l'accueil des r\u00e9fugi\u00e9s en dr\u00f4me et vaucluse\",\"url\":\"https:\\\/\\\/www.collectifsrefugiesdromevaucluse.fr\\\/\",\"logo\":{\"@type\":\"ImageObject\",\"inLanguage\":\"fr-FR\",\"@id\":\"https:\\\/\\\/www.collectifsrefugiesdromevaucluse.fr\\\/#\\\/schema\\\/logo\\\/image\\\/\",\"url\":\"https:\\\/\\\/www.collectifsrefugiesdromevaucluse.fr\\\/wp-content\\\/uploads\\\/2026\\\/02\\\/Logo-MP.png\",\"contentUrl\":\"https:\\\/\\\/www.collectifsrefugiesdromevaucluse.fr\\\/wp-content\\\/uploads\\\/2026\\\/02\\\/Logo-MP.png\",\"width\":802,\"height\":734,\"caption\":\"Collectifs pour l'accueil des r\u00e9fugi\u00e9s en dr\u00f4me et vaucluse\"},\"image\":{\"@id\":\"https:\\\/\\\/www.collectifsrefugiesdromevaucluse.fr\\\/#\\\/schema\\\/logo\\\/image\\\/\"}}]}<\/script>\n<!-- \/ Yoast SEO plugin. -->","yoast_head_json":{"title":"Nyons - Comit\u00e9 Citoyen de Nyons pour les R\u00e9fugi\u00e9s (CCNR) - Collectifs pour l&#039;accueil des r\u00e9fugi\u00e9s en dr\u00f4me et vaucluse","robots":{"index":"index","follow":"follow","max-snippet":"max-snippet:-1","max-image-preview":"max-image-preview:large","max-video-preview":"max-video-preview:-1"},"canonical":"https:\/\/www.collectifsrefugiesdromevaucluse.fr\/index.php\/comites__trashed\/presentation-du-comite-citoyen-de-nyons-pour-les-refugies\/","og_locale":"fr_FR","og_type":"article","og_title":"Nyons - Comit\u00e9 Citoyen de Nyons pour les R\u00e9fugi\u00e9s (CCNR) - Collectifs pour l&#039;accueil des r\u00e9fugi\u00e9s en dr\u00f4me et vaucluse","og_description":"Mise \u00e0 jour du 03 01 2018 NYONS COMITE CITOYEN DE NYONS POUR LES REFUGIES PRESENTATION DU COMITE CITOYEN DE NYONS POUR LES REFUGIES Le Comit\u00e9 Citoyen de Nyons pour les R\u00e9fugi\u00e9s (CCNR) est un collectif de citoyens qui s\u2019est constitu\u00e9 en d\u00e9cembre 2015 \u00e0 l&#8217;occasion d&#8217;une r\u00e9union publique initi\u00e9e par la Municipalit\u00e9 de Nyons [&hellip;]","og_url":"https:\/\/www.collectifsrefugiesdromevaucluse.fr\/index.php\/comites__trashed\/presentation-du-comite-citoyen-de-nyons-pour-les-refugies\/","og_site_name":"Collectifs pour l&#039;accueil des r\u00e9fugi\u00e9s en dr\u00f4me et vaucluse","article_modified_time":"2025-06-23T12:06:00+00:00","og_image":[{"width":1024,"height":386,"url":"https:\/\/www.collectifsrefugiesdromevaucluse.fr\/wp-content\/uploads\/2016\/05\/nyons_web.jpg","type":"image\/jpeg"}],"twitter_card":"summary_large_image","twitter_misc":{"Dur\u00e9e de lecture estim\u00e9e":"2 minutes"},"schema":{"@context":"https:\/\/schema.org","@graph":[{"@type":"WebPage","@id":"https:\/\/www.collectifsrefugiesdromevaucluse.fr\/index.php\/comites__trashed\/presentation-du-comite-citoyen-de-nyons-pour-les-refugies\/","url":"https:\/\/www.collectifsrefugiesdromevaucluse.fr\/index.php\/comites__trashed\/presentation-du-comite-citoyen-de-nyons-pour-les-refugies\/","name":"Nyons - Comit\u00e9 Citoyen de Nyons pour les R\u00e9fugi\u00e9s (CCNR) - Collectifs pour l&#039;accueil des r\u00e9fugi\u00e9s en dr\u00f4me et vaucluse","isPartOf":{"@id":"https:\/\/www.collectifsrefugiesdromevaucluse.fr\/#website"},"primaryImageOfPage":{"@id":"https:\/\/www.collectifsrefugiesdromevaucluse.fr\/index.php\/comites__trashed\/presentation-du-comite-citoyen-de-nyons-pour-les-refugies\/#primaryimage"},"image":{"@id":"https:\/\/www.collectifsrefugiesdromevaucluse.fr\/index.php\/comites__trashed\/presentation-du-comite-citoyen-de-nyons-pour-les-refugies\/#primaryimage"},"thumbnailUrl":"https:\/\/www.collectifsrefugiesdromevaucluse.fr\/wp-content\/uploads\/2016\/05\/nyons_web.jpg","datePublished":"2016-05-05T09:22:12+00:00","dateModified":"2025-06-23T12:06:00+00:00","breadcrumb":{"@id":"https:\/\/www.collectifsrefugiesdromevaucluse.fr\/index.php\/comites__trashed\/presentation-du-comite-citoyen-de-nyons-pour-les-refugies\/#breadcrumb"},"inLanguage":"fr-FR","potentialAction":[{"@type":"ReadAction","target":["https:\/\/www.collectifsrefugiesdromevaucluse.fr\/index.php\/comites__trashed\/presentation-du-comite-citoyen-de-nyons-pour-les-refugies\/"]}]},{"@type":"ImageObject","inLanguage":"fr-FR","@id":"https:\/\/www.collectifsrefugiesdromevaucluse.fr\/index.php\/comites__trashed\/presentation-du-comite-citoyen-de-nyons-pour-les-refugies\/#primaryimage","url":"https:\/\/www.collectifsrefugiesdromevaucluse.fr\/wp-content\/uploads\/2016\/05\/nyons_web.jpg","contentUrl":"https:\/\/www.collectifsrefugiesdromevaucluse.fr\/wp-content\/uploads\/2016\/05\/nyons_web.jpg","width":1024,"height":386,"caption":"Nyons (26)"},{"@type":"BreadcrumbList","@id":"https:\/\/www.collectifsrefugiesdromevaucluse.fr\/index.php\/comites__trashed\/presentation-du-comite-citoyen-de-nyons-pour-les-refugies\/#breadcrumb","itemListElement":[{"@type":"ListItem","position":1,"name":"Accueil","item":"https:\/\/www.collectifsrefugiesdromevaucluse.fr\/"},{"@type":"ListItem","position":2,"name":"Nyons &#8211; Comit\u00e9 Citoyen de Nyons pour les R\u00e9fugi\u00e9s (CCNR)"}]},{"@type":"WebSite","@id":"https:\/\/www.collectifsrefugiesdromevaucluse.fr\/#website","url":"https:\/\/www.collectifsrefugiesdromevaucluse.fr\/","name":"Collectifs pour l'accueil des r\u00e9fugi\u00e9s en dr\u00f4me et vaucluse","description":"L&#039;accueil des r\u00e9fugi\u00e9s en Dr\u00f4me et Vaucluse","publisher":{"@id":"https:\/\/www.collectifsrefugiesdromevaucluse.fr\/#organization"},"potentialAction":[{"@type":"SearchAction","target":{"@type":"EntryPoint","urlTemplate":"https:\/\/www.collectifsrefugiesdromevaucluse.fr\/?s={search_term_string}"},"query-input":{"@type":"PropertyValueSpecification","valueRequired":true,"valueName":"search_term_string"}}],"inLanguage":"fr-FR"},{"@type":"Organization","@id":"https:\/\/www.collectifsrefugiesdromevaucluse.fr\/#organization","name":"Collectifs pour l'accueil des r\u00e9fugi\u00e9s en dr\u00f4me et vaucluse","url":"https:\/\/www.collectifsrefugiesdromevaucluse.fr\/","logo":{"@type":"ImageObject","inLanguage":"fr-FR","@id":"https:\/\/www.collectifsrefugiesdromevaucluse.fr\/#\/schema\/logo\/image\/","url":"https:\/\/www.collectifsrefugiesdromevaucluse.fr\/wp-content\/uploads\/2026\/02\/Logo-MP.png","contentUrl":"https:\/\/www.collectifsrefugiesdromevaucluse.fr\/wp-content\/uploads\/2026\/02\/Logo-MP.png","width":802,"height":734,"caption":"Collectifs pour l'accueil des r\u00e9fugi\u00e9s en dr\u00f4me et vaucluse"},"image":{"@id":"https:\/\/www.collectifsrefugiesdromevaucluse.fr\/#\/schema\/logo\/image\/"}}]}},"jetpack_sharing_enabled":true,"_links":{"self":[{"href":"https:\/\/www.collectifsrefugiesdromevaucluse.fr\/index.php\/wp-json\/wp\/v2\/pages\/221","targetHints":{"allow":["GET"]}}],"collection":[{"href":"https:\/\/www.collectifsrefugiesdromevaucluse.fr\/index.php\/wp-json\/wp\/v2\/pages"}],"about":[{"href":"https:\/\/www.collectifsrefugiesdromevaucluse.fr\/index.php\/wp-json\/wp\/v2\/types\/page"}],"author":[{"embeddable":true,"href":"https:\/\/www.collectifsrefugiesdromevaucluse.fr\/index.php\/wp-json\/wp\/v2\/users\/1"}],"replies":[{"embeddable":true,"href":"https:\/\/www.collectifsrefugiesdromevaucluse.fr\/index.php\/wp-json\/wp\/v2\/comments?post=221"}],"version-history":[{"count":3,"href":"https:\/\/www.collectifsrefugiesdromevaucluse.fr\/index.php\/wp-json\/wp\/v2\/pages\/221\/revisions"}],"predecessor-version":[{"id":6837,"href":"https:\/\/www.collectifsrefugiesdromevaucluse.fr\/index.php\/wp-json\/wp\/v2\/pages\/221\/revisions\/6837"}],"wp:featuredmedia":[{"embeddable":true,"href":"https:\/\/www.collectifsrefugiesdromevaucluse.fr\/index.php\/wp-json\/wp\/v2\/media\/220"}],"wp:attachment":[{"href":"https:\/\/www.collectifsrefugiesdromevaucluse.fr\/index.php\/wp-json\/wp\/v2\/media?parent=221"}],"curies":[{"name":"wp","href":"https:\/\/api.w.org\/{rel}","templated":true}]}}