{"id":1953,"date":"2018-01-03T22:11:36","date_gmt":"2018-01-03T21:11:36","guid":{"rendered":"https:\/\/refugiescollectifsdromesud.wordpress.com\/?page_id=1953"},"modified":"2025-06-23T14:05:37","modified_gmt":"2025-06-23T12:05:37","slug":"pierrelatte","status":"publish","type":"page","link":"https:\/\/www.collectifsrefugiesdromevaucluse.fr\/index.php\/pierrelatte\/","title":{"rendered":"Pierrelatte"},"content":{"rendered":"<p><span style=\"color:#ff6600;\"><em>Mise \u00e0 jour d\u00e9cembre 2017<\/em><\/span><\/p>\n<p><strong>COLLECTIF DE PIERRELATTE&nbsp;EN CETTE FIN D\u2019ANN\u00c9E 2017<\/strong><\/p>\n<p><em>Il est compos\u00e9 de 14 membres.<\/em><\/p>\n<p><span style=\"color:#008080;\"><strong><u>Son objectif initial<\/u><\/strong><u><\/u>:<\/span> accueillir une famille de r\u00e9fugi\u00e9s n\u2019est plus d\u2019actualit\u00e9.<\/p>\n<ul>\n<li>Le logement mis \u00e0 disposition a \u00e9t\u00e9 retir\u00e9 en raison du d\u00e9c\u00e8s de son propri\u00e9taire<\/li>\n<\/ul>\n<ul>\n<li>La Municipalit\u00e9 de Pierrelatte s\u2019est oppos\u00e9e \u00e0 apporter toute aide&nbsp;:<br \/>\nExemple&nbsp;: Refus d\u2019ouvrir l\u2019\u00e9picerie sociale<\/li>\n<\/ul>\n<p><span style=\"color:#008080;\"><span style=\"color:#008080;\"><strong><u>Son objectif actuel&nbsp;<\/u><\/strong><strong>:<\/strong><\/span><\/span><\/p>\n<ul>\n<li>rester disponible pour apporter soutien ponctuel au collectif de St Paul 3 Ch\u00e2teaux ou \u00e0 d\u2019autres sites<\/li>\n<\/ul>\n<ul>\n<li>\u00eatre en lien avec l\u2019association PLURIELS qui accueille des jeunes mineurs r\u00e9fugi\u00e9s<\/li>\n<\/ul>\n<ul>\n<li>apporter une aide \u00e0 la demande&nbsp;:<\/li>\n<\/ul>\n<ul>\n<li>Alphab\u00e9tisation,<\/li>\n<\/ul>\n<ul>\n<li>Sorties hors de Pierrelatte<\/li>\n<\/ul>\n<p><a href=\"mailto:cpar26@gmail.com\">cpar26@gmail.com<\/a><br \/>\nContacts&nbsp;: Guy Bonnardel&nbsp;&nbsp; 04 75 98 98 09<\/p>\n<p><em>D\u00e9cembre 2017<\/em><\/p>\n<p>&nbsp;<\/p>\n","protected":false},"excerpt":{"rendered":"<p>Mise \u00e0 jour d\u00e9cembre 2017 COLLECTIF DE PIERRELATTE&nbsp;EN CETTE FIN D\u2019ANN\u00c9E 2017 Il est compos\u00e9 de 14 membres. Son objectif initial: accueillir une famille de r\u00e9fugi\u00e9s n\u2019est plus d\u2019actualit\u00e9. Le logement mis \u00e0 disposition a \u00e9t\u00e9 retir\u00e9 en raison du d\u00e9c\u00e8s de son propri\u00e9taire La Municipalit\u00e9 de Pierrelatte s\u2019est oppos\u00e9e \u00e0 apporter toute aide&nbsp;: Exemple&nbsp;: [&hellip;]<\/p>\n","protected":false},"author":1,"featured_media":0,"parent":0,"menu_order":0,"comment_status":"closed","ping_status":"closed","template":"","meta":{"footnotes":""},"class_list":["post-1953","page","type-page","status-publish","hentry"],"yoast_head":"<!-- This site is optimized with the Yoast SEO plugin v27.5 - https:\/\/yoast.com\/product\/yoast-seo-wordpress\/ -->\n<title>Pierrelatte - Collectifs pour l&#039;accueil des r\u00e9fugi\u00e9s en dr\u00f4me et vaucluse<\/title>\n<meta name=\"robots\" content=\"index, follow, max-snippet:-1, max-image-preview:large, max-video-preview:-1\" \/>\n<link rel=\"canonical\" href=\"https:\/\/www.collectifsrefugiesdromevaucluse.fr\/index.php\/comites__trashed\/pierrelatte\/\" \/>\n<meta property=\"og:locale\" content=\"fr_FR\" \/>\n<meta property=\"og:type\" content=\"article\" \/>\n<meta property=\"og:title\" content=\"Pierrelatte - Collectifs pour l&#039;accueil des r\u00e9fugi\u00e9s en dr\u00f4me et vaucluse\" \/>\n<meta property=\"og:description\" content=\"Mise \u00e0 jour d\u00e9cembre 2017 COLLECTIF DE PIERRELATTE&nbsp;EN CETTE FIN D\u2019ANN\u00c9E 2017 Il est compos\u00e9 de 14 membres. Son objectif initial: accueillir une famille de r\u00e9fugi\u00e9s n\u2019est plus d\u2019actualit\u00e9. Le logement mis \u00e0 disposition a \u00e9t\u00e9 retir\u00e9 en raison du d\u00e9c\u00e8s de son propri\u00e9taire La Municipalit\u00e9 de Pierrelatte s\u2019est oppos\u00e9e \u00e0 apporter toute aide&nbsp;: Exemple&nbsp;: [&hellip;]\" \/>\n<meta property=\"og:url\" content=\"https:\/\/www.collectifsrefugiesdromevaucluse.fr\/index.php\/comites__trashed\/pierrelatte\/\" \/>\n<meta property=\"og:site_name\" content=\"Collectifs pour l&#039;accueil des r\u00e9fugi\u00e9s en dr\u00f4me et vaucluse\" \/>\n<meta property=\"article:modified_time\" content=\"2025-06-23T12:05:37+00:00\" \/>\n<meta name=\"twitter:card\" content=\"summary_large_image\" \/>\n<meta name=\"twitter:label1\" content=\"Dur\u00e9e de lecture estim\u00e9e\" \/>\n\t<meta name=\"twitter:data1\" content=\"1 minute\" \/>\n<script type=\"application\/ld+json\" class=\"yoast-schema-graph\">{\"@context\":\"https:\\\/\\\/schema.org\",\"@graph\":[{\"@type\":\"WebPage\",\"@id\":\"https:\\\/\\\/www.collectifsrefugiesdromevaucluse.fr\\\/index.php\\\/comites__trashed\\\/pierrelatte\\\/\",\"url\":\"https:\\\/\\\/www.collectifsrefugiesdromevaucluse.fr\\\/index.php\\\/comites__trashed\\\/pierrelatte\\\/\",\"name\":\"Pierrelatte - Collectifs pour l&#039;accueil des r\u00e9fugi\u00e9s en dr\u00f4me et vaucluse\",\"isPartOf\":{\"@id\":\"https:\\\/\\\/www.collectifsrefugiesdromevaucluse.fr\\\/#website\"},\"datePublished\":\"2018-01-03T21:11:36+00:00\",\"dateModified\":\"2025-06-23T12:05:37+00:00\",\"breadcrumb\":{\"@id\":\"https:\\\/\\\/www.collectifsrefugiesdromevaucluse.fr\\\/index.php\\\/comites__trashed\\\/pierrelatte\\\/#breadcrumb\"},\"inLanguage\":\"fr-FR\",\"potentialAction\":[{\"@type\":\"ReadAction\",\"target\":[\"https:\\\/\\\/www.collectifsrefugiesdromevaucluse.fr\\\/index.php\\\/comites__trashed\\\/pierrelatte\\\/\"]}]},{\"@type\":\"BreadcrumbList\",\"@id\":\"https:\\\/\\\/www.collectifsrefugiesdromevaucluse.fr\\\/index.php\\\/comites__trashed\\\/pierrelatte\\\/#breadcrumb\",\"itemListElement\":[{\"@type\":\"ListItem\",\"position\":1,\"name\":\"Accueil\",\"item\":\"https:\\\/\\\/www.collectifsrefugiesdromevaucluse.fr\\\/\"},{\"@type\":\"ListItem\",\"position\":2,\"name\":\"Pierrelatte\"}]},{\"@type\":\"WebSite\",\"@id\":\"https:\\\/\\\/www.collectifsrefugiesdromevaucluse.fr\\\/#website\",\"url\":\"https:\\\/\\\/www.collectifsrefugiesdromevaucluse.fr\\\/\",\"name\":\"Collectifs pour l'accueil des r\u00e9fugi\u00e9s en dr\u00f4me et vaucluse\",\"description\":\"L&#039;accueil des r\u00e9fugi\u00e9s en Dr\u00f4me et Vaucluse\",\"publisher\":{\"@id\":\"https:\\\/\\\/www.collectifsrefugiesdromevaucluse.fr\\\/#organization\"},\"potentialAction\":[{\"@type\":\"SearchAction\",\"target\":{\"@type\":\"EntryPoint\",\"urlTemplate\":\"https:\\\/\\\/www.collectifsrefugiesdromevaucluse.fr\\\/?s={search_term_string}\"},\"query-input\":{\"@type\":\"PropertyValueSpecification\",\"valueRequired\":true,\"valueName\":\"search_term_string\"}}],\"inLanguage\":\"fr-FR\"},{\"@type\":\"Organization\",\"@id\":\"https:\\\/\\\/www.collectifsrefugiesdromevaucluse.fr\\\/#organization\",\"name\":\"Collectifs pour l'accueil des r\u00e9fugi\u00e9s en dr\u00f4me et vaucluse\",\"url\":\"https:\\\/\\\/www.collectifsrefugiesdromevaucluse.fr\\\/\",\"logo\":{\"@type\":\"ImageObject\",\"inLanguage\":\"fr-FR\",\"@id\":\"https:\\\/\\\/www.collectifsrefugiesdromevaucluse.fr\\\/#\\\/schema\\\/logo\\\/image\\\/\",\"url\":\"https:\\\/\\\/www.collectifsrefugiesdromevaucluse.fr\\\/wp-content\\\/uploads\\\/2026\\\/02\\\/Logo-MP.png\",\"contentUrl\":\"https:\\\/\\\/www.collectifsrefugiesdromevaucluse.fr\\\/wp-content\\\/uploads\\\/2026\\\/02\\\/Logo-MP.png\",\"width\":802,\"height\":734,\"caption\":\"Collectifs pour l'accueil des r\u00e9fugi\u00e9s en dr\u00f4me et vaucluse\"},\"image\":{\"@id\":\"https:\\\/\\\/www.collectifsrefugiesdromevaucluse.fr\\\/#\\\/schema\\\/logo\\\/image\\\/\"}}]}<\/script>\n<!-- \/ Yoast SEO plugin. -->","yoast_head_json":{"title":"Pierrelatte - Collectifs pour l&#039;accueil des r\u00e9fugi\u00e9s en dr\u00f4me et vaucluse","robots":{"index":"index","follow":"follow","max-snippet":"max-snippet:-1","max-image-preview":"max-image-preview:large","max-video-preview":"max-video-preview:-1"},"canonical":"https:\/\/www.collectifsrefugiesdromevaucluse.fr\/index.php\/comites__trashed\/pierrelatte\/","og_locale":"fr_FR","og_type":"article","og_title":"Pierrelatte - Collectifs pour l&#039;accueil des r\u00e9fugi\u00e9s en dr\u00f4me et vaucluse","og_description":"Mise \u00e0 jour d\u00e9cembre 2017 COLLECTIF DE PIERRELATTE&nbsp;EN CETTE FIN D\u2019ANN\u00c9E 2017 Il est compos\u00e9 de 14 membres. Son objectif initial: accueillir une famille de r\u00e9fugi\u00e9s n\u2019est plus d\u2019actualit\u00e9. Le logement mis \u00e0 disposition a \u00e9t\u00e9 retir\u00e9 en raison du d\u00e9c\u00e8s de son propri\u00e9taire La Municipalit\u00e9 de Pierrelatte s\u2019est oppos\u00e9e \u00e0 apporter toute aide&nbsp;: Exemple&nbsp;: [&hellip;]","og_url":"https:\/\/www.collectifsrefugiesdromevaucluse.fr\/index.php\/comites__trashed\/pierrelatte\/","og_site_name":"Collectifs pour l&#039;accueil des r\u00e9fugi\u00e9s en dr\u00f4me et vaucluse","article_modified_time":"2025-06-23T12:05:37+00:00","twitter_card":"summary_large_image","twitter_misc":{"Dur\u00e9e de lecture estim\u00e9e":"1 minute"},"schema":{"@context":"https:\/\/schema.org","@graph":[{"@type":"WebPage","@id":"https:\/\/www.collectifsrefugiesdromevaucluse.fr\/index.php\/comites__trashed\/pierrelatte\/","url":"https:\/\/www.collectifsrefugiesdromevaucluse.fr\/index.php\/comites__trashed\/pierrelatte\/","name":"Pierrelatte - Collectifs pour l&#039;accueil des r\u00e9fugi\u00e9s en dr\u00f4me et vaucluse","isPartOf":{"@id":"https:\/\/www.collectifsrefugiesdromevaucluse.fr\/#website"},"datePublished":"2018-01-03T21:11:36+00:00","dateModified":"2025-06-23T12:05:37+00:00","breadcrumb":{"@id":"https:\/\/www.collectifsrefugiesdromevaucluse.fr\/index.php\/comites__trashed\/pierrelatte\/#breadcrumb"},"inLanguage":"fr-FR","potentialAction":[{"@type":"ReadAction","target":["https:\/\/www.collectifsrefugiesdromevaucluse.fr\/index.php\/comites__trashed\/pierrelatte\/"]}]},{"@type":"BreadcrumbList","@id":"https:\/\/www.collectifsrefugiesdromevaucluse.fr\/index.php\/comites__trashed\/pierrelatte\/#breadcrumb","itemListElement":[{"@type":"ListItem","position":1,"name":"Accueil","item":"https:\/\/www.collectifsrefugiesdromevaucluse.fr\/"},{"@type":"ListItem","position":2,"name":"Pierrelatte"}]},{"@type":"WebSite","@id":"https:\/\/www.collectifsrefugiesdromevaucluse.fr\/#website","url":"https:\/\/www.collectifsrefugiesdromevaucluse.fr\/","name":"Collectifs pour l'accueil des r\u00e9fugi\u00e9s en dr\u00f4me et vaucluse","description":"L&#039;accueil des r\u00e9fugi\u00e9s en Dr\u00f4me et Vaucluse","publisher":{"@id":"https:\/\/www.collectifsrefugiesdromevaucluse.fr\/#organization"},"potentialAction":[{"@type":"SearchAction","target":{"@type":"EntryPoint","urlTemplate":"https:\/\/www.collectifsrefugiesdromevaucluse.fr\/?s={search_term_string}"},"query-input":{"@type":"PropertyValueSpecification","valueRequired":true,"valueName":"search_term_string"}}],"inLanguage":"fr-FR"},{"@type":"Organization","@id":"https:\/\/www.collectifsrefugiesdromevaucluse.fr\/#organization","name":"Collectifs pour l'accueil des r\u00e9fugi\u00e9s en dr\u00f4me et vaucluse","url":"https:\/\/www.collectifsrefugiesdromevaucluse.fr\/","logo":{"@type":"ImageObject","inLanguage":"fr-FR","@id":"https:\/\/www.collectifsrefugiesdromevaucluse.fr\/#\/schema\/logo\/image\/","url":"https:\/\/www.collectifsrefugiesdromevaucluse.fr\/wp-content\/uploads\/2026\/02\/Logo-MP.png","contentUrl":"https:\/\/www.collectifsrefugiesdromevaucluse.fr\/wp-content\/uploads\/2026\/02\/Logo-MP.png","width":802,"height":734,"caption":"Collectifs pour l'accueil des r\u00e9fugi\u00e9s en dr\u00f4me et vaucluse"},"image":{"@id":"https:\/\/www.collectifsrefugiesdromevaucluse.fr\/#\/schema\/logo\/image\/"}}]}},"jetpack_sharing_enabled":true,"_links":{"self":[{"href":"https:\/\/www.collectifsrefugiesdromevaucluse.fr\/index.php\/wp-json\/wp\/v2\/pages\/1953","targetHints":{"allow":["GET"]}}],"collection":[{"href":"https:\/\/www.collectifsrefugiesdromevaucluse.fr\/index.php\/wp-json\/wp\/v2\/pages"}],"about":[{"href":"https:\/\/www.collectifsrefugiesdromevaucluse.fr\/index.php\/wp-json\/wp\/v2\/types\/page"}],"author":[{"embeddable":true,"href":"https:\/\/www.collectifsrefugiesdromevaucluse.fr\/index.php\/wp-json\/wp\/v2\/users\/1"}],"replies":[{"embeddable":true,"href":"https:\/\/www.collectifsrefugiesdromevaucluse.fr\/index.php\/wp-json\/wp\/v2\/comments?post=1953"}],"version-history":[{"count":3,"href":"https:\/\/www.collectifsrefugiesdromevaucluse.fr\/index.php\/wp-json\/wp\/v2\/pages\/1953\/revisions"}],"predecessor-version":[{"id":6834,"href":"https:\/\/www.collectifsrefugiesdromevaucluse.fr\/index.php\/wp-json\/wp\/v2\/pages\/1953\/revisions\/6834"}],"wp:attachment":[{"href":"https:\/\/www.collectifsrefugiesdromevaucluse.fr\/index.php\/wp-json\/wp\/v2\/media?parent=1953"}],"curies":[{"name":"wp","href":"https:\/\/api.w.org\/{rel}","templated":true}]}}