{"id":125,"date":"2016-03-06T15:05:01","date_gmt":"2016-03-06T14:05:01","guid":{"rendered":"https:\/\/refugiescollectifsdromesud.wordpress.com\/?page_id=125"},"modified":"2025-06-23T14:03:43","modified_gmt":"2025-06-23T12:03:43","slug":"vaison-la-romaine-26","status":"publish","type":"page","link":"https:\/\/www.collectifsrefugiesdromevaucluse.fr\/index.php\/vaison-la-romaine-26\/","title":{"rendered":"Vaison-la-Romaine"},"content":{"rendered":"<p style=\"text-align:center;\"><span style=\"color:#ff6600;\"><strong>Collectif d&#8217;Aide aux R\u00e9fugi\u00e9s en R\u00e9gion Vaisonnaise (CARRV)<br \/>\n(84110 VILLEDIEU) &#8211; Mise \u00e0 jour du 24 03 2017<\/strong><\/span><\/p>\n<p><a href=\"https:\/\/refugiescollectifsdromesud.wordpress.com\/2017\/03\/24\/aide-aux-refugies-en-region-vaisonnaise-84\/vaison-presentation-flyer-mars2017_modifie-1\/\" rel=\"attachment wp-att-1000\"><img loading=\"lazy\" decoding=\"async\" class=\"aligncenter wp-image-1000 size-full\" src=\"https:\/\/refugiescollectifsdromesud.wordpress.com\/wp-content\/uploads\/2017\/03\/vaison-presentation-flyer-mars2017_modific3a9-1.jpg\" alt=\"\" width=\"2057\" height=\"3384\"><\/a><\/p>\n<p style=\"text-align:center;\"><span style=\"color:#ff6600;\"><strong>Contacts: 04 90 37 62 98<\/strong><\/span><br \/>\n<span style=\"color:#ff6600;\"><strong>carrv@orange.fr<\/strong><\/span><\/p>\n<p style=\"text-align:justify;\">PRESENTATION DU COLLECTIF DE VAISON LA ROMAINE<br \/>\nLe 04\/03\/2016<\/p>\n<p style=\"text-align:justify;\"><strong><span style=\"color:#ff6600;\">Le Collectif d&#8217;Aide aux R\u00e9fugi\u00e9s en R\u00e9gion Vaisonnaise (CARRV)<\/span> <\/strong>s&#8217;est constitu\u00e9 le 1er&nbsp;octobre 2015, avec pour objectif de cr\u00e9er les conditions les meilleures pour accueillir des&nbsp;r\u00e9fugi\u00e9s fuyant les guerres.<\/p>\n<p style=\"text-align:justify;\">Il est ouvert \u00e0 toutes les bonnes volont\u00e9s et comp\u00e9tences, ce qui implique tr\u00e8s clairement qu&#8217;il&nbsp;ne soit ni politique ni confessionnel.<\/p>\n<p style=\"text-align:justify;\">Il compte \u00e0 ce jour 75 membres inscrits, r\u00e9sidant \u00e0 Vaison la Romaine et dans les communes&nbsp;proches. Il compte se constituer en association d\u00e8s que l&#8217;accueil des r\u00e9fugi\u00e9s sera effectif.<\/p>\n<p style=\"text-align:justify;\">L&#8217;accueil et l&#8217;aide aux personnes accueillies doivent se faire dans la dur\u00e9e, sur la base de&nbsp;l&#8217;offre d&#8217;un logement stable et d&#8217;une aide multiple o\u00f9 toutes les comp\u00e9tences sont regroup\u00e9es&nbsp;pour r\u00e9pondre aux besoins d&#8217;accompagnement des r\u00e9fugi\u00e9s et de leur famille vers leur insertion&nbsp;et leur autonomie sociale et &#8211; si possible &#8211; professionnelle dans notre pays.<\/p>\n<p style=\"text-align:justify;\"><strong><span style=\"color:#ff6600;\">Historique:<\/span><\/strong><br \/>\nDans les trois premiers mois de la vie du Collectif, au vu des comp\u00e9tences et des moyens&nbsp;mobilisables, la Pr\u00e9fecture du Vaucluse s&#8217;\u00e9tait engag\u00e9e \u00e0 proposer \u00e0 notre Collectif des r\u00e9fugi\u00e9s&nbsp;qui en ont obtenu le statut pour que nous aidions \u00e0 leur insertion.<\/p>\n<p style=\"text-align:justify;\">Mais en janvier 2016, de&nbsp;nouvelles consignes gouvernementales annulaient cette offre, et nous nous sommes retourn\u00e9s&nbsp;vers les organismes d&#8217;accueil et de transit des r\u00e9fugi\u00e9s.<\/p>\n<p style=\"text-align:justify;\"><strong><span style=\"color:#ff6600;\">Aujourd&#8217;hui (mars 2016):<\/span><\/strong><br \/>\nDes personnes priv\u00e9es mettent une maison \u00e0 la disposition d&#8217;une famille de r\u00e9fugi\u00e9s&nbsp;dans la haute ville de Vaison-la-Romaine.<\/p>\n<p style=\"text-align:justify;\">Une famille de Rakka (Syrie) avec 2 jeunes enfants, qui a fui l&#8217;Etat Islamique, doit&nbsp;prochainement dire si elle souhaite s&#8217;y installer pour s&#8217;ins\u00e9rer \u00e0 Vaison-la-Romaine. Elle a d\u00e9j\u00e0&nbsp;obtenu le statut de r\u00e9fugi\u00e9s.<\/p>\n<p style=\"text-align:justify;\"><span style=\"color:#ff6600;\"><strong>Contacts: 04 90 37 62 98<\/strong><\/span><br \/>\n<span style=\"color:#ff6600;\"><strong>carrv@orange.fr<\/strong><\/span><\/p>\n","protected":false},"excerpt":{"rendered":"<p>Collectif d&#8217;Aide aux R\u00e9fugi\u00e9s en R\u00e9gion Vaisonnaise (CARRV) (84110 VILLEDIEU) &#8211; Mise \u00e0 jour du 24 03 2017 Contacts: 04 90 37 62 98 carrv@orange.fr PRESENTATION DU COLLECTIF DE VAISON LA ROMAINE Le 04\/03\/2016 Le Collectif d&#8217;Aide aux R\u00e9fugi\u00e9s en R\u00e9gion Vaisonnaise (CARRV) s&#8217;est constitu\u00e9 le 1er&nbsp;octobre 2015, avec pour objectif de cr\u00e9er les conditions [&hellip;]<\/p>\n","protected":false},"author":1,"featured_media":151,"parent":0,"menu_order":0,"comment_status":"closed","ping_status":"closed","template":"","meta":{"footnotes":""},"class_list":["post-125","page","type-page","status-publish","has-post-thumbnail","hentry"],"yoast_head":"<!-- This site is optimized with the Yoast SEO plugin v27.5 - https:\/\/yoast.com\/product\/yoast-seo-wordpress\/ -->\n<title>Vaison-la-Romaine - Collectifs pour l&#039;accueil des r\u00e9fugi\u00e9s en dr\u00f4me et vaucluse<\/title>\n<meta name=\"robots\" content=\"index, follow, max-snippet:-1, max-image-preview:large, max-video-preview:-1\" \/>\n<link rel=\"canonical\" href=\"https:\/\/www.collectifsrefugiesdromevaucluse.fr\/index.php\/comites__trashed\/vaison-la-romaine-26\/\" \/>\n<meta property=\"og:locale\" content=\"fr_FR\" \/>\n<meta property=\"og:type\" content=\"article\" \/>\n<meta property=\"og:title\" content=\"Vaison-la-Romaine - Collectifs pour l&#039;accueil des r\u00e9fugi\u00e9s en dr\u00f4me et vaucluse\" \/>\n<meta property=\"og:description\" content=\"Collectif d&#8217;Aide aux R\u00e9fugi\u00e9s en R\u00e9gion Vaisonnaise (CARRV) (84110 VILLEDIEU) &#8211; Mise \u00e0 jour du 24 03 2017 Contacts: 04 90 37 62 98 carrv@orange.fr PRESENTATION DU COLLECTIF DE VAISON LA ROMAINE Le 04\/03\/2016 Le Collectif d&#8217;Aide aux R\u00e9fugi\u00e9s en R\u00e9gion Vaisonnaise (CARRV) s&#8217;est constitu\u00e9 le 1er&nbsp;octobre 2015, avec pour objectif de cr\u00e9er les conditions [&hellip;]\" \/>\n<meta property=\"og:url\" content=\"https:\/\/www.collectifsrefugiesdromevaucluse.fr\/index.php\/comites__trashed\/vaison-la-romaine-26\/\" \/>\n<meta property=\"og:site_name\" content=\"Collectifs pour l&#039;accueil des r\u00e9fugi\u00e9s en dr\u00f4me et vaucluse\" \/>\n<meta property=\"article:modified_time\" content=\"2025-06-23T12:03:43+00:00\" \/>\n<meta property=\"og:image\" content=\"https:\/\/www.collectifsrefugiesdromevaucluse.fr\/wp-content\/uploads\/2016\/03\/vaison_haute-ville_blog.jpg\" \/>\n\t<meta property=\"og:image:width\" content=\"1024\" \/>\n\t<meta property=\"og:image:height\" content=\"502\" \/>\n\t<meta property=\"og:image:type\" content=\"image\/jpeg\" \/>\n<meta name=\"twitter:card\" content=\"summary_large_image\" \/>\n<meta name=\"twitter:label1\" content=\"Dur\u00e9e de lecture estim\u00e9e\" \/>\n\t<meta name=\"twitter:data1\" content=\"2 minutes\" \/>\n<script type=\"application\/ld+json\" class=\"yoast-schema-graph\">{\"@context\":\"https:\\\/\\\/schema.org\",\"@graph\":[{\"@type\":\"WebPage\",\"@id\":\"https:\\\/\\\/www.collectifsrefugiesdromevaucluse.fr\\\/index.php\\\/comites__trashed\\\/vaison-la-romaine-26\\\/\",\"url\":\"https:\\\/\\\/www.collectifsrefugiesdromevaucluse.fr\\\/index.php\\\/comites__trashed\\\/vaison-la-romaine-26\\\/\",\"name\":\"Vaison-la-Romaine - Collectifs pour l&#039;accueil des r\u00e9fugi\u00e9s en dr\u00f4me et vaucluse\",\"isPartOf\":{\"@id\":\"https:\\\/\\\/www.collectifsrefugiesdromevaucluse.fr\\\/#website\"},\"primaryImageOfPage\":{\"@id\":\"https:\\\/\\\/www.collectifsrefugiesdromevaucluse.fr\\\/index.php\\\/comites__trashed\\\/vaison-la-romaine-26\\\/#primaryimage\"},\"image\":{\"@id\":\"https:\\\/\\\/www.collectifsrefugiesdromevaucluse.fr\\\/index.php\\\/comites__trashed\\\/vaison-la-romaine-26\\\/#primaryimage\"},\"thumbnailUrl\":\"https:\\\/\\\/www.collectifsrefugiesdromevaucluse.fr\\\/wp-content\\\/uploads\\\/2016\\\/03\\\/vaison_haute-ville_blog.jpg\",\"datePublished\":\"2016-03-06T14:05:01+00:00\",\"dateModified\":\"2025-06-23T12:03:43+00:00\",\"breadcrumb\":{\"@id\":\"https:\\\/\\\/www.collectifsrefugiesdromevaucluse.fr\\\/index.php\\\/comites__trashed\\\/vaison-la-romaine-26\\\/#breadcrumb\"},\"inLanguage\":\"fr-FR\",\"potentialAction\":[{\"@type\":\"ReadAction\",\"target\":[\"https:\\\/\\\/www.collectifsrefugiesdromevaucluse.fr\\\/index.php\\\/comites__trashed\\\/vaison-la-romaine-26\\\/\"]}]},{\"@type\":\"ImageObject\",\"inLanguage\":\"fr-FR\",\"@id\":\"https:\\\/\\\/www.collectifsrefugiesdromevaucluse.fr\\\/index.php\\\/comites__trashed\\\/vaison-la-romaine-26\\\/#primaryimage\",\"url\":\"https:\\\/\\\/www.collectifsrefugiesdromevaucluse.fr\\\/wp-content\\\/uploads\\\/2016\\\/03\\\/vaison_haute-ville_blog.jpg\",\"contentUrl\":\"https:\\\/\\\/www.collectifsrefugiesdromevaucluse.fr\\\/wp-content\\\/uploads\\\/2016\\\/03\\\/vaison_haute-ville_blog.jpg\",\"width\":1024,\"height\":502,\"caption\":\"Vaison-la-Romaine\"},{\"@type\":\"BreadcrumbList\",\"@id\":\"https:\\\/\\\/www.collectifsrefugiesdromevaucluse.fr\\\/index.php\\\/comites__trashed\\\/vaison-la-romaine-26\\\/#breadcrumb\",\"itemListElement\":[{\"@type\":\"ListItem\",\"position\":1,\"name\":\"Accueil\",\"item\":\"https:\\\/\\\/www.collectifsrefugiesdromevaucluse.fr\\\/\"},{\"@type\":\"ListItem\",\"position\":2,\"name\":\"Vaison-la-Romaine\"}]},{\"@type\":\"WebSite\",\"@id\":\"https:\\\/\\\/www.collectifsrefugiesdromevaucluse.fr\\\/#website\",\"url\":\"https:\\\/\\\/www.collectifsrefugiesdromevaucluse.fr\\\/\",\"name\":\"Collectifs pour l'accueil des r\u00e9fugi\u00e9s en dr\u00f4me et vaucluse\",\"description\":\"L&#039;accueil des r\u00e9fugi\u00e9s en Dr\u00f4me et Vaucluse\",\"publisher\":{\"@id\":\"https:\\\/\\\/www.collectifsrefugiesdromevaucluse.fr\\\/#organization\"},\"potentialAction\":[{\"@type\":\"SearchAction\",\"target\":{\"@type\":\"EntryPoint\",\"urlTemplate\":\"https:\\\/\\\/www.collectifsrefugiesdromevaucluse.fr\\\/?s={search_term_string}\"},\"query-input\":{\"@type\":\"PropertyValueSpecification\",\"valueRequired\":true,\"valueName\":\"search_term_string\"}}],\"inLanguage\":\"fr-FR\"},{\"@type\":\"Organization\",\"@id\":\"https:\\\/\\\/www.collectifsrefugiesdromevaucluse.fr\\\/#organization\",\"name\":\"Collectifs pour l'accueil des r\u00e9fugi\u00e9s en dr\u00f4me et vaucluse\",\"url\":\"https:\\\/\\\/www.collectifsrefugiesdromevaucluse.fr\\\/\",\"logo\":{\"@type\":\"ImageObject\",\"inLanguage\":\"fr-FR\",\"@id\":\"https:\\\/\\\/www.collectifsrefugiesdromevaucluse.fr\\\/#\\\/schema\\\/logo\\\/image\\\/\",\"url\":\"https:\\\/\\\/www.collectifsrefugiesdromevaucluse.fr\\\/wp-content\\\/uploads\\\/2026\\\/02\\\/Logo-MP.png\",\"contentUrl\":\"https:\\\/\\\/www.collectifsrefugiesdromevaucluse.fr\\\/wp-content\\\/uploads\\\/2026\\\/02\\\/Logo-MP.png\",\"width\":802,\"height\":734,\"caption\":\"Collectifs pour l'accueil des r\u00e9fugi\u00e9s en dr\u00f4me et vaucluse\"},\"image\":{\"@id\":\"https:\\\/\\\/www.collectifsrefugiesdromevaucluse.fr\\\/#\\\/schema\\\/logo\\\/image\\\/\"}}]}<\/script>\n<!-- \/ Yoast SEO plugin. -->","yoast_head_json":{"title":"Vaison-la-Romaine - Collectifs pour l&#039;accueil des r\u00e9fugi\u00e9s en dr\u00f4me et vaucluse","robots":{"index":"index","follow":"follow","max-snippet":"max-snippet:-1","max-image-preview":"max-image-preview:large","max-video-preview":"max-video-preview:-1"},"canonical":"https:\/\/www.collectifsrefugiesdromevaucluse.fr\/index.php\/comites__trashed\/vaison-la-romaine-26\/","og_locale":"fr_FR","og_type":"article","og_title":"Vaison-la-Romaine - Collectifs pour l&#039;accueil des r\u00e9fugi\u00e9s en dr\u00f4me et vaucluse","og_description":"Collectif d&#8217;Aide aux R\u00e9fugi\u00e9s en R\u00e9gion Vaisonnaise (CARRV) (84110 VILLEDIEU) &#8211; Mise \u00e0 jour du 24 03 2017 Contacts: 04 90 37 62 98 carrv@orange.fr PRESENTATION DU COLLECTIF DE VAISON LA ROMAINE Le 04\/03\/2016 Le Collectif d&#8217;Aide aux R\u00e9fugi\u00e9s en R\u00e9gion Vaisonnaise (CARRV) s&#8217;est constitu\u00e9 le 1er&nbsp;octobre 2015, avec pour objectif de cr\u00e9er les conditions [&hellip;]","og_url":"https:\/\/www.collectifsrefugiesdromevaucluse.fr\/index.php\/comites__trashed\/vaison-la-romaine-26\/","og_site_name":"Collectifs pour l&#039;accueil des r\u00e9fugi\u00e9s en dr\u00f4me et vaucluse","article_modified_time":"2025-06-23T12:03:43+00:00","og_image":[{"width":1024,"height":502,"url":"https:\/\/www.collectifsrefugiesdromevaucluse.fr\/wp-content\/uploads\/2016\/03\/vaison_haute-ville_blog.jpg","type":"image\/jpeg"}],"twitter_card":"summary_large_image","twitter_misc":{"Dur\u00e9e de lecture estim\u00e9e":"2 minutes"},"schema":{"@context":"https:\/\/schema.org","@graph":[{"@type":"WebPage","@id":"https:\/\/www.collectifsrefugiesdromevaucluse.fr\/index.php\/comites__trashed\/vaison-la-romaine-26\/","url":"https:\/\/www.collectifsrefugiesdromevaucluse.fr\/index.php\/comites__trashed\/vaison-la-romaine-26\/","name":"Vaison-la-Romaine - Collectifs pour l&#039;accueil des r\u00e9fugi\u00e9s en dr\u00f4me et vaucluse","isPartOf":{"@id":"https:\/\/www.collectifsrefugiesdromevaucluse.fr\/#website"},"primaryImageOfPage":{"@id":"https:\/\/www.collectifsrefugiesdromevaucluse.fr\/index.php\/comites__trashed\/vaison-la-romaine-26\/#primaryimage"},"image":{"@id":"https:\/\/www.collectifsrefugiesdromevaucluse.fr\/index.php\/comites__trashed\/vaison-la-romaine-26\/#primaryimage"},"thumbnailUrl":"https:\/\/www.collectifsrefugiesdromevaucluse.fr\/wp-content\/uploads\/2016\/03\/vaison_haute-ville_blog.jpg","datePublished":"2016-03-06T14:05:01+00:00","dateModified":"2025-06-23T12:03:43+00:00","breadcrumb":{"@id":"https:\/\/www.collectifsrefugiesdromevaucluse.fr\/index.php\/comites__trashed\/vaison-la-romaine-26\/#breadcrumb"},"inLanguage":"fr-FR","potentialAction":[{"@type":"ReadAction","target":["https:\/\/www.collectifsrefugiesdromevaucluse.fr\/index.php\/comites__trashed\/vaison-la-romaine-26\/"]}]},{"@type":"ImageObject","inLanguage":"fr-FR","@id":"https:\/\/www.collectifsrefugiesdromevaucluse.fr\/index.php\/comites__trashed\/vaison-la-romaine-26\/#primaryimage","url":"https:\/\/www.collectifsrefugiesdromevaucluse.fr\/wp-content\/uploads\/2016\/03\/vaison_haute-ville_blog.jpg","contentUrl":"https:\/\/www.collectifsrefugiesdromevaucluse.fr\/wp-content\/uploads\/2016\/03\/vaison_haute-ville_blog.jpg","width":1024,"height":502,"caption":"Vaison-la-Romaine"},{"@type":"BreadcrumbList","@id":"https:\/\/www.collectifsrefugiesdromevaucluse.fr\/index.php\/comites__trashed\/vaison-la-romaine-26\/#breadcrumb","itemListElement":[{"@type":"ListItem","position":1,"name":"Accueil","item":"https:\/\/www.collectifsrefugiesdromevaucluse.fr\/"},{"@type":"ListItem","position":2,"name":"Vaison-la-Romaine"}]},{"@type":"WebSite","@id":"https:\/\/www.collectifsrefugiesdromevaucluse.fr\/#website","url":"https:\/\/www.collectifsrefugiesdromevaucluse.fr\/","name":"Collectifs pour l'accueil des r\u00e9fugi\u00e9s en dr\u00f4me et vaucluse","description":"L&#039;accueil des r\u00e9fugi\u00e9s en Dr\u00f4me et Vaucluse","publisher":{"@id":"https:\/\/www.collectifsrefugiesdromevaucluse.fr\/#organization"},"potentialAction":[{"@type":"SearchAction","target":{"@type":"EntryPoint","urlTemplate":"https:\/\/www.collectifsrefugiesdromevaucluse.fr\/?s={search_term_string}"},"query-input":{"@type":"PropertyValueSpecification","valueRequired":true,"valueName":"search_term_string"}}],"inLanguage":"fr-FR"},{"@type":"Organization","@id":"https:\/\/www.collectifsrefugiesdromevaucluse.fr\/#organization","name":"Collectifs pour l'accueil des r\u00e9fugi\u00e9s en dr\u00f4me et vaucluse","url":"https:\/\/www.collectifsrefugiesdromevaucluse.fr\/","logo":{"@type":"ImageObject","inLanguage":"fr-FR","@id":"https:\/\/www.collectifsrefugiesdromevaucluse.fr\/#\/schema\/logo\/image\/","url":"https:\/\/www.collectifsrefugiesdromevaucluse.fr\/wp-content\/uploads\/2026\/02\/Logo-MP.png","contentUrl":"https:\/\/www.collectifsrefugiesdromevaucluse.fr\/wp-content\/uploads\/2026\/02\/Logo-MP.png","width":802,"height":734,"caption":"Collectifs pour l'accueil des r\u00e9fugi\u00e9s en dr\u00f4me et vaucluse"},"image":{"@id":"https:\/\/www.collectifsrefugiesdromevaucluse.fr\/#\/schema\/logo\/image\/"}}]}},"jetpack_sharing_enabled":true,"_links":{"self":[{"href":"https:\/\/www.collectifsrefugiesdromevaucluse.fr\/index.php\/wp-json\/wp\/v2\/pages\/125","targetHints":{"allow":["GET"]}}],"collection":[{"href":"https:\/\/www.collectifsrefugiesdromevaucluse.fr\/index.php\/wp-json\/wp\/v2\/pages"}],"about":[{"href":"https:\/\/www.collectifsrefugiesdromevaucluse.fr\/index.php\/wp-json\/wp\/v2\/types\/page"}],"author":[{"embeddable":true,"href":"https:\/\/www.collectifsrefugiesdromevaucluse.fr\/index.php\/wp-json\/wp\/v2\/users\/1"}],"replies":[{"embeddable":true,"href":"https:\/\/www.collectifsrefugiesdromevaucluse.fr\/index.php\/wp-json\/wp\/v2\/comments?post=125"}],"version-history":[{"count":4,"href":"https:\/\/www.collectifsrefugiesdromevaucluse.fr\/index.php\/wp-json\/wp\/v2\/pages\/125\/revisions"}],"predecessor-version":[{"id":6821,"href":"https:\/\/www.collectifsrefugiesdromevaucluse.fr\/index.php\/wp-json\/wp\/v2\/pages\/125\/revisions\/6821"}],"wp:featuredmedia":[{"embeddable":true,"href":"https:\/\/www.collectifsrefugiesdromevaucluse.fr\/index.php\/wp-json\/wp\/v2\/media\/151"}],"wp:attachment":[{"href":"https:\/\/www.collectifsrefugiesdromevaucluse.fr\/index.php\/wp-json\/wp\/v2\/media?parent=125"}],"curies":[{"name":"wp","href":"https:\/\/api.w.org\/{rel}","templated":true}]}}